{"id":9039,"date":"2021-01-28T09:44:22","date_gmt":"2021-01-28T09:44:22","guid":{"rendered":"https:\/\/mouldking.store\/shop\/mould-king-13057s-1-8-linbaoginni-sierne\/"},"modified":"2023-02-07T04:43:37","modified_gmt":"2023-02-06T21:43:37","slug":"mould-king-13057s-1-8-linbaoginni-sierne","status":"publish","type":"product","link":"https:\/\/mouldking.store\/es\/shop\/mould-king-13057s-1-8-linbaoginni-sierne\/","title":{"rendered":"MOLD KING 13057S 1:8 Lamborghini Hyper Green Version con 3819 Piezas"},"content":{"rendered":"<p>Informaci\u00f3n del Producto:<\/p>\n<ol>\n<li>Tipo: Bloques<\/li>\n<li>G\u00e9nero: Unisex<\/li>\n<li>Advertencia: no se puede comer<\/li>\n<li>Rango de edad: &gt; 6 a\u00f1os<\/li>\n<li>Model Number:\u00a013057S<\/li>\n<li>Clasificaci\u00f3n: Ensamblaje<\/li>\n<li>Forma de bloque de pl\u00e1stico: Ladrillos autoblocantes<\/li>\n<li>Material: Pl\u00e1stico<\/li>\n<li>Tipo de pl\u00e1stico: ABS<\/li>\n<li>Bricks Blocks: ~3819+PCS<\/li>\n<li>Contiene instrucciones de montaje detalladas.<\/li>\n<li><span style=\"color: #ff2a00;\"><span style=\"color: #000000;\">El paquete de piezas PF se vende por separado, contiene:\u00a0<\/span><strong>L<\/strong><strong>\u00a0Motor x1, servomotor x1, motores XL x2, caja de bater\u00eda de litio de 2,4G x1, controlador de 2,4G x1, cable de extensi\u00f3n del motor x2<\/strong><\/span><\/li>\n<li><span style=\"color: #ff2a00;\"><strong>enlace de la aplicaci\u00f3n<\/strong>: <span style=\"color: #000000;\">if can&#8217;t get app through QR code, just pls contact seller to get it.<\/span><\/span><\/li>\n<\/ol>\n<p>Aviso:<br \/>\n1. Sin caja original, pero garantizamos que nuestros productos tienen garant\u00eda de calidad y un buen embalaje.<br \/>\n2. Como todas las piezas que hemos comprobado antes del env\u00edo, si encuentra que faltan piezas o est\u00e1n da\u00f1adas, no se preocupe y p\u00f3ngase en contacto con nosotros y podemos reenvi\u00e1rselas inmediatamente de forma gratuita.<\/p>","protected":false},"excerpt":{"rendered":"<p>Product information: Type: Blocks Gender: Unisex Warning: can not eat Age Range: &gt; 6 years old Model Number:\u00a013057S Classification: Assemblage Plastic Block Shape: Self-Locking Bricks Material: Plastic Plastic Type: ABS Bricks Blocks: ~3819+PCS Contains detailed assembly instructions PF parts package are sold seperately, it contain:\u00a0L\u00a0Motor x1 , Servo Motor\u00a0x1, XL\u00a0Motors x2, 2.4G lithium Battery Box [&hellip;]<\/p>","protected":false},"featured_media":9668,"comment_status":"open","ping_status":"closed","template":"","meta":{"_acf_changed":false},"product_cat":[371,364],"product_tag":[598,941,942,943,940,366,166],"class_list":["product","first","instock","sale","shipping-taxable","purchasable","product-type-variable"],"acf":[],"_links":{"self":[{"href":"https:\/\/mouldking.store\/es\/wp-json\/wp\/v2\/product\/9039","targetHints":{"allow":["GET"]}}],"collection":[{"href":"https:\/\/mouldking.store\/es\/wp-json\/wp\/v2\/product"}],"about":[{"href":"https:\/\/mouldking.store\/es\/wp-json\/wp\/v2\/types\/product"}],"replies":[{"embeddable":true,"href":"https:\/\/mouldking.store\/es\/wp-json\/wp\/v2\/comments?post=9039"}],"wp:featuredmedia":[{"embeddable":true,"href":"https:\/\/mouldking.store\/es\/wp-json\/wp\/v2\/media\/9668"}],"wp:attachment":[{"href":"https:\/\/mouldking.store\/es\/wp-json\/wp\/v2\/media?parent=9039"}],"wp:term":[{"taxonomy":"product_cat","embeddable":true,"href":"https:\/\/mouldking.store\/es\/wp-json\/wp\/v2\/product_cat?post=9039"},{"taxonomy":"product_tag","embeddable":true,"href":"https:\/\/mouldking.store\/es\/wp-json\/wp\/v2\/product_tag?post=9039"}],"curies":[{"name":"wp","href":"https:\/\/api.w.org\/{rel}","templated":true}]}}