{"id":9063,"date":"2021-01-28T09:44:25","date_gmt":"2021-01-28T09:44:25","guid":{"rendered":"https:\/\/mouldking.store\/shop\/mould-king-22004-hogwarts-school-of-witchcraft-and-wizardry\/"},"modified":"2021-12-23T09:56:18","modified_gmt":"2021-12-23T09:56:18","slug":"mould-king-22004-hogwarts-school-of-witchcraft-and-wizardry","status":"publish","type":"product","link":"https:\/\/mouldking.store\/es\/shop\/mould-king-22004-hogwarts-school-of-witchcraft-and-wizardry\/","title":{"rendered":"MOLDE REY 22004 Colegio Hogwarts de Magia y Hechicer\u00eda con 6862 Piezas"},"content":{"rendered":"<p>Informaci\u00f3n del Producto:<\/p>\n<ol>\n<li>Tipo: Bloques<\/li>\n<li>G\u00e9nero: Unisex<\/li>\n<li>Advertencia: no se puede comer<\/li>\n<li>Rango de edad: &gt; 6 a\u00f1os<\/li>\n<li>N\u00famero de modelo: 22004<\/li>\n<li>Clasificaci\u00f3n: Ensamblaje<\/li>\n<li>Forma de bloque de pl\u00e1stico: Ladrillos autoblocantes<\/li>\n<li>Material: Pl\u00e1stico<\/li>\n<li>Tipo de pl\u00e1stico: ABS<\/li>\n<li>Bloques de ladrillos: 6862 PCS<\/li>\n<li>Contiene instrucciones de montaje detalladas.<\/li>\n<\/ol>\n<p>Aviso:<br \/>\n1. Sin caja original, pero garantizamos que nuestros productos tienen garant\u00eda de calidad y un buen embalaje.<br \/>\n2. Como todas las piezas que hemos comprobado antes del env\u00edo, si encuentra que faltan piezas o est\u00e1n da\u00f1adas, no se preocupe y p\u00f3ngase en contacto con nosotros y podemos reenvi\u00e1rselas inmediatamente de forma gratuita.<\/p>\n<p><a href=\"https:\/\/mouldking.store\/wp-content\/uploads\/2021\/06\/mould-king-22004-hogwarts-school-of-witchcraft-and-wizardry-with-6862-pieces.jpg\"><img fetchpriority=\"high\" decoding=\"async\" class=\"wp-image-11331 size-full aligncenter\" title=\"MOLDE REY 22004 Colegio Hogwarts de Magia y Hechicer\u00eda con 6862 Piezas\" src=\"https:\/\/mouldking.store\/wp-content\/uploads\/2021\/06\/mould-king-22004-hogwarts-school-of-witchcraft-and-wizardry-with-6862-pieces.jpg\" alt=\"MOULD KING 22004 Hogwarts School of Witchcraft and Wizardry with 6862 Pieces\" width=\"800\" height=\"800\" srcset=\"https:\/\/mouldking.store\/wp-content\/uploads\/2021\/06\/mould-king-22004-hogwarts-school-of-witchcraft-and-wizardry-with-6862-pieces.jpg 800w, https:\/\/mouldking.store\/wp-content\/uploads\/2021\/06\/mould-king-22004-hogwarts-school-of-witchcraft-and-wizardry-with-6862-pieces-300x300.jpg 300w, https:\/\/mouldking.store\/wp-content\/uploads\/2021\/06\/mould-king-22004-hogwarts-school-of-witchcraft-and-wizardry-with-6862-pieces-768x768.jpg 768w, https:\/\/mouldking.store\/wp-content\/uploads\/2021\/06\/mould-king-22004-hogwarts-school-of-witchcraft-and-wizardry-with-6862-pieces-600x600.jpg 600w, https:\/\/mouldking.store\/wp-content\/uploads\/2021\/06\/mould-king-22004-hogwarts-school-of-witchcraft-and-wizardry-with-6862-pieces-150x150.jpg 150w\" sizes=\"(max-width: 800px) 100vw, 800px\" \/><\/a><\/p>","protected":false},"excerpt":{"rendered":"<p>Product information: Type: Blocks Gender: Unisex Warning: can not eat Age Range: &gt; 6 years old Model Number: 22004 Classification: Assemblage Plastic Block Shape: Self-Locking Bricks Material: Plastic Plastic Type: ABS Bricks Blocks: 6862 PCS Contains detailed assembly instructions. Notice: 1. Without an original box, but we guarantee our products have quality assurance and nice [&hellip;]<\/p>","protected":false},"featured_media":11331,"comment_status":"open","ping_status":"closed","template":"","meta":{"_acf_changed":false},"product_cat":[581],"product_tag":[920,914,919,915,918,916,917,174],"class_list":["product","first","instock","sale","shipping-taxable","purchasable","product-type-simple"],"acf":[],"_links":{"self":[{"href":"https:\/\/mouldking.store\/es\/wp-json\/wp\/v2\/product\/9063","targetHints":{"allow":["GET"]}}],"collection":[{"href":"https:\/\/mouldking.store\/es\/wp-json\/wp\/v2\/product"}],"about":[{"href":"https:\/\/mouldking.store\/es\/wp-json\/wp\/v2\/types\/product"}],"replies":[{"embeddable":true,"href":"https:\/\/mouldking.store\/es\/wp-json\/wp\/v2\/comments?post=9063"}],"wp:featuredmedia":[{"embeddable":true,"href":"https:\/\/mouldking.store\/es\/wp-json\/wp\/v2\/media\/11331"}],"wp:attachment":[{"href":"https:\/\/mouldking.store\/es\/wp-json\/wp\/v2\/media?parent=9063"}],"wp:term":[{"taxonomy":"product_cat","embeddable":true,"href":"https:\/\/mouldking.store\/es\/wp-json\/wp\/v2\/product_cat?post=9063"},{"taxonomy":"product_tag","embeddable":true,"href":"https:\/\/mouldking.store\/es\/wp-json\/wp\/v2\/product_tag?post=9063"}],"curies":[{"name":"wp","href":"https:\/\/api.w.org\/{rel}","templated":true}]}}