{"id":9229,"date":"2021-01-28T09:44:53","date_gmt":"2021-01-28T09:44:53","guid":{"rendered":"https:\/\/mouldking.store\/shop\/mould-king-13075-1-8-c63\/"},"modified":"2025-12-25T09:28:24","modified_gmt":"2025-12-25T02:28:24","slug":"mould-king-13075-1-8-c63","status":"publish","type":"product","link":"https:\/\/mouldking.store\/es\/shop\/mould-king-13075-1-8-c63\/","title":{"rendered":"MOLDE REY 13075 MOC-6687 Blanco Mercedes-Benz AMG C63 DTM con 2270 Piezas"},"content":{"rendered":"<p>Informaci\u00f3n del Producto:<\/p>\n<ol>\n<li>Tipo: Bloques<\/li>\n<li>Advertencia: no se puede comer<\/li>\n<li>Rango de edad: &gt; 6 a\u00f1os<\/li>\n<li>Model Number:\u00a013075<\/li>\n<li>Clasificaci\u00f3n: Ensamblaje<\/li>\n<li>Forma de bloque de pl\u00e1stico: Ladrillos autoblocantes<\/li>\n<li>Material: Pl\u00e1stico<\/li>\n<li>Tipo de pl\u00e1stico: ABS<\/li>\n<li>Bricks Blocks: 2270+PCS\u00a0<strong>\uff08<span style=\"color: #ff2a00;\">static version<\/span>\uff09<\/strong><\/li>\n<li>Contiene instrucciones de montaje detalladas.<\/li>\n<\/ol>\n<p>Aviso:<br \/>\n1. Sin caja original, pero garantizamos que nuestros productos tienen garant\u00eda de calidad y un buen embalaje.<br \/>\n2. Como todas las piezas que hemos comprobado antes del env\u00edo, si encuentra que faltan piezas o est\u00e1n da\u00f1adas, no se preocupe y p\u00f3ngase en contacto con nosotros y podemos reenvi\u00e1rselas inmediatamente de forma gratuita.<\/p>","protected":false},"excerpt":{"rendered":"<p>Product information: Type: Blocks Warning: can not eat Age Range: &gt; 6 years old Model Number:\u00a013075 Classification: Assemblage Plastic Block Shape: Self-Locking Bricks Material: Plastic Plastic Type: ABS Bricks Blocks: 2270+PCS\u00a0\uff08static version\uff09 Contains detailed assembly instructions Notice: 1. Without original box, but we guarantee our products have quality assurance and nice packaging. 2. As all [&hellip;]<\/p>","protected":false},"featured_media":10031,"comment_status":"open","ping_status":"closed","template":"","meta":{"_acf_changed":false},"product_cat":[364],"product_tag":[717,718,715,716,430,713,462,712,366,709,710,480,711,166,714],"class_list":["product","first","instock","sale","shipping-taxable","purchasable","product-type-simple"],"acf":[],"_links":{"self":[{"href":"https:\/\/mouldking.store\/es\/wp-json\/wp\/v2\/product\/9229","targetHints":{"allow":["GET"]}}],"collection":[{"href":"https:\/\/mouldking.store\/es\/wp-json\/wp\/v2\/product"}],"about":[{"href":"https:\/\/mouldking.store\/es\/wp-json\/wp\/v2\/types\/product"}],"replies":[{"embeddable":true,"href":"https:\/\/mouldking.store\/es\/wp-json\/wp\/v2\/comments?post=9229"}],"wp:featuredmedia":[{"embeddable":true,"href":"https:\/\/mouldking.store\/es\/wp-json\/wp\/v2\/media\/10031"}],"wp:attachment":[{"href":"https:\/\/mouldking.store\/es\/wp-json\/wp\/v2\/media?parent=9229"}],"wp:term":[{"taxonomy":"product_cat","embeddable":true,"href":"https:\/\/mouldking.store\/es\/wp-json\/wp\/v2\/product_cat?post=9229"},{"taxonomy":"product_tag","embeddable":true,"href":"https:\/\/mouldking.store\/es\/wp-json\/wp\/v2\/product_tag?post=9229"}],"curies":[{"name":"wp","href":"https:\/\/api.w.org\/{rel}","templated":true}]}}