{"id":9253,"date":"2021-01-28T09:44:59","date_gmt":"2021-01-28T09:44:59","guid":{"rendered":"https:\/\/mouldking.store\/shop\/mould-king-13132-disney-castle\/"},"modified":"2021-12-23T09:54:55","modified_gmt":"2021-12-23T09:54:55","slug":"mould-king-13132-disney-castle","status":"publish","type":"product","link":"https:\/\/mouldking.store\/es\/shop\/mould-king-13132-disney-castle\/","title":{"rendered":"MOLDE REY 13132 Para\u00edso-Castillo"},"content":{"rendered":"<ul>\n<li>Informaci\u00f3n del Producto:<\/li>\n<\/ul>\n<ol>\n<li>Model Number:\u00a013132<\/li>\n<li>Advertencia: no se puede comer<\/li>\n<li>Rango de edad: &gt; 12 a\u00f1os<\/li>\n<li><span class=\"propery-title\">Certificaci\u00f3n:\u00a0<\/span><span class=\"propery-des\" title=\"3C\">3C<\/span><\/li>\n<li>Clasificaci\u00f3n: Ensamblaje<\/li>\n<li>Forma de bloque de pl\u00e1stico: Ladrillos autoblocantes<\/li>\n<li>Material: Pl\u00e1stico<\/li>\n<li>Tipo de pl\u00e1stico: ABS<\/li>\n<li>Bricks Blocks: ~8388+PCS<\/li>\n<li>Contain instructions<\/li>\n<\/ol>\n<ul>\n<li>Aviso:<\/li>\n<\/ul>\n<ol>\n<li>Sin caja original, pero garantizamos que nuestros productos tienen garant\u00eda de calidad y buen empaque.<\/li>\n<li>Como todas las piezas que hemos verificado antes del env\u00edo, si encuentra algunas piezas faltantes o da\u00f1adas, no se preocupe y simplemente cont\u00e1ctenos y podemos reenvi\u00e1rselas de inmediato de forma gratuita.<\/li>\n<\/ol>\n<p>&nbsp;<\/p>","protected":false},"excerpt":{"rendered":"<p>Product information: Model Number:\u00a013132 Warning: can not eat Age Range: &gt;\u00a012 years old Certification:\u00a03C Classification: Assemblage Plastic Block Shape: Self-Locking Bricks Material: Plastic Plastic Type: ABS Bricks Blocks: ~8388+PCS Contain instructions Notice: Without original box, but we guarantee our products have quality assurance and nice packaging. As all the parts we have checked before shipping, [&hellip;]<\/p>","protected":false},"featured_media":10125,"comment_status":"open","ping_status":"closed","template":"","meta":{"_acf_changed":false},"product_cat":[390],"product_tag":[1288,1287,1289],"class_list":["product","first","instock","sale","shipping-taxable","purchasable","product-type-simple"],"acf":[],"_links":{"self":[{"href":"https:\/\/mouldking.store\/es\/wp-json\/wp\/v2\/product\/9253","targetHints":{"allow":["GET"]}}],"collection":[{"href":"https:\/\/mouldking.store\/es\/wp-json\/wp\/v2\/product"}],"about":[{"href":"https:\/\/mouldking.store\/es\/wp-json\/wp\/v2\/types\/product"}],"replies":[{"embeddable":true,"href":"https:\/\/mouldking.store\/es\/wp-json\/wp\/v2\/comments?post=9253"}],"wp:featuredmedia":[{"embeddable":true,"href":"https:\/\/mouldking.store\/es\/wp-json\/wp\/v2\/media\/10125"}],"wp:attachment":[{"href":"https:\/\/mouldking.store\/es\/wp-json\/wp\/v2\/media?parent=9253"}],"wp:term":[{"taxonomy":"product_cat","embeddable":true,"href":"https:\/\/mouldking.store\/es\/wp-json\/wp\/v2\/product_cat?post=9253"},{"taxonomy":"product_tag","embeddable":true,"href":"https:\/\/mouldking.store\/es\/wp-json\/wp\/v2\/product_tag?post=9253"}],"curies":[{"name":"wp","href":"https:\/\/api.w.org\/{rel}","templated":true}]}}