{"id":9254,"date":"2021-01-28T09:44:59","date_gmt":"2021-01-28T02:44:59","guid":{"rendered":"https:\/\/mouldking.store\/shop\/mould-king-13130-liebherr-terex-rh400-mining-excavator\/"},"modified":"2025-12-25T09:28:22","modified_gmt":"2025-12-25T02:28:22","slug":"mould-king-13130-liebherr-terex-rh400-mining-excavator","status":"publish","type":"product","link":"https:\/\/mouldking.store\/es\/shop\/mould-king-13130-liebherr-terex-rh400-mining-excavator\/","title":{"rendered":"MOULD KING 13130 MOC-1874 Terex RH400 Mining Excavator"},"content":{"rendered":"<ul>\n<li>Informaci\u00f3n del Producto:<\/li>\n<\/ul>\n<ol>\n<li>Model Number: MOULD KING 13130<\/li>\n<li>Advertencia: no se puede comer<\/li>\n<li>Rango de edad: &gt; 12 a\u00f1os<\/li>\n<li><span class=\"propery-title\">Certificaci\u00f3n:\u00a0<\/span><span class=\"propery-des\" title=\"3C\">3C<\/span><\/li>\n<li>Clasificaci\u00f3n: Ensamblaje<\/li>\n<li>Forma de bloque de pl\u00e1stico: Ladrillos autoblocantes<\/li>\n<li>Material: Pl\u00e1stico<\/li>\n<li>Tipo de pl\u00e1stico: ABS<\/li>\n<li>Bricks Blocks: ~4415+PCS<\/li>\n<li>Contain instructions, PF parts<\/li>\n<li><strong><span style=\"color: #ff2a00\">enlace de la aplicaci\u00f3n<\/span><\/strong>: si no puede obtener la aplicaci\u00f3n a trav\u00e9s del c\u00f3digo QR, solo p\u00f3ngase en contacto con el vendedor para obtenerla.<\/li>\n<\/ol>\n<ul>\n<li>Aviso:<\/li>\n<\/ul>\n<ol>\n<li>Sin caja original, pero garantizamos que nuestros productos tienen garant\u00eda de calidad y buen empaque.<\/li>\n<li>Como todas las piezas que hemos verificado antes del env\u00edo, si encuentra algunas piezas faltantes o da\u00f1adas, no se preocupe y simplemente cont\u00e1ctenos y podemos reenvi\u00e1rselas de inmediato de forma gratuita.<\/li>\n<\/ol>","protected":false},"excerpt":{"rendered":"<p>Product information: Model Number: MOULD KING 13130 Warning: can not eat Age Range: &gt;\u00a012 years old Certification:\u00a03C Classification: Assemblage Plastic Block Shape: Self-Locking Bricks Material: Plastic Plastic Type: ABS Bricks Blocks: ~4415+PCS Contain instructions, PF parts APP link: if can&#8217;t get app through QR code, just pls contact seller to get it. Notice: Without original [&hellip;]<\/p>","protected":false},"featured_media":10152,"comment_status":"open","ping_status":"closed","template":"","meta":{"_acf_changed":false},"product_cat":[364],"product_tag":[1285,1284,1286],"class_list":["product","first","instock","sale","shipping-taxable","purchasable","product-type-simple"],"acf":[],"_links":{"self":[{"href":"https:\/\/mouldking.store\/es\/wp-json\/wp\/v2\/product\/9254","targetHints":{"allow":["GET"]}}],"collection":[{"href":"https:\/\/mouldking.store\/es\/wp-json\/wp\/v2\/product"}],"about":[{"href":"https:\/\/mouldking.store\/es\/wp-json\/wp\/v2\/types\/product"}],"replies":[{"embeddable":true,"href":"https:\/\/mouldking.store\/es\/wp-json\/wp\/v2\/comments?post=9254"}],"wp:featuredmedia":[{"embeddable":true,"href":"https:\/\/mouldking.store\/es\/wp-json\/wp\/v2\/media\/10152"}],"wp:attachment":[{"href":"https:\/\/mouldking.store\/es\/wp-json\/wp\/v2\/media?parent=9254"}],"wp:term":[{"taxonomy":"product_cat","embeddable":true,"href":"https:\/\/mouldking.store\/es\/wp-json\/wp\/v2\/product_cat?post=9254"},{"taxonomy":"product_tag","embeddable":true,"href":"https:\/\/mouldking.store\/es\/wp-json\/wp\/v2\/product_tag?post=9254"}],"curies":[{"name":"wp","href":"https:\/\/api.w.org\/{rel}","templated":true}]}}