{"id":9267,"date":"2021-01-28T09:45:02","date_gmt":"2021-01-28T09:45:02","guid":{"rendered":"https:\/\/mouldking.store\/shop\/mould-king-13088-rc-1-8-avtoros-shaman\/"},"modified":"2025-12-25T09:28:21","modified_gmt":"2025-12-25T02:28:21","slug":"mould-king-13088-rc-1-8-avtoros-shaman","status":"publish","type":"product","link":"https:\/\/mouldking.store\/es\/shop\/mould-king-13088-rc-1-8-avtoros-shaman\/","title":{"rendered":"MOLDE REY 13088 MOC-5360 Avtoros Shaman 8\u00d78 con 2578 Piezas"},"content":{"rendered":"<ul>\n<li>Informaci\u00f3n del Producto:<\/li>\n<\/ul>\n<ol>\n<li>N\u00famero de modelo: 13088<\/li>\n<li>Advertencia: no se puede comer<\/li>\n<li>Rango de edad: &gt; 12 a\u00f1os<\/li>\n<li><span class=\"propery-title\">Certificaci\u00f3n:\u00a0<\/span><span class=\"propery-des\" title=\"3C\">3C<\/span><\/li>\n<li>Clasificaci\u00f3n: Ensamblaje<\/li>\n<li>Forma de bloque de pl\u00e1stico: Ladrillos autoblocantes<\/li>\n<li>Material: Pl\u00e1stico<\/li>\n<li>Tipo de pl\u00e1stico: ABS<\/li>\n<li>Bloques de ladrillos: ~ 2578 + PCS<\/li>\n<li><strong><span style=\"color: #ff2a00;\">enlace de la aplicaci\u00f3n<\/span><\/strong>: si no puede obtener la aplicaci\u00f3n a trav\u00e9s del c\u00f3digo QR, solo p\u00f3ngase en contacto con el vendedor para obtenerla.<\/li>\n<\/ol>\n<ul>\n<li>Aviso:<\/li>\n<\/ul>\n<ol>\n<li>Sin caja original, pero garantizamos que nuestros productos tienen garant\u00eda de calidad y buen empaque.<\/li>\n<li>Como todas las piezas que hemos verificado antes del env\u00edo, si encuentra algunas piezas faltantes o da\u00f1adas, no se preocupe y simplemente cont\u00e1ctenos y podemos reenvi\u00e1rselas de inmediato de forma gratuita.<\/li>\n<\/ol>","protected":false},"excerpt":{"rendered":"<p>Product information: Model Number:\u00a013088 Warning: can not eat Age Range: &gt;\u00a012 years old Certification:\u00a03C Classification: Assemblage Plastic Block Shape: Self-Locking Bricks Material: Plastic Plastic Type: ABS Bricks Blocks: ~2578+PCS APP link: if can&#8217;t get app through QR code, just pls contact seller to get it. Notice: Without original box, but we guarantee our products have [&hellip;]<\/p>","protected":false},"featured_media":10214,"comment_status":"open","ping_status":"closed","template":"","meta":{"_acf_changed":false},"product_cat":[364],"product_tag":[641,642,640,637,430,638,366,639,166],"class_list":["product","first","instock","sale","shipping-taxable","purchasable","product-type-simple"],"acf":[],"_links":{"self":[{"href":"https:\/\/mouldking.store\/es\/wp-json\/wp\/v2\/product\/9267","targetHints":{"allow":["GET"]}}],"collection":[{"href":"https:\/\/mouldking.store\/es\/wp-json\/wp\/v2\/product"}],"about":[{"href":"https:\/\/mouldking.store\/es\/wp-json\/wp\/v2\/types\/product"}],"replies":[{"embeddable":true,"href":"https:\/\/mouldking.store\/es\/wp-json\/wp\/v2\/comments?post=9267"}],"wp:featuredmedia":[{"embeddable":true,"href":"https:\/\/mouldking.store\/es\/wp-json\/wp\/v2\/media\/10214"}],"wp:attachment":[{"href":"https:\/\/mouldking.store\/es\/wp-json\/wp\/v2\/media?parent=9267"}],"wp:term":[{"taxonomy":"product_cat","embeddable":true,"href":"https:\/\/mouldking.store\/es\/wp-json\/wp\/v2\/product_cat?post=9267"},{"taxonomy":"product_tag","embeddable":true,"href":"https:\/\/mouldking.store\/es\/wp-json\/wp\/v2\/product_tag?post=9267"}],"curies":[{"name":"wp","href":"https:\/\/api.w.org\/{rel}","templated":true}]}}