{"id":9298,"date":"2021-01-28T09:45:07","date_gmt":"2021-01-28T09:45:07","guid":{"rendered":"https:\/\/mouldking.store\/shop\/mould-king-13079-rc-1-8-lamborghini-veneno-with-led-light-kits\/"},"modified":"2025-12-25T09:28:21","modified_gmt":"2025-12-25T02:28:21","slug":"mould-king-13079-moc-10559-lamborghini-veneno-roadster-50th-anniversary-with-2538-pieces","status":"publish","type":"product","link":"https:\/\/mouldking.store\/es\/shop\/mould-king-13079-moc-10559-lamborghini-veneno-roadster-50th-anniversary-with-2538-pieces\/","title":{"rendered":"MOLDE REY 13079 MOC-10559 Lamborghini Veneno Roadster-50 Aniversario con 2538 Piezas"},"content":{"rendered":"<p>Informaci\u00f3n del Producto:<\/p>\n<ol>\n<li>Tipo: Bloques<\/li>\n<li>G\u00e9nero: Unisex<\/li>\n<li>Advertencia: no se puede comer<\/li>\n<li>Rango de edad: &gt; 6 a\u00f1os<\/li>\n<li>Model Number:\u00a013079<\/li>\n<li>Clasificaci\u00f3n: Ensamblaje<\/li>\n<li>Forma de bloque de pl\u00e1stico: Ladrillos autoblocantes<\/li>\n<li>Material: Pl\u00e1stico<\/li>\n<li>Tipo de pl\u00e1stico: ABS<\/li>\n<li>Bricks Blocks: 2538+PCS<\/li>\n<li>Contains detailed assembly instructions, PF parts and LED Light kits<\/li>\n<li><strong><span style=\"color: #ff2a00;\">enlace de la aplicaci\u00f3n<\/span><\/strong>: si no puede obtener la aplicaci\u00f3n a trav\u00e9s del c\u00f3digo QR, solo p\u00f3ngase en contacto con el vendedor para obtenerla.<\/li>\n<\/ol>\n<p>Aviso:<br \/>\n1. Sin caja original, pero garantizamos que nuestros productos tienen garant\u00eda de calidad y un buen embalaje.<br \/>\n2. Como todas las piezas que hemos comprobado antes del env\u00edo, si encuentra que faltan piezas o est\u00e1n da\u00f1adas, no se preocupe y p\u00f3ngase en contacto con nosotros y podemos reenvi\u00e1rselas inmediatamente de forma gratuita.<\/p>","protected":false},"excerpt":{"rendered":"<p>Product information: Type: Blocks Gender: Unisex Warning: can not eat Age Range: &gt; 6 years old Model Number:\u00a013079 Classification: Assemblage Plastic Block Shape: Self-Locking Bricks Material: Plastic Plastic Type: ABS Bricks Blocks: 2538+PCS Contains detailed assembly instructions, PF parts and LED Light kits APP link: if can&#8217;t get app through QR code, just pls contact [&hellip;]<\/p>","protected":false},"featured_media":10270,"comment_status":"open","ping_status":"closed","template":"","meta":{"_acf_changed":false},"product_cat":[364],"product_tag":[595,596,425,460,430,462,597,366,166],"class_list":["product","first","outofstock","sale","shipping-taxable","purchasable","product-type-simple"],"acf":[],"_links":{"self":[{"href":"https:\/\/mouldking.store\/es\/wp-json\/wp\/v2\/product\/9298","targetHints":{"allow":["GET"]}}],"collection":[{"href":"https:\/\/mouldking.store\/es\/wp-json\/wp\/v2\/product"}],"about":[{"href":"https:\/\/mouldking.store\/es\/wp-json\/wp\/v2\/types\/product"}],"replies":[{"embeddable":true,"href":"https:\/\/mouldking.store\/es\/wp-json\/wp\/v2\/comments?post=9298"}],"wp:featuredmedia":[{"embeddable":true,"href":"https:\/\/mouldking.store\/es\/wp-json\/wp\/v2\/media\/10270"}],"wp:attachment":[{"href":"https:\/\/mouldking.store\/es\/wp-json\/wp\/v2\/media?parent=9298"}],"wp:term":[{"taxonomy":"product_cat","embeddable":true,"href":"https:\/\/mouldking.store\/es\/wp-json\/wp\/v2\/product_cat?post=9298"},{"taxonomy":"product_tag","embeddable":true,"href":"https:\/\/mouldking.store\/es\/wp-json\/wp\/v2\/product_tag?post=9298"}],"curies":[{"name":"wp","href":"https:\/\/api.w.org\/{rel}","templated":true}]}}