{"id":10417,"date":"2021-03-13T02:38:18","date_gmt":"2021-03-12T19:38:18","guid":{"rendered":"https:\/\/mouldking.store\/shop\/import-placeholder-for-15625\/"},"modified":"2023-10-03T10:48:36","modified_gmt":"2023-10-03T03:48:36","slug":"mould-king-13063-wall-e","status":"publish","type":"product","link":"https:\/\/mouldking.store\/fr\/shop\/mould-king-13063-wall-e\/","title":{"rendered":"MOULE KING 13063 MUR E"},"content":{"rendered":"<div class=\"product-specs-list-container\">\n<ul class=\"product-specs-list util-clearfix\">\n<li class=\"product-prop line-limit-length\"><span class=\"property-title\">Tranche d&#039;\u00e2ge:\u00a0<\/span><span class=\"property-desc line-limit-length\">&gt; 6 years old<\/span><\/li>\n<li class=\"product-prop line-limit-length\"><span class=\"property-title\">Marque:\u00a0<\/span><span class=\"property-desc line-limit-length\">MOULE ROI<\/span><\/li>\n<li class=\"product-prop line-limit-length\"><span class=\"property-title\">Attestation\u00a0:\u00a0<\/span><span class=\"property-desc line-limit-length\">CE<\/span><\/li>\n<li class=\"product-prop line-limit-length\"><span class=\"property-title\">Certificate Number:\u00a0<\/span><span class=\"property-desc line-limit-length\">(8819)125-0038<\/span><\/li>\n<li class=\"product-prop line-limit-length\"><span class=\"property-title\">Forme de bloc en plastique :\u00a0<\/span><span class=\"property-desc line-limit-length\">Briques autobloquantes<\/span><\/li>\n<li class=\"product-prop line-limit-length\"><span class=\"property-title\">Taper:\u00a0<\/span><span class=\"property-desc line-limit-length\">BLOCS<\/span><\/li>\n<li class=\"product-prop line-limit-length\"><span class=\"property-title\">Num\u00e9ro de mod\u00e8le:\u00a0<\/span><span class=\"property-desc line-limit-length\">13019<\/span><\/li>\n<li class=\"product-prop line-limit-length\"><span class=\"property-title\">Mat\u00e9riel:\u00a0<\/span><span class=\"property-desc line-limit-length\">Plastique<\/span><\/li>\n<li class=\"product-prop line-limit-length\"><span class=\"property-title\">CE:\u00a0<\/span><span class=\"property-desc line-limit-length\">Certificate<\/span><\/li>\n<li class=\"product-prop line-limit-length\"><span class=\"property-title\">Barcode:\u00a0<\/span><span class=\"property-desc line-limit-length\">No<\/span><\/li>\n<li class=\"product-prop line-limit-length\"><span class=\"property-title\">Genre:\u00a0<\/span><span class=\"property-desc line-limit-length\">Unisexe<\/span><\/li>\n<li class=\"product-prop line-limit-length\"><span class=\"property-title\">Warning:\u00a0<\/span><span class=\"property-desc line-limit-length\">do not eat,keep away from fire<\/span><\/li>\n<li class=\"product-prop line-limit-length\"><span class=\"property-title\">Type de plastique :\u00a0<\/span><span class=\"property-desc line-limit-length\">abdos<\/span><\/li>\n<li class=\"product-prop line-limit-length\"><span class=\"property-title\">Block Size:\u00a0<\/span><span class=\"property-desc line-limit-length\">Small building block\uff08Compatible with Lego\uff09<\/span><\/li>\n<\/ul>\n<\/div>\n<div><span style=\"font-size: 18px;\"><strong>Note:<\/strong><\/span><\/div>\n<div><span style=\"font-size: 18px;\"><strong>1.There is No Original Box, Packing in the Bubble Bag or Blank Carton Box. It has included the paper manual.\u00a0<\/strong><\/span><\/div>\n<div><span style=\"font-size: 18px;\"><strong>2.If you have any missing parts, you can contact with us, we will resend the new parts to you .<\/strong><\/span><\/div>\n<div><\/div>\n<div><span style=\"font-size: 18px;\"><strong>FEATURES:<\/strong><\/span><\/div>\n<div><span style=\"font-size: 18px;\"><strong>\u00c9tat : 100% neuf, vente directe d&#039;usine.<\/strong><\/span><\/div>\n<div><span style=\"font-size: 18px;\"><strong>Mat\u00e9riau : plastique ABS s\u00fbr de haute qualit\u00e9. <\/strong><\/span><strong style=\", cursive;font-size: 18px;\">\u00a0<\/strong><\/div>\n<div><span style=\"font-size: 18px;\"><strong>Service:\u00a0 Free Replacement Parts<\/strong><\/span><\/div>\n<div><span style=\"font-size: 18px;\"><strong>Emballage : pas de bo\u00eete d&#039;origine, utilisez un sac \u00e0 bulles ou une bo\u00eete en carton vierge.<img decoding=\"async\" src=\"https:\/\/ae01.alicdn.com\/kf\/Hfa6869f317f84147b3b16d814a039e8e1.jpg\" alt=\"\u82f1\u6587\u7248_01\" title=\"-\"><img decoding=\"async\" src=\"https:\/\/ae01.alicdn.com\/kf\/H73dc4545de0e4eaba80f5c7c5558f2cbA.jpg\" alt=\"\u82f1\u6587\u7248_02\" title=\"-\"><img decoding=\"async\" src=\"https:\/\/ae01.alicdn.com\/kf\/H47bdbfa9db764b89a994b30433ca2f59e.jpg\" alt=\"\u82f1\u6587\u7248_03\" title=\"-\"><img decoding=\"async\" src=\"https:\/\/ae01.alicdn.com\/kf\/H0feaa8b4c50149e790a29f873f247f40z.jpg\" alt=\"\u82f1\u6587\u7248_04\" title=\"-\"><img decoding=\"async\" src=\"https:\/\/ae01.alicdn.com\/kf\/Hb9350a027938458e95e8dea671ff58dc6.jpg\" alt=\"\u82f1\u6587\u7248_05\" title=\"-\"><img decoding=\"async\" src=\"https:\/\/ae01.alicdn.com\/kf\/H5311265b1e0642ea948bb2c4e9d5b812x.jpg\" alt=\"\u82f1\u6587\u7248_06\" title=\"-\"><img decoding=\"async\" src=\"https:\/\/ae01.alicdn.com\/kf\/H119c90addab04eaaa95c02422f29c30fb.jpg\" alt=\"\u82f1\u6587\u7248_07\" title=\"-\"><img decoding=\"async\" src=\"https:\/\/ae01.alicdn.com\/kf\/He3d575dcc5264d7896664a83bc9e1c39N.jpg\" alt=\"\u82f1\u6587\u7248_08\" title=\"-\"><img decoding=\"async\" src=\"https:\/\/ae01.alicdn.com\/kf\/H45ad664c5cf64637a3a723996410a1503.jpg\" alt=\"\u82f1\u6587\u7248_09\" title=\"-\"><img decoding=\"async\" src=\"https:\/\/ae01.alicdn.com\/kf\/H33df2d7bf2324983b2b9198b2ed410c3d.jpg\" alt=\"\u82f1\u6587\u7248_10\" title=\"-\"><\/strong><\/span><\/div>\n<div><\/div>","protected":false},"excerpt":{"rendered":"<p>Age Range:\u00a0&gt; 6 years old Brand Name:\u00a0MOULD KING Certification:\u00a0CE Certificate Number:\u00a0(8819)125-0038 Plastic Block Shape:\u00a0Self-Locking Bricks Type:\u00a0BLOCKS Model Number:\u00a013019 Material:\u00a0Plastic CE:\u00a0Certificate Barcode:\u00a0No Gender:\u00a0Unisex Warning:\u00a0do not eat,keep away from fire Plastic Type:\u00a0ABS Block Size:\u00a0Small building block\uff08Compatible with Lego\uff09 Note: 1.There is No Original Box, Packing in the Bubble Bag or Blank Carton Box. It has included the [&hellip;]<\/p>","protected":false},"featured_media":10461,"comment_status":"open","ping_status":"closed","template":"","meta":{"_acf_changed":false},"product_cat":[371,364],"product_tag":[366,367,368,369,370],"class_list":["product","first","outofstock","shipping-taxable","purchasable","product-type-variable"],"acf":[],"_links":{"self":[{"href":"https:\/\/mouldking.store\/fr\/wp-json\/wp\/v2\/product\/10417","targetHints":{"allow":["GET"]}}],"collection":[{"href":"https:\/\/mouldking.store\/fr\/wp-json\/wp\/v2\/product"}],"about":[{"href":"https:\/\/mouldking.store\/fr\/wp-json\/wp\/v2\/types\/product"}],"replies":[{"embeddable":true,"href":"https:\/\/mouldking.store\/fr\/wp-json\/wp\/v2\/comments?post=10417"}],"wp:featuredmedia":[{"embeddable":true,"href":"https:\/\/mouldking.store\/fr\/wp-json\/wp\/v2\/media\/10461"}],"wp:attachment":[{"href":"https:\/\/mouldking.store\/fr\/wp-json\/wp\/v2\/media?parent=10417"}],"wp:term":[{"taxonomy":"product_cat","embeddable":true,"href":"https:\/\/mouldking.store\/fr\/wp-json\/wp\/v2\/product_cat?post=10417"},{"taxonomy":"product_tag","embeddable":true,"href":"https:\/\/mouldking.store\/fr\/wp-json\/wp\/v2\/product_tag?post=10417"}],"curies":[{"name":"wp","href":"https:\/\/api.w.org\/{rel}","templated":true}]}}