{"id":10468,"date":"2021-03-13T02:38:43","date_gmt":"2021-03-13T02:38:43","guid":{"rendered":"https:\/\/mouldking.store\/shop\/import-placeholder-for-16914\/"},"modified":"2024-05-10T14:31:35","modified_gmt":"2024-05-10T07:31:35","slug":"mould-king-13033-13037-remote-control-sports-cars-with-2716-pieces","status":"publish","type":"product","link":"https:\/\/mouldking.store\/fr\/shop\/mould-king-13033-13037-remote-control-sports-cars-with-2716-pieces\/","title":{"rendered":"MOLD KING 13033 &amp; 13037 Voitures de sport t\u00e9l\u00e9command\u00e9es avec 2716 pi\u00e8ces"},"content":{"rendered":"<p>&nbsp;<\/p>\n<ul class=\"product-specs-list util-clearfix\">\n<li>Information produit:\n<ol>\n<li>Genre\u00a0: Blocs<\/li>\n<li>Genre: Unisexe<\/li>\n<li>Attention : ne peut pas manger<\/li>\n<li>Tranche d&#039;\u00e2ge : &gt; 8 ans<\/li>\n<li>Num\u00e9ro de mod\u00e8le\u00a0: 13033 et 13037<\/li>\n<li>Classement : Assemblage<\/li>\n<li>Forme de bloc en plastique\u00a0: briques autobloquantes<\/li>\n<li>Mat\u00e9riel: Plastique<\/li>\n<li>Type de plastique : ABS<\/li>\n<li>Blocs de briques : 2716+PCS<\/li>\n<li>Contient des instructions de montage d\u00e9taill\u00e9es, des pi\u00e8ces PF<\/li>\n<li><strong>Lien APP<\/strong>: si vous ne pouvez pas obtenir l&#039;application via un code QR, veuillez simplement contacter le vendeur pour l&#039;obtenir.<\/li>\n<\/ol>\n<p>Avis:<br \/>\n1. Sans bo\u00eete d&#039;origine, mais nous garantissons que nos produits ont une assurance qualit\u00e9 et un bel emballage.<br \/>\n2. Comme toutes les pi\u00e8ces que nous avons v\u00e9rifi\u00e9es avant l&#039;exp\u00e9dition, donc si vous trouvez des pi\u00e8ces manquantes ou endommag\u00e9es, ne vous inqui\u00e9tez pas et veuillez nous contacter et nous pouvons vous les renvoyer imm\u00e9diatement gratuitement.<\/li>\n<\/ul>","protected":false},"excerpt":{"rendered":"<p>&nbsp; Product information: Type: Blocks Gender: Unisex Warning: can not eat Age Range: &gt; 8 years old Model Number: 13033 &amp; 13037 Classification: Assemblage Plastic Block Shape: Self-Locking Bricks Material: Plastic Plastic Type: ABS Bricks Blocks: 2716+PCS Contains detailed assembly instructions, PF parts APP link: if can\u2019t get the app through a QR code, just [&hellip;]<\/p>","protected":false},"featured_media":10655,"comment_status":"open","ping_status":"closed","template":"","meta":{"_acf_changed":false},"product_cat":[364],"product_tag":[516,517,399,518],"class_list":["product","first","outofstock","shipping-taxable","purchasable","product-type-variable","has-default-attributes"],"acf":[],"_links":{"self":[{"href":"https:\/\/mouldking.store\/fr\/wp-json\/wp\/v2\/product\/10468","targetHints":{"allow":["GET"]}}],"collection":[{"href":"https:\/\/mouldking.store\/fr\/wp-json\/wp\/v2\/product"}],"about":[{"href":"https:\/\/mouldking.store\/fr\/wp-json\/wp\/v2\/types\/product"}],"replies":[{"embeddable":true,"href":"https:\/\/mouldking.store\/fr\/wp-json\/wp\/v2\/comments?post=10468"}],"wp:featuredmedia":[{"embeddable":true,"href":"https:\/\/mouldking.store\/fr\/wp-json\/wp\/v2\/media\/10655"}],"wp:attachment":[{"href":"https:\/\/mouldking.store\/fr\/wp-json\/wp\/v2\/media?parent=10468"}],"wp:term":[{"taxonomy":"product_cat","embeddable":true,"href":"https:\/\/mouldking.store\/fr\/wp-json\/wp\/v2\/product_cat?post=10468"},{"taxonomy":"product_tag","embeddable":true,"href":"https:\/\/mouldking.store\/fr\/wp-json\/wp\/v2\/product_tag?post=10468"}],"curies":[{"name":"wp","href":"https:\/\/api.w.org\/{rel}","templated":true}]}}