{"id":11090,"date":"2021-05-10T04:20:40","date_gmt":"2021-05-10T04:20:40","guid":{"rendered":"https:\/\/mouldking.store\/?post_type=product&#038;p=11090"},"modified":"2025-12-25T09:28:21","modified_gmt":"2025-12-25T02:28:21","slug":"mouldking-19005-moc-2475-pneumatic-tractor-truck-with-4825-pieces","status":"publish","type":"product","link":"https:\/\/mouldking.store\/fr\/shop\/mouldking-19005-moc-2475-pneumatic-tractor-truck-with-4825-pieces\/","title":{"rendered":"Camion tracteur pneumatique MOULDKING 19005 MOC-2475 avec 4825 pi\u00e8ces"},"content":{"rendered":"<p>Information produit:<\/p>\n<ol>\n<li>Genre\u00a0: Blocs<\/li>\n<li>Genre: Unisexe<\/li>\n<li>Attention : ne peut pas manger<\/li>\n<li>Tranche d&#039;\u00e2ge : &gt; 8 ans<\/li>\n<li>Num\u00e9ro de mod\u00e8le: 19005<\/li>\n<li>Classement : Assemblage<\/li>\n<li>Forme de bloc en plastique\u00a0: briques autobloquantes<\/li>\n<li>Mat\u00e9riel: Plastique<\/li>\n<li>Type de plastique : ABS<\/li>\n<li>Blocs de briques : 4825 PCS<\/li>\n<li>Contient des instructions de montage d\u00e9taill\u00e9es.<\/li>\n<\/ol>\n<p>Avis:<br \/>\n1. Sans bo\u00eete d&#039;origine, mais nous garantissons que nos produits ont une assurance qualit\u00e9 et un bel emballage.<br \/>\n2. Comme toutes les pi\u00e8ces que nous avons v\u00e9rifi\u00e9es avant l&#039;exp\u00e9dition, donc si vous trouvez des pi\u00e8ces manquantes ou endommag\u00e9es, ne vous inqui\u00e9tez pas et veuillez nous contacter et nous pouvons vous les renvoyer imm\u00e9diatement gratuitement.<\/p>\n<figure id=\"attachment_11341\" aria-describedby=\"caption-attachment-11341\" style=\"width: 800px\" class=\"wp-caption aligncenter\"><img fetchpriority=\"high\" decoding=\"async\" class=\"size-full wp-image-11341\" title=\"Camion tracteur pneumatique MOULDKING 19005 MOC-2475 avec 4825 pi\u00e8ces\" src=\"http:\/\/mouldking.store\/wp-content\/uploads\/2021\/06\/mouldking-19005-moc-2475-pneumatic-tractor-truck-with-4825-pieces.jpg\" alt=\"MOULDKING 19005 MOC-2475 Pneumatic Tractor Truck with 4825 pieces\" width=\"800\" height=\"800\" srcset=\"https:\/\/mouldking.store\/wp-content\/uploads\/2021\/06\/mouldking-19005-moc-2475-pneumatic-tractor-truck-with-4825-pieces.jpg 800w, https:\/\/mouldking.store\/wp-content\/uploads\/2021\/06\/mouldking-19005-moc-2475-pneumatic-tractor-truck-with-4825-pieces-300x300.jpg 300w, https:\/\/mouldking.store\/wp-content\/uploads\/2021\/06\/mouldking-19005-moc-2475-pneumatic-tractor-truck-with-4825-pieces-768x768.jpg 768w, https:\/\/mouldking.store\/wp-content\/uploads\/2021\/06\/mouldking-19005-moc-2475-pneumatic-tractor-truck-with-4825-pieces-600x600.jpg 600w, https:\/\/mouldking.store\/wp-content\/uploads\/2021\/06\/mouldking-19005-moc-2475-pneumatic-tractor-truck-with-4825-pieces-150x150.jpg 150w\" sizes=\"(max-width: 800px) 100vw, 800px\" \/><figcaption id=\"caption-attachment-11341\" class=\"wp-caption-text\">Camion tracteur pneumatique MOULDKING 19005 MOC-2475 avec 4825 pi\u00e8ces<\/figcaption><\/figure>\n<figure id=\"attachment_11342\" aria-describedby=\"caption-attachment-11342\" style=\"width: 800px\" class=\"wp-caption aligncenter\"><img decoding=\"async\" class=\"size-full wp-image-11342\" title=\"Camion tracteur pneumatique MOULDKING 19005 MOC-2475 avec 4825 pi\u00e8ces\" src=\"http:\/\/mouldking.store\/wp-content\/uploads\/2021\/06\/mouldking-19005-moc-2475-pneumatic-tractor-truck-with-4825-pieces-1.jpg\" alt=\"MOULDKING 19005 MOC-2475 Pneumatic Tractor Truck with 4825 pieces\" width=\"800\" height=\"800\" srcset=\"https:\/\/mouldking.store\/wp-content\/uploads\/2021\/06\/mouldking-19005-moc-2475-pneumatic-tractor-truck-with-4825-pieces-1.jpg 800w, https:\/\/mouldking.store\/wp-content\/uploads\/2021\/06\/mouldking-19005-moc-2475-pneumatic-tractor-truck-with-4825-pieces-1-300x300.jpg 300w, https:\/\/mouldking.store\/wp-content\/uploads\/2021\/06\/mouldking-19005-moc-2475-pneumatic-tractor-truck-with-4825-pieces-1-768x768.jpg 768w, https:\/\/mouldking.store\/wp-content\/uploads\/2021\/06\/mouldking-19005-moc-2475-pneumatic-tractor-truck-with-4825-pieces-1-600x600.jpg 600w, https:\/\/mouldking.store\/wp-content\/uploads\/2021\/06\/mouldking-19005-moc-2475-pneumatic-tractor-truck-with-4825-pieces-1-150x150.jpg 150w\" sizes=\"(max-width: 800px) 100vw, 800px\" \/><figcaption id=\"caption-attachment-11342\" class=\"wp-caption-text\">Camion tracteur pneumatique MOULDKING 19005 MOC-2475 avec 4825 pi\u00e8ces<\/figcaption><\/figure>\n<figure id=\"attachment_11343\" aria-describedby=\"caption-attachment-11343\" style=\"width: 800px\" class=\"wp-caption aligncenter\"><img decoding=\"async\" class=\"size-full wp-image-11343\" title=\"Camion tracteur pneumatique MOULDKING 19005 MOC-2475 avec 4825 pi\u00e8ces\" src=\"http:\/\/mouldking.store\/wp-content\/uploads\/2021\/06\/mouldking-19005-moc-2475-pneumatic-tractor-truck-with-4825-pieces-2.jpg\" alt=\"MOULDKING 19005 MOC-2475 Pneumatic Tractor Truck with 4825 pieces\" width=\"800\" height=\"800\" srcset=\"https:\/\/mouldking.store\/wp-content\/uploads\/2021\/06\/mouldking-19005-moc-2475-pneumatic-tractor-truck-with-4825-pieces-2.jpg 800w, https:\/\/mouldking.store\/wp-content\/uploads\/2021\/06\/mouldking-19005-moc-2475-pneumatic-tractor-truck-with-4825-pieces-2-300x300.jpg 300w, https:\/\/mouldking.store\/wp-content\/uploads\/2021\/06\/mouldking-19005-moc-2475-pneumatic-tractor-truck-with-4825-pieces-2-768x768.jpg 768w, https:\/\/mouldking.store\/wp-content\/uploads\/2021\/06\/mouldking-19005-moc-2475-pneumatic-tractor-truck-with-4825-pieces-2-600x600.jpg 600w, https:\/\/mouldking.store\/wp-content\/uploads\/2021\/06\/mouldking-19005-moc-2475-pneumatic-tractor-truck-with-4825-pieces-2-150x150.jpg 150w\" sizes=\"(max-width: 800px) 100vw, 800px\" \/><figcaption id=\"caption-attachment-11343\" class=\"wp-caption-text\">Camion tracteur pneumatique MOULDKING 19005 MOC-2475 avec 4825 pi\u00e8ces<\/figcaption><\/figure>\n<figure id=\"attachment_11344\" aria-describedby=\"caption-attachment-11344\" style=\"width: 800px\" class=\"wp-caption aligncenter\"><img loading=\"lazy\" decoding=\"async\" class=\"size-full wp-image-11344\" title=\"Camion tracteur pneumatique MOULDKING 19005 MOC-2475 avec 4825 pi\u00e8ces\" src=\"http:\/\/mouldking.store\/wp-content\/uploads\/2021\/06\/mouldking-19005-moc-2475-pneumatic-tractor-truck-with-4825-pieces-3.jpg\" alt=\"MOULDKING 19005 MOC-2475 Pneumatic Tractor Truck with 4825 pieces\" width=\"800\" height=\"800\" srcset=\"https:\/\/mouldking.store\/wp-content\/uploads\/2021\/06\/mouldking-19005-moc-2475-pneumatic-tractor-truck-with-4825-pieces-3.jpg 800w, https:\/\/mouldking.store\/wp-content\/uploads\/2021\/06\/mouldking-19005-moc-2475-pneumatic-tractor-truck-with-4825-pieces-3-300x300.jpg 300w, https:\/\/mouldking.store\/wp-content\/uploads\/2021\/06\/mouldking-19005-moc-2475-pneumatic-tractor-truck-with-4825-pieces-3-768x768.jpg 768w, https:\/\/mouldking.store\/wp-content\/uploads\/2021\/06\/mouldking-19005-moc-2475-pneumatic-tractor-truck-with-4825-pieces-3-600x600.jpg 600w, https:\/\/mouldking.store\/wp-content\/uploads\/2021\/06\/mouldking-19005-moc-2475-pneumatic-tractor-truck-with-4825-pieces-3-150x150.jpg 150w\" sizes=\"(max-width: 800px) 100vw, 800px\" \/><figcaption id=\"caption-attachment-11344\" class=\"wp-caption-text\">Camion tracteur pneumatique MOULDKING 19005 MOC-2475 avec 4825 pi\u00e8ces<\/figcaption><\/figure>\n<figure id=\"attachment_11345\" aria-describedby=\"caption-attachment-11345\" style=\"width: 1000px\" class=\"wp-caption aligncenter\"><img loading=\"lazy\" decoding=\"async\" class=\"size-full wp-image-11345\" title=\"Camion tracteur pneumatique MOULDKING 19005 MOC-2475 avec 4825 pi\u00e8ces\" src=\"http:\/\/mouldking.store\/wp-content\/uploads\/2021\/06\/mouldking-19005-moc-2475-pneumatic-tractor-truck-with-4825-pieces-4.jpg\" alt=\"MOULDKING 19005 MOC-2475 Pneumatic Tractor Truck with 4825 pieces\" width=\"1000\" height=\"1000\" srcset=\"https:\/\/mouldking.store\/wp-content\/uploads\/2021\/06\/mouldking-19005-moc-2475-pneumatic-tractor-truck-with-4825-pieces-4.jpg 1000w, https:\/\/mouldking.store\/wp-content\/uploads\/2021\/06\/mouldking-19005-moc-2475-pneumatic-tractor-truck-with-4825-pieces-4-300x300.jpg 300w, https:\/\/mouldking.store\/wp-content\/uploads\/2021\/06\/mouldking-19005-moc-2475-pneumatic-tractor-truck-with-4825-pieces-4-768x768.jpg 768w, https:\/\/mouldking.store\/wp-content\/uploads\/2021\/06\/mouldking-19005-moc-2475-pneumatic-tractor-truck-with-4825-pieces-4-600x600.jpg 600w, https:\/\/mouldking.store\/wp-content\/uploads\/2021\/06\/mouldking-19005-moc-2475-pneumatic-tractor-truck-with-4825-pieces-4-150x150.jpg 150w\" sizes=\"(max-width: 1000px) 100vw, 1000px\" \/><figcaption id=\"caption-attachment-11345\" class=\"wp-caption-text\">Camion tracteur pneumatique MOULDKING 19005 MOC-2475 avec 4825 pi\u00e8ces<\/figcaption><\/figure>","protected":false},"excerpt":{"rendered":"<p>Product information: Type: Blocks Gender: Unisex Warning: can not eat Age Range: &gt; 8 years old Model Number: 19005 Classification: Assemblage Plastic Block Shape: Self-Locking Bricks Material: Plastic Plastic Type: ABS Bricks Blocks: 4825 PCS Contains detailed assembly instructions. Notice: 1. Without an original box, but we guarantee our products have quality assurance and nice [&hellip;]<\/p>","protected":false},"featured_media":11091,"comment_status":"open","ping_status":"closed","template":"","meta":{"_acf_changed":false},"product_cat":[364],"product_tag":[1264,1263,1262,1265],"class_list":["product","first","outofstock","sale","shipping-taxable","purchasable","product-type-simple"],"acf":[],"_links":{"self":[{"href":"https:\/\/mouldking.store\/fr\/wp-json\/wp\/v2\/product\/11090","targetHints":{"allow":["GET"]}}],"collection":[{"href":"https:\/\/mouldking.store\/fr\/wp-json\/wp\/v2\/product"}],"about":[{"href":"https:\/\/mouldking.store\/fr\/wp-json\/wp\/v2\/types\/product"}],"replies":[{"embeddable":true,"href":"https:\/\/mouldking.store\/fr\/wp-json\/wp\/v2\/comments?post=11090"}],"wp:featuredmedia":[{"embeddable":true,"href":"https:\/\/mouldking.store\/fr\/wp-json\/wp\/v2\/media\/11091"}],"wp:attachment":[{"href":"https:\/\/mouldking.store\/fr\/wp-json\/wp\/v2\/media?parent=11090"}],"wp:term":[{"taxonomy":"product_cat","embeddable":true,"href":"https:\/\/mouldking.store\/fr\/wp-json\/wp\/v2\/product_cat?post=11090"},{"taxonomy":"product_tag","embeddable":true,"href":"https:\/\/mouldking.store\/fr\/wp-json\/wp\/v2\/product_tag?post=11090"}],"curies":[{"name":"wp","href":"https:\/\/api.w.org\/{rel}","templated":true}]}}