{"id":11093,"date":"2021-05-10T04:23:45","date_gmt":"2021-05-10T04:23:45","guid":{"rendered":"https:\/\/mouldking.store\/?post_type=product&#038;p=11093"},"modified":"2025-12-25T09:28:21","modified_gmt":"2025-12-25T02:28:21","slug":"mouldking-16043-moc-67005-novatown-art-gallery-showcase-with-3536-pieces","status":"publish","type":"product","link":"https:\/\/mouldking.store\/fr\/shop\/mouldking-16043-moc-67005-novatown-art-gallery-showcase-with-3536-pieces\/","title":{"rendered":"MOULDKING 16043 MOC-67005 Novatown : vitrine de la galerie d&#039;art avec 3536 pi\u00e8ces"},"content":{"rendered":"<p>Information produit:<\/p>\n<ol>\n<li>Genre\u00a0: Blocs<\/li>\n<li>Genre: Unisexe<\/li>\n<li>Attention : ne peut pas manger<\/li>\n<li>Tranche d&#039;\u00e2ge : &gt; 8 ans<\/li>\n<li>Model Number: 16043<\/li>\n<li>Classement : Assemblage<\/li>\n<li>Forme de bloc en plastique\u00a0: briques autobloquantes<\/li>\n<li>Mat\u00e9riel: Plastique<\/li>\n<li>Type de plastique : ABS<\/li>\n<li>Bricks Blocks: 3536 PCS<\/li>\n<li>Contient des instructions de montage d\u00e9taill\u00e9es.<\/li>\n<\/ol>\n<p>Avis:<br \/>\n1. Sans bo\u00eete d&#039;origine, mais nous garantissons que nos produits ont une assurance qualit\u00e9 et un bel emballage.<br \/>\n2. Comme toutes les pi\u00e8ces que nous avons v\u00e9rifi\u00e9es avant l&#039;exp\u00e9dition, donc si vous trouvez des pi\u00e8ces manquantes ou endommag\u00e9es, ne vous inqui\u00e9tez pas et veuillez nous contacter et nous pouvons vous les renvoyer imm\u00e9diatement gratuitement.<\/p>\n<figure id=\"attachment_11094\" aria-describedby=\"caption-attachment-11094\" style=\"width: 800px\" class=\"wp-caption aligncenter\"><a href=\"https:\/\/mouldking.store\/wp-content\/uploads\/2021\/05\/mouldking-16043-moc-67005-novatown-art-gallery-showcase-with-3536-pieces.jpg\"><img fetchpriority=\"high\" decoding=\"async\" class=\"wp-image-11094 size-full\" title=\"MOULDKING 16043 MOC-67005 Novatown : vitrine de la galerie d&#039;art avec 3536 pi\u00e8ces\" src=\"https:\/\/mouldking.store\/wp-content\/uploads\/2021\/05\/mouldking-16043-moc-67005-novatown-art-gallery-showcase-with-3536-pieces.jpg\" alt=\"MOULDKING 16043 MOC-67005 Novatown: Art Gallery Showcase with 3536 pieces\" width=\"800\" height=\"800\" srcset=\"https:\/\/mouldking.store\/wp-content\/uploads\/2021\/05\/mouldking-16043-moc-67005-novatown-art-gallery-showcase-with-3536-pieces.jpg 800w, https:\/\/mouldking.store\/wp-content\/uploads\/2021\/05\/mouldking-16043-moc-67005-novatown-art-gallery-showcase-with-3536-pieces-300x300.jpg 300w, https:\/\/mouldking.store\/wp-content\/uploads\/2021\/05\/mouldking-16043-moc-67005-novatown-art-gallery-showcase-with-3536-pieces-768x768.jpg 768w, https:\/\/mouldking.store\/wp-content\/uploads\/2021\/05\/mouldking-16043-moc-67005-novatown-art-gallery-showcase-with-3536-pieces-600x600.jpg 600w, https:\/\/mouldking.store\/wp-content\/uploads\/2021\/05\/mouldking-16043-moc-67005-novatown-art-gallery-showcase-with-3536-pieces-150x150.jpg 150w\" sizes=\"(max-width: 800px) 100vw, 800px\" \/><\/a><figcaption id=\"caption-attachment-11094\" class=\"wp-caption-text\">MOULDKING 16043 MOC-67005 Novatown : vitrine de la galerie d&#039;art avec 3536 pi\u00e8ces<\/figcaption><\/figure>\n<figure id=\"attachment_11095\" aria-describedby=\"caption-attachment-11095\" style=\"width: 800px\" class=\"wp-caption aligncenter\"><img decoding=\"async\" class=\"size-full wp-image-11095\" title=\"MOULDKING 16043 MOC-67005 Novatown : vitrine de la galerie d&#039;art avec 3536 pi\u00e8ces\" src=\"http:\/\/mouldking.store\/wp-content\/uploads\/2021\/05\/mouldking-16043-moc-67005-novatown-art-gallery-showcase-with-3536-pieces-1.jpg\" alt=\"MOULDKING 16043 MOC-67005 Novatown: Art Gallery Showcase with 3536 pieces\" width=\"800\" height=\"800\" srcset=\"https:\/\/mouldking.store\/wp-content\/uploads\/2021\/05\/mouldking-16043-moc-67005-novatown-art-gallery-showcase-with-3536-pieces-1.jpg 800w, https:\/\/mouldking.store\/wp-content\/uploads\/2021\/05\/mouldking-16043-moc-67005-novatown-art-gallery-showcase-with-3536-pieces-1-300x300.jpg 300w, https:\/\/mouldking.store\/wp-content\/uploads\/2021\/05\/mouldking-16043-moc-67005-novatown-art-gallery-showcase-with-3536-pieces-1-768x768.jpg 768w, https:\/\/mouldking.store\/wp-content\/uploads\/2021\/05\/mouldking-16043-moc-67005-novatown-art-gallery-showcase-with-3536-pieces-1-600x600.jpg 600w, https:\/\/mouldking.store\/wp-content\/uploads\/2021\/05\/mouldking-16043-moc-67005-novatown-art-gallery-showcase-with-3536-pieces-1-150x150.jpg 150w\" sizes=\"(max-width: 800px) 100vw, 800px\" \/><figcaption id=\"caption-attachment-11095\" class=\"wp-caption-text\">MOULDKING 16043 MOC-67005 Novatown : vitrine de la galerie d&#039;art avec 3536 pi\u00e8ces<\/figcaption><\/figure>\n<figure id=\"attachment_11096\" aria-describedby=\"caption-attachment-11096\" style=\"width: 800px\" class=\"wp-caption aligncenter\"><img decoding=\"async\" class=\"size-full wp-image-11096\" title=\"MOULDKING 16043 MOC-67005 Novatown : vitrine de la galerie d&#039;art avec 3536 pi\u00e8ces\" src=\"http:\/\/mouldking.store\/wp-content\/uploads\/2021\/05\/mouldking-16043-moc-67005-novatown-art-gallery-showcase-with-3536-pieces-2.jpg\" alt=\"MOULDKING 16043 MOC-67005 Novatown: Art Gallery Showcase with 3536 pieces\" width=\"800\" height=\"800\" srcset=\"https:\/\/mouldking.store\/wp-content\/uploads\/2021\/05\/mouldking-16043-moc-67005-novatown-art-gallery-showcase-with-3536-pieces-2.jpg 800w, https:\/\/mouldking.store\/wp-content\/uploads\/2021\/05\/mouldking-16043-moc-67005-novatown-art-gallery-showcase-with-3536-pieces-2-300x300.jpg 300w, https:\/\/mouldking.store\/wp-content\/uploads\/2021\/05\/mouldking-16043-moc-67005-novatown-art-gallery-showcase-with-3536-pieces-2-768x768.jpg 768w, https:\/\/mouldking.store\/wp-content\/uploads\/2021\/05\/mouldking-16043-moc-67005-novatown-art-gallery-showcase-with-3536-pieces-2-600x600.jpg 600w, https:\/\/mouldking.store\/wp-content\/uploads\/2021\/05\/mouldking-16043-moc-67005-novatown-art-gallery-showcase-with-3536-pieces-2-150x150.jpg 150w\" sizes=\"(max-width: 800px) 100vw, 800px\" \/><figcaption id=\"caption-attachment-11096\" class=\"wp-caption-text\">MOULDKING 16043 MOC-67005 Novatown : vitrine de la galerie d&#039;art avec 3536 pi\u00e8ces<\/figcaption><\/figure>\n<figure id=\"attachment_11097\" aria-describedby=\"caption-attachment-11097\" style=\"width: 800px\" class=\"wp-caption aligncenter\"><img loading=\"lazy\" decoding=\"async\" class=\"size-full wp-image-11097\" title=\"MOULDKING 16043 MOC-67005 Novatown : vitrine de la galerie d&#039;art avec 3536 pi\u00e8ces\" src=\"http:\/\/mouldking.store\/wp-content\/uploads\/2021\/05\/mouldking-16043-moc-67005-novatown-art-gallery-showcase-with-3536-pieces-3.jpg\" alt=\"MOULDKING 16043 MOC-67005 Novatown: Art Gallery Showcase with 3536 pieces\" width=\"800\" height=\"800\" srcset=\"https:\/\/mouldking.store\/wp-content\/uploads\/2021\/05\/mouldking-16043-moc-67005-novatown-art-gallery-showcase-with-3536-pieces-3.jpg 800w, https:\/\/mouldking.store\/wp-content\/uploads\/2021\/05\/mouldking-16043-moc-67005-novatown-art-gallery-showcase-with-3536-pieces-3-300x300.jpg 300w, https:\/\/mouldking.store\/wp-content\/uploads\/2021\/05\/mouldking-16043-moc-67005-novatown-art-gallery-showcase-with-3536-pieces-3-768x768.jpg 768w, https:\/\/mouldking.store\/wp-content\/uploads\/2021\/05\/mouldking-16043-moc-67005-novatown-art-gallery-showcase-with-3536-pieces-3-600x600.jpg 600w, https:\/\/mouldking.store\/wp-content\/uploads\/2021\/05\/mouldking-16043-moc-67005-novatown-art-gallery-showcase-with-3536-pieces-3-150x150.jpg 150w\" sizes=\"(max-width: 800px) 100vw, 800px\" \/><figcaption id=\"caption-attachment-11097\" class=\"wp-caption-text\">MOULDKING 16043 MOC-67005 Novatown : vitrine de la galerie d&#039;art avec 3536 pi\u00e8ces<\/figcaption><\/figure>\n<figure id=\"attachment_11098\" aria-describedby=\"caption-attachment-11098\" style=\"width: 800px\" class=\"wp-caption aligncenter\"><img loading=\"lazy\" decoding=\"async\" class=\"size-full wp-image-11098\" title=\"MOULDKING 16043 MOC-67005 Novatown : vitrine de la galerie d&#039;art avec 3536 pi\u00e8ces\" src=\"http:\/\/mouldking.store\/wp-content\/uploads\/2021\/05\/mouldking-16043-moc-67005-novatown-art-gallery-showcase-with-3536-pieces-4.jpg\" alt=\"MOULDKING 16043 MOC-67005 Novatown: Art Gallery Showcase with 3536 pieces\" width=\"800\" height=\"800\" srcset=\"https:\/\/mouldking.store\/wp-content\/uploads\/2021\/05\/mouldking-16043-moc-67005-novatown-art-gallery-showcase-with-3536-pieces-4.jpg 800w, https:\/\/mouldking.store\/wp-content\/uploads\/2021\/05\/mouldking-16043-moc-67005-novatown-art-gallery-showcase-with-3536-pieces-4-300x300.jpg 300w, https:\/\/mouldking.store\/wp-content\/uploads\/2021\/05\/mouldking-16043-moc-67005-novatown-art-gallery-showcase-with-3536-pieces-4-768x768.jpg 768w, https:\/\/mouldking.store\/wp-content\/uploads\/2021\/05\/mouldking-16043-moc-67005-novatown-art-gallery-showcase-with-3536-pieces-4-600x600.jpg 600w, https:\/\/mouldking.store\/wp-content\/uploads\/2021\/05\/mouldking-16043-moc-67005-novatown-art-gallery-showcase-with-3536-pieces-4-150x150.jpg 150w\" sizes=\"(max-width: 800px) 100vw, 800px\" \/><figcaption id=\"caption-attachment-11098\" class=\"wp-caption-text\">MOULDKING 16043 MOC-67005 Novatown : vitrine de la galerie d&#039;art avec 3536 pi\u00e8ces<\/figcaption><\/figure>","protected":false},"excerpt":{"rendered":"<p>Product information: Type: Blocks Gender: Unisex Warning: can not eat Age Range: &gt; 8 years old Model Number: 16043 Classification: Assemblage Plastic Block Shape: Self-Locking Bricks Material: Plastic Plastic Type: ABS Bricks Blocks: 3536 PCS Contains detailed assembly instructions. Notice: 1. Without an original box, but we guarantee our products have quality assurance and nice [&hellip;]<\/p>","protected":false},"featured_media":11094,"comment_status":"open","ping_status":"closed","template":"","meta":{"_acf_changed":false},"product_cat":[390],"product_tag":[1270,1268,1267,1266,1269],"class_list":["product","first","instock","sale","featured","shipping-taxable","purchasable","product-type-simple"],"acf":[],"_links":{"self":[{"href":"https:\/\/mouldking.store\/fr\/wp-json\/wp\/v2\/product\/11093","targetHints":{"allow":["GET"]}}],"collection":[{"href":"https:\/\/mouldking.store\/fr\/wp-json\/wp\/v2\/product"}],"about":[{"href":"https:\/\/mouldking.store\/fr\/wp-json\/wp\/v2\/types\/product"}],"replies":[{"embeddable":true,"href":"https:\/\/mouldking.store\/fr\/wp-json\/wp\/v2\/comments?post=11093"}],"wp:featuredmedia":[{"embeddable":true,"href":"https:\/\/mouldking.store\/fr\/wp-json\/wp\/v2\/media\/11094"}],"wp:attachment":[{"href":"https:\/\/mouldking.store\/fr\/wp-json\/wp\/v2\/media?parent=11093"}],"wp:term":[{"taxonomy":"product_cat","embeddable":true,"href":"https:\/\/mouldking.store\/fr\/wp-json\/wp\/v2\/product_cat?post=11093"},{"taxonomy":"product_tag","embeddable":true,"href":"https:\/\/mouldking.store\/fr\/wp-json\/wp\/v2\/product_tag?post=11093"}],"curies":[{"name":"wp","href":"https:\/\/api.w.org\/{rel}","templated":true}]}}