{"id":12889,"date":"2021-09-28T02:45:55","date_gmt":"2021-09-28T02:45:55","guid":{"rendered":"https:\/\/mouldking.store\/product\/qizhile-23025-moc-1389-wing-body-truck-23008-8540683"},"modified":"2025-12-25T09:28:20","modified_gmt":"2025-12-25T02:28:20","slug":"qizhile-23025-moc-1389-wing-body-truck-23008","status":"publish","type":"product","link":"https:\/\/mouldking.store\/fr\/shop\/qizhile-23025-moc-1389-wing-body-truck-23008\/","title":{"rendered":"QIZHILE 23025 MOC 1389 Camion \u00e0 carrosserie d&#039;aile 23008"},"content":{"rendered":"<article class=\"article\">\n<h2>D\u00e9tails rapides<\/h2>\n<ul class=\"attr-list\">\n<li><span class=\"attr-name\" title=\"Mat\u00e9riel\">Mat\u00e9riel:<\/span><br \/>\n<span class=\"attr-value\" title=\"Plastique\">Plastique<\/span><\/li>\n<li><span class=\"attr-name\" title=\"Type de plastique\">Type de plastique :<\/span><br \/>\n<span class=\"attr-value\" title=\"abdos\">abdos<\/span><\/li>\n<li><span class=\"attr-name\" title=\"Taper\">Taper:<\/span><br \/>\n<span class=\"attr-value\" title=\"Ensemble de blocs\">Ensemble de blocs<\/span><\/li>\n<li><span class=\"attr-name\" title=\"Style\">Style:<\/span><br \/>\n<span class=\"attr-value\" title=\"Jouet de construction\">Jouet de construction<\/span><\/li>\n<li><span class=\"attr-name\" title=\"Lieu d&#039;origine\">Lieu d&#039;origine\u00a0:<\/span><br \/>\n<span class=\"attr-value\" title=\"Guangdong, Chine (continentale)\">Guangdong, Chine (continentale)<\/span><\/li>\n<li><span class=\"attr-name\" title=\"Marque\">Marque:<\/span><br \/>\n<span class=\"attr-value\" title=\"l\u00e9pin\">l\u00e9pin<\/span><\/li>\n<li><span class=\"attr-name\" title=\"Num\u00e9ro de mod\u00e8le\">Num\u00e9ro de mod\u00e8le:<\/span><br \/>\n<span class=\"attr-value\" title=\"20003\">20003<\/span><\/li>\n<\/ul>\n<\/article>","protected":false},"excerpt":{"rendered":"<p>\u2022 Num\u00e9ro de mod\u00e8le : 23008 \u2022 Avec 4380 briques de la plus haute qualit\u00e9.<\/p>\n<p>Ce fantastique 23008 MOC 1389 Wing Body Truck fabriqu\u00e9 \u00e0 partir de LEPINWORLD est un MOC vraiment g\u00e9nial.<\/p>\n<h4>SP\u00c9CIFICATIONS DE L&#039;ARTICLE<\/h4>\n<ul>\n<li style=\"list-style-type: none;\">\n<ul>\u2022 Un impressionnant 23008 MOC 1389 Wing Body Truck de Rebrickable<\/ul>\n<\/li>\n<\/ul>\n<ul>\u2022 4380 pi\u00e8ces fabriqu\u00e9es \u00e0 partir de briques en plastique ABS 100% de haute qualit\u00e9, sans danger pour les enfants, longue dur\u00e9e de jeu, 100% compatible avec d&#039;autres marques de briques comme Le .go<\/ul>\n<ul>\u2022 Facile \u00e0 construire avec des instructions pdf avec un guide brique par brique et des images de haute qualit\u00e9 - fichier pdf envoy\u00e9 par e-mail.<\/ul>\n<ul>\u2022 Les dimensions compl\u00e8tes du stand peuvent \u00eatre visualis\u00e9es dans l&#039;image ci-dessous.<\/ul>\n<h4>INSTRUCTION DE CONSTRUCTION MOC<\/h4>\n<p>Les instructions pour tous nos MOC SET 23008 MOC 1389 Wing Body Truck seront envoy\u00e9es apr\u00e8s r\u00e9ception de votre commande par e-mail ou Livechat Facebook. Veuillez nous contacter pour cela.<\/p>\n<h4>DATE D&#039;EXP\u00c9DITION<\/h4>\n<p>Les ensembles MOC ont besoin de 10 \u00e0 12 jours pour se pr\u00e9parer et\u00a0; <span style=\"color: red;\"><strong>sera exp\u00e9di\u00e9 dans les 15 jours<\/strong><\/span><\/p>\n<h4>PARTIES MANQUANTES<\/h4>\n<p>Toutes les pi\u00e8ces sont v\u00e9rifi\u00e9es avant l&#039;exp\u00e9dition, donc si vous trouvez des pi\u00e8ces manquantes ou endommag\u00e9es, ne vous inqui\u00e9tez pas. Veuillez nous contacter et nous vous les enverrons sans aucun frais, ou nous vous offrirons un petit remboursement pour que vous puissiez acheter dans d&#039;autres endroits.<\/p>","protected":false},"featured_media":12890,"comment_status":"open","ping_status":"closed","template":"","meta":{"_acf_changed":false},"product_cat":[15],"product_tag":[],"class_list":["product","first","instock","shipping-taxable","purchasable","product-type-simple"],"acf":[],"_links":{"self":[{"href":"https:\/\/mouldking.store\/fr\/wp-json\/wp\/v2\/product\/12889","targetHints":{"allow":["GET"]}}],"collection":[{"href":"https:\/\/mouldking.store\/fr\/wp-json\/wp\/v2\/product"}],"about":[{"href":"https:\/\/mouldking.store\/fr\/wp-json\/wp\/v2\/types\/product"}],"replies":[{"embeddable":true,"href":"https:\/\/mouldking.store\/fr\/wp-json\/wp\/v2\/comments?post=12889"}],"wp:featuredmedia":[{"embeddable":true,"href":"https:\/\/mouldking.store\/fr\/wp-json\/wp\/v2\/media\/12890"}],"wp:attachment":[{"href":"https:\/\/mouldking.store\/fr\/wp-json\/wp\/v2\/media?parent=12889"}],"wp:term":[{"taxonomy":"product_cat","embeddable":true,"href":"https:\/\/mouldking.store\/fr\/wp-json\/wp\/v2\/product_cat?post=12889"},{"taxonomy":"product_tag","embeddable":true,"href":"https:\/\/mouldking.store\/fr\/wp-json\/wp\/v2\/product_tag?post=12889"}],"curies":[{"name":"wp","href":"https:\/\/api.w.org\/{rel}","templated":true}]}}