{"id":12920,"date":"2021-09-28T02:46:19","date_gmt":"2021-09-28T02:46:19","guid":{"rendered":"https:\/\/mouldking.store\/product\/builo-1211-off-road-car-rc-9239425"},"modified":"2021-12-23T09:54:43","modified_gmt":"2021-12-23T09:54:43","slug":"builo-1211-off-road-car-rc","status":"publish","type":"product","link":"https:\/\/mouldking.store\/fr\/shop\/builo-1211-off-road-car-rc\/","title":{"rendered":"BUILO 1211 voiture tout-terrain RC"},"content":{"rendered":"<p class=\"uppercase\"><span data-text-color=\"alert\" data-line-height=\"m\"><strong>NO MOTOR INCLUDE<\/strong><\/span><\/p>\n<p>BUILO 1211 Off-Road Car RC is based\u00a0 on<\/p>\n<h4>An awesome Brick set BUILO 1211 Off-Road Car RC<\/h4>\n<h4>\u2022 +1100\u00a0 pieces made from high-quality 100% ABS plastic bricks, safe for children, long time to play, 100% compatible with other brick brands<\/h4>\n<p><span style=\"font-size: 14.4px;\">\u2022 Easy-to-build with manual instruction of BUILO 1211 Off-Road Car RC <\/span><span style=\"color: #333333; font-size: 14.4px;\">avec un guide brique par brique et des images de haute qualit\u00e9<\/span><\/p>\n<p><span style=\"font-size: 14.4px;\">\u2022 Full dimensions of BUILO 1211 Off-Road Car RC<\/span><\/p>\n<p><img decoding=\"async\" class=\"alignnone size-full wp-image-176924\" src=\"https:\/\/pay.lpwstore.com\/wp-content\/uploads\/2019\/10\/WeChat-Image_20191013152202-Copy-12.jpg\" alt=\" width=\" height=\"452\" title=\"-\"><\/p>\n<h4><strong>LIVRAISON &amp; RETOUR<\/strong><\/h4>\n<ul>\n<li>We guarantee BUILO 1211 Off-Road Car RC for: &#8211; Full refund if do not receive your order &#8211; Free provide for missing pieces or Manual book &#8211; Customer will not pay any more for tax and customs fee. (If you have to pay, we will refund to you)<\/li>\n<li>L&#039;exp\u00e9dition internationale est assez compliqu\u00e9e, nous nous effor\u00e7ons de traiter l&#039;ensemble de votre probl\u00e8me. Mais, si votre commande rencontre des probl\u00e8mes, veuillez nous contacter par e-mail<\/li>\n<li>ANNULATION DE LA COMMANDE\u00a0: Si vous devez annuler la commande, vous devez nous contacter par e-mail contact@pay.lpwstore.com d\u00e8s que possible. Nous ne pouvons pas arr\u00eater la commande avant 48 heures<\/li>\n<\/ul>\n<h4><strong>PARTIES MANQUANTES<\/strong><\/h4>\n<p>All parts of BUILO 1211 Off-Road Car RC \u00a0are quality checked before shipping, so if you find some missing or damaged parts, don&#8217;t worry.\u00a0 Please contact us and we will send them to you without any fees, or we will offer a small refund for you to buy in other places.<\/p>\n<div class=\"jfk-bubble gtx-bubble\" role=\"alertdialog\" aria-describedby=\"bubble-8\">\n<div id=\"bubble-8\" class=\"jfk-bubble-content-id\">\n<div id=\"gtx-host\" style=\"min-width: 200px; max-width: 400px;\"><\/div>\n<\/div>\n<\/div>","protected":false},"excerpt":{"rendered":"<p><span data-text-color=\"alert\"><strong>NO MOTOR INCLUDE<\/strong><\/span><\/p>\n<p>\u2022 With +1000 Pcs<\/p>\n<p>\u2022 Highest Quality bricks (Better than Lepin) This fantastic BUILO 1211 Off-Road Car RC \u00a0MADE BY LEPINWORLD is a really awesome MOC.<\/p>\n<div id=\"gtx-anchor\" style=\"width: 348px; height: 16px;\"><\/div>\n<div class=\"jfk-bubble gtx-bubble\" role=\"alertdialog\" aria-describedby=\"bubble-3\">\n<div id=\"bubble-3\" class=\"jfk-bubble-content-id\">\n<div id=\"gtx-host\" style=\"min-width: 200px; max-width: 400px;\"><\/div>\n<\/div>\n<div class=\"jfk-bubble-closebtn-id jfk-bubble-closebtn\" role=\"button\" aria-label=\"Fermer\"><\/div>\n<div class=\"jfk-bubble-arrow-id jfk-bubble-arrow jfk-bubble-arrowdown\">\n<div class=\"jfk-bubble-arrowimplbefore\"><\/div>\n<div class=\"jfk-bubble-arrowimplafter\"><\/div>\n<\/div>\n<\/div>","protected":false},"featured_media":12921,"comment_status":"open","ping_status":"closed","template":"","meta":{"_acf_changed":false},"product_cat":[364],"product_tag":[],"class_list":["product","first","instock","shipping-taxable","purchasable","product-type-simple"],"acf":[],"_links":{"self":[{"href":"https:\/\/mouldking.store\/fr\/wp-json\/wp\/v2\/product\/12920","targetHints":{"allow":["GET"]}}],"collection":[{"href":"https:\/\/mouldking.store\/fr\/wp-json\/wp\/v2\/product"}],"about":[{"href":"https:\/\/mouldking.store\/fr\/wp-json\/wp\/v2\/types\/product"}],"replies":[{"embeddable":true,"href":"https:\/\/mouldking.store\/fr\/wp-json\/wp\/v2\/comments?post=12920"}],"wp:featuredmedia":[{"embeddable":true,"href":"https:\/\/mouldking.store\/fr\/wp-json\/wp\/v2\/media\/12921"}],"wp:attachment":[{"href":"https:\/\/mouldking.store\/fr\/wp-json\/wp\/v2\/media?parent=12920"}],"wp:term":[{"taxonomy":"product_cat","embeddable":true,"href":"https:\/\/mouldking.store\/fr\/wp-json\/wp\/v2\/product_cat?post=12920"},{"taxonomy":"product_tag","embeddable":true,"href":"https:\/\/mouldking.store\/fr\/wp-json\/wp\/v2\/product_tag?post=12920"}],"curies":[{"name":"wp","href":"https:\/\/api.w.org\/{rel}","templated":true}]}}