{"id":12998,"date":"2021-09-28T02:47:19","date_gmt":"2021-09-28T02:47:19","guid":{"rendered":"https:\/\/mouldking.store\/product\/sembo-601091-christmas-santa-claus-and-reindeer-5515538"},"modified":"2021-12-23T09:54:42","modified_gmt":"2021-12-23T09:54:42","slug":"sembo-601091-christmas-santa-claus-and-reindeer","status":"publish","type":"product","link":"https:\/\/mouldking.store\/fr\/shop\/sembo-601091-christmas-santa-claus-and-reindeer\/","title":{"rendered":"SEMBO 601091 No\u00ebl P\u00e8re No\u00ebl et renne"},"content":{"rendered":"<p>Marque : Sembo 601091 ;<br \/>Inclure : avec figure ;<br \/>Caract\u00e9ristique 1\u00a0: S\u00e9rie de No\u00ebl de la ville\u00a0;<br \/>Caract\u00e9ristique 2 : Blocs de construction de tra\u00eeneau d&#039;\u00e9lan du P\u00e8re No\u00ebl<br \/>Caract\u00e9ristique 3 : City Classic Creator Bricks<br \/>Caract\u00e9ristique 4 : Constructeur playmobile Creator Expert Series<br \/>Caract\u00e9ristique 5 : Jouets \u00e9ducatifs de la ville pour enfants Cadeaux d&#039;anniversaire<\/p>\n<p>Remarque : \u00e9vitez les probl\u00e8mes de douane, le logo des instructions sera appos\u00e9 sur des autocollants, veuillez comprendre. Merci<\/p>\n<p>Si vous avez des questions, n&#039;h\u00e9sitez pas \u00e0 nous contacter.<\/p>\n<p><strong>Designer:<\/strong><br \/>Nous concevons ce jeu de blocs de construction,<br \/>(1)jeu d&#039;assemblage, (2)jeu de r\u00f4le,<br \/>jouets \u00e9ducatifs structurellement solides et plus de blocs de construction. Il est facile de cultiver la capacit\u00e9 de coordination \u0153il-main des enfants conform\u00e9ment aux instructions et d&#039;exercer l&#039;intelligence, l&#039;imagination, la capacit\u00e9 manuelle des enfants, etc.<\/p>\n<figure id=\"attachment_178227\" aria-describedby=\"caption-attachment-178227\" style=\"width: 768px\" class=\"wp-caption alignnone\"><img fetchpriority=\"high\" decoding=\"async\" class=\"wp-image-178227 size-full\" title=\"Sembo 601091 \u00c9lan du P\u00e8re No\u00ebl de No\u00ebl\" src=\"https:\/\/pay.lpwstore.com\/wp-content\/uploads\/2019\/11\/Hc52f9f2547a44f62ab35044bf382770cr-e1574132816307.jpg\" alt=\"Sembo 601091 Christmas Santa Claus Elk\" width=\"768\" height=\"750\" \/><figcaption id=\"caption-attachment-178227\" class=\"wp-caption-text\">Sembo 601091 \u00c9lan du P\u00e8re No\u00ebl de No\u00ebl<\/figcaption><\/figure>\n<figure id=\"attachment_178228\" aria-describedby=\"caption-attachment-178228\" style=\"width: 800px\" class=\"wp-caption alignnone\"><img decoding=\"async\" class=\"size-full wp-image-178228\" title=\"Sembo 601091 \u00c9lan du P\u00e8re No\u00ebl de No\u00ebl\" src=\"https:\/\/pay.lpwstore.com\/wp-content\/uploads\/2019\/11\/Hd5d97f021b804929b4f59cf9209404f6e.jpg\" alt=\"Sembo 601091 Christmas Santa Claus Elk\" width=\"800\" height=\"700\" \/><figcaption id=\"caption-attachment-178228\" class=\"wp-caption-text\">Sembo 601091 \u00c9lan du P\u00e8re No\u00ebl de No\u00ebl<\/figcaption><\/figure>\n<figure id=\"attachment_178229\" aria-describedby=\"caption-attachment-178229\" style=\"width: 800px\" class=\"wp-caption alignnone\"><img decoding=\"async\" class=\"size-full wp-image-178229\" title=\"Sembo 601091 \u00c9lan du P\u00e8re No\u00ebl de No\u00ebl\" src=\"https:\/\/pay.lpwstore.com\/wp-content\/uploads\/2019\/11\/H22d09c10ea88425581ef04f6f302cf5dc.jpg\" alt=\"Sembo 601091 Christmas Santa Claus Elk\" width=\"800\" height=\"1252\" \/><figcaption id=\"caption-attachment-178229\" class=\"wp-caption-text\">Sembo 601091 \u00c9lan du P\u00e8re No\u00ebl de No\u00ebl<\/figcaption><\/figure>\n<figure id=\"attachment_178230\" aria-describedby=\"caption-attachment-178230\" style=\"width: 800px\" class=\"wp-caption alignnone\"><img loading=\"lazy\" decoding=\"async\" class=\"size-full wp-image-178230\" title=\"Sembo 601091 \u00c9lan du P\u00e8re No\u00ebl de No\u00ebl\" src=\"https:\/\/pay.lpwstore.com\/wp-content\/uploads\/2019\/11\/Ha807806d28ff437c896bce46f9fdade1E.jpg\" alt=\"Sembo 601091 Christmas Santa Claus Elk\" width=\"800\" height=\"915\" \/><figcaption id=\"caption-attachment-178230\" class=\"wp-caption-text\">Sembo 601091 \u00c9lan du P\u00e8re No\u00ebl de No\u00ebl<\/figcaption><\/figure>\n<figure id=\"attachment_178231\" aria-describedby=\"caption-attachment-178231\" style=\"width: 800px\" class=\"wp-caption alignnone\"><img loading=\"lazy\" decoding=\"async\" class=\"size-full wp-image-178231\" title=\"Sembo 601091 \u00c9lan du P\u00e8re No\u00ebl de No\u00ebl\" src=\"https:\/\/pay.lpwstore.com\/wp-content\/uploads\/2019\/11\/H6fd295b9487747f28613817265c563d3U.jpg\" alt=\"Sembo 601091 Christmas Santa Claus Elk\" width=\"800\" height=\"894\" \/><figcaption id=\"caption-attachment-178231\" class=\"wp-caption-text\">Sembo 601091 \u00c9lan du P\u00e8re No\u00ebl de No\u00ebl<\/figcaption><\/figure>\n<figure id=\"attachment_178232\" aria-describedby=\"caption-attachment-178232\" style=\"width: 800px\" class=\"wp-caption alignnone\"><img loading=\"lazy\" decoding=\"async\" class=\"size-full wp-image-178232\" title=\"Sembo 601091 \u00c9lan du P\u00e8re No\u00ebl de No\u00ebl\" src=\"https:\/\/pay.lpwstore.com\/wp-content\/uploads\/2019\/11\/H6a22297c9b234a06912234493873122aq.jpg\" alt=\"Sembo 601091 Christmas Santa Claus Elk\" width=\"800\" height=\"631\" \/><figcaption id=\"caption-attachment-178232\" class=\"wp-caption-text\">Sembo 601091 \u00c9lan du P\u00e8re No\u00ebl de No\u00ebl<\/figcaption><\/figure>\n<figure id=\"attachment_178233\" aria-describedby=\"caption-attachment-178233\" style=\"width: 800px\" class=\"wp-caption alignnone\"><img loading=\"lazy\" decoding=\"async\" class=\"size-full wp-image-178233\" title=\"Sembo 601091 \u00c9lan du P\u00e8re No\u00ebl de No\u00ebl\" src=\"https:\/\/pay.lpwstore.com\/wp-content\/uploads\/2019\/11\/H40ad5b717f84446f92fe1c731b60951ft.jpg\" alt=\"Sembo 601091 Christmas Santa Claus Elk\" width=\"800\" height=\"1026\" \/><figcaption id=\"caption-attachment-178233\" class=\"wp-caption-text\">Sembo 601091 \u00c9lan du P\u00e8re No\u00ebl de No\u00ebl<\/figcaption><\/figure>\n<figure id=\"attachment_178234\" aria-describedby=\"caption-attachment-178234\" style=\"width: 800px\" class=\"wp-caption alignnone\"><img loading=\"lazy\" decoding=\"async\" class=\"size-full wp-image-178234\" title=\"Sembo 601091 \u00c9lan du P\u00e8re No\u00ebl de No\u00ebl\" src=\"https:\/\/pay.lpwstore.com\/wp-content\/uploads\/2019\/11\/H799df0a60d464bc7b73a2f0fcac689a0K.jpg\" alt=\"Sembo 601091 Christmas Santa Claus Elk\" width=\"800\" height=\"717\" \/><figcaption id=\"caption-attachment-178234\" class=\"wp-caption-text\">Sembo 601091 \u00c9lan du P\u00e8re No\u00ebl de No\u00ebl<\/figcaption><\/figure>","protected":false},"excerpt":{"rendered":"<ul>\n<li>Quantit\u00e9 de bloc\u00a0: <strong>346 pi\u00e8ces<\/strong><\/li>\n<li>Contenu du coffret:\n<ul>\n<li>Jouet x 1 ensemble<\/li>\n<li>Instructions papier x 1 jeu<\/li>\n<\/ul>\n<\/li>\n<\/ul>","protected":false},"featured_media":12999,"comment_status":"open","ping_status":"closed","template":"","meta":{"_acf_changed":false},"product_cat":[371],"product_tag":[],"class_list":["product","first","instock","sale","shipping-taxable","purchasable","product-type-simple"],"acf":[],"_links":{"self":[{"href":"https:\/\/mouldking.store\/fr\/wp-json\/wp\/v2\/product\/12998","targetHints":{"allow":["GET"]}}],"collection":[{"href":"https:\/\/mouldking.store\/fr\/wp-json\/wp\/v2\/product"}],"about":[{"href":"https:\/\/mouldking.store\/fr\/wp-json\/wp\/v2\/types\/product"}],"replies":[{"embeddable":true,"href":"https:\/\/mouldking.store\/fr\/wp-json\/wp\/v2\/comments?post=12998"}],"wp:featuredmedia":[{"embeddable":true,"href":"https:\/\/mouldking.store\/fr\/wp-json\/wp\/v2\/media\/12999"}],"wp:attachment":[{"href":"https:\/\/mouldking.store\/fr\/wp-json\/wp\/v2\/media?parent=12998"}],"wp:term":[{"taxonomy":"product_cat","embeddable":true,"href":"https:\/\/mouldking.store\/fr\/wp-json\/wp\/v2\/product_cat?post=12998"},{"taxonomy":"product_tag","embeddable":true,"href":"https:\/\/mouldking.store\/fr\/wp-json\/wp\/v2\/product_tag?post=12998"}],"curies":[{"name":"wp","href":"https:\/\/api.w.org\/{rel}","templated":true}]}}