{"id":13007,"date":"2021-09-28T02:47:33","date_gmt":"2021-09-28T02:47:33","guid":{"rendered":"https:\/\/mouldking.store\/product\/qizhile-lej901-moc-mercedes-benz-g63-amg-6x6-white-9172336"},"modified":"2025-12-25T09:28:20","modified_gmt":"2025-12-25T02:28:20","slug":"qizhile-lej901-moc-mercedes-benz-g63-amg-6x6-white","status":"publish","type":"product","link":"https:\/\/mouldking.store\/fr\/shop\/qizhile-lej901-moc-mercedes-benz-g63-amg-6x6-white\/","title":{"rendered":"QIZHILE LEJ901 MOC Mercedes Benz G63 AMG 6\u00d76 Blanc"},"content":{"rendered":"<h4>Un superbe ensemble de briques QIZHILE LEJ901 MOC Mercedes Benz G63 AMG 6 \u00d7 6 Blanc est bas\u00e9 sur Mercedes Benz G63 AMG 6 \u00d7 6 Blanc<\/h4>\n<p>Il y a quelques ann\u00e9es, Mercedes-AMG a pr\u00e9sent\u00e9 le sauvage G63 6 \u00d7 6, une Classe G \u00e0 six roues, trois essieux et de nombreuses c\u00f4telettes tout-terrain. Ils ont longtemps \u00e9t\u00e9 vendus apr\u00e8s une s\u00e9rie de 100 v\u00e9hicules de production, mais un a fait surface \u00e0 vendre.<\/p>\n<p>Inscrite sur eBay aux \u00c9tats-Unis, cette Mercedes-AMG G63 6 \u00d7 6 2014 n&#039;a vu qu&#039;un seul propri\u00e9taire et 3 797 miles, et elle propose toutes les options propos\u00e9es par la soci\u00e9t\u00e9. Selon Scottsdale Ferrari en Arizona, le concessionnaire qui a mis le mastodonte en vente, le propri\u00e9taire d&#039;origine a achet\u00e9 le G63 6 \u00d7 6 pour environ $531 000 au Salon de l&#039;auto de Duba\u00ef. Elle est peinte Diamond White compens\u00e9e par un int\u00e9rieur noir et rouge.<\/p>\n<p><img decoding=\"async\" class=\"alignnone size-full wp-image-178559\" src=\"https:\/\/pay.lpwstore.com\/wp-content\/uploads\/2019\/11\/maxresdefault-1.jpg\" alt=\" width=\" height=\"720\" title=\"-\"><\/p>\n<h4>\u2022 +3300 pi\u00e8ces fabriqu\u00e9es \u00e0 partir de briques en plastique ABS 100% de haute qualit\u00e9, sans danger pour les enfants, longue dur\u00e9e de jeu, 100% compatible avec d&#039;autres marques de briques<\/h4>\n<p><span style=\"font-size: 14.4px;\">\u2022 Facile \u00e0 construire avec les instructions manuelles de QIZHILE LEJ901 MOC Mercedes Benz G63 AMG 6 \u00d7 6 Blanc <\/span><span style=\"font-size: 14.4px;\">avec un guide brique par brique et des images de haute qualit\u00e9<\/span><\/p>\n<p><span style=\"font-size: 14.4px;\">\u2022 Dimensions compl\u00e8tes de QIZHILE LEJ901 MOC Mercedes Benz G63 AMG 6\u00d76 Blanc<\/span><\/p>\n<p><img decoding=\"async\" class=\"alignnone size-full wp-image-178557\" src=\"https:\/\/pay.lpwstore.com\/wp-content\/uploads\/2019\/11\/WeChat-Image_20191125171050-Copy-6-scaled.jpg\" alt=\" width=\" height=\"1611\" title=\"-\"><\/p>\n<h4><strong>LIVRAISON &amp; RETOUR<\/strong><\/h4>\n<ul>\n<li>Nous garantissons pour QIZHILE LEJ901 MOC Mercedes Benz G63 AMG 6 \u00d7 6 Blanc : - Remboursement int\u00e9gral si vous ne recevez pas votre commande - Fourniture gratuite pour les pi\u00e8ces manquantes ou le manuel - Le client ne paiera plus les taxes et frais de douane. (Si vous devez payer, nous vous rembourserons)<\/li>\n<li>L&#039;exp\u00e9dition internationale est assez compliqu\u00e9e, nous nous effor\u00e7ons de traiter l&#039;ensemble de votre probl\u00e8me. Mais, si votre commande rencontre des probl\u00e8mes, veuillez nous contacter par e-mail<\/li>\n<li>ANNULATION DE LA COMMANDE\u00a0: Si vous devez annuler la commande, vous devez nous contacter par e-mail contact@pay.lpwstore.com d\u00e8s que possible. Nous ne pouvons pas arr\u00eater la commande avant 48 heures<\/li>\n<\/ul>\n<h4><strong>PARTIES MANQUANTES<\/strong><\/h4>\n<p>Toutes les pi\u00e8ces de QIZHILE LEJ901 MOC Mercedes Benz G63 AMG 6 \u00d7 6 Blanc sont v\u00e9rifi\u00e9es avant l&#039;exp\u00e9dition, donc si vous trouvez des pi\u00e8ces manquantes ou endommag\u00e9es, ne vous inqui\u00e9tez pas. Veuillez nous contacter et nous vous les enverrons sans aucun frais, ou nous vous offrirons un petit remboursement pour que vous puissiez acheter ailleurs.<\/p>\n<div id=\"gtx-anchor\" style=\"width: 222.111px; height: 16.6667px;\">\u00a0<\/div>\n<div class=\"jfk-bubble gtx-bubble\" role=\"alertdialog\" aria-describedby=\"bubble-8\">\n<div id=\"bubble-8\" class=\"jfk-bubble-content-id\">\n<div id=\"gtx-host\" style=\"min-width: 200px; max-width: 400px;\">\u00a0<\/div>\n<\/div>\n<div class=\"jfk-bubble-closebtn-id jfk-bubble-closebtn\" role=\"button\" aria-label=\"Fermer\">\u00a0<\/div>\n<div class=\"jfk-bubble-arrow-id jfk-bubble-arrow jfk-bubble-arrowup\">\n<div class=\"jfk-bubble-arrowimplbefore\">\u00a0<\/div>\n<div class=\"jfk-bubble-arrowimplafter\">\u00a0<\/div>\n<\/div>\n<\/div>","protected":false},"excerpt":{"rendered":"<p>\u2022 Avec 3300 pi\u00e8ces \u2022 Briques de la plus haute qualit\u00e9 (mieux que Lepin)<\/p>\n<p>Ce fantastique QIZHILE LEJ901 MOC Mercedes Benz G63 AMG 6 \u00d7 6 Blanc MADE BY LEPINWORLD est un MOC vraiment g\u00e9nial.<\/p>","protected":false},"featured_media":13008,"comment_status":"open","ping_status":"closed","template":"","meta":{"_acf_changed":false},"product_cat":[15],"product_tag":[],"class_list":["product","first","instock","shipping-taxable","purchasable","product-type-simple"],"acf":[],"_links":{"self":[{"href":"https:\/\/mouldking.store\/fr\/wp-json\/wp\/v2\/product\/13007","targetHints":{"allow":["GET"]}}],"collection":[{"href":"https:\/\/mouldking.store\/fr\/wp-json\/wp\/v2\/product"}],"about":[{"href":"https:\/\/mouldking.store\/fr\/wp-json\/wp\/v2\/types\/product"}],"replies":[{"embeddable":true,"href":"https:\/\/mouldking.store\/fr\/wp-json\/wp\/v2\/comments?post=13007"}],"wp:featuredmedia":[{"embeddable":true,"href":"https:\/\/mouldking.store\/fr\/wp-json\/wp\/v2\/media\/13008"}],"wp:attachment":[{"href":"https:\/\/mouldking.store\/fr\/wp-json\/wp\/v2\/media?parent=13007"}],"wp:term":[{"taxonomy":"product_cat","embeddable":true,"href":"https:\/\/mouldking.store\/fr\/wp-json\/wp\/v2\/product_cat?post=13007"},{"taxonomy":"product_tag","embeddable":true,"href":"https:\/\/mouldking.store\/fr\/wp-json\/wp\/v2\/product_tag?post=13007"}],"curies":[{"name":"wp","href":"https:\/\/api.w.org\/{rel}","templated":true}]}}