{"id":13072,"date":"2021-09-28T02:48:30","date_gmt":"2021-09-28T02:48:30","guid":{"rendered":"https:\/\/mouldking.store\/product\/winner-7065-morgen-3-wheeler-18-5170979"},"modified":"2021-12-23T09:54:41","modified_gmt":"2021-12-23T09:54:41","slug":"winner-7065-morgen-3-wheeler-18","status":"publish","type":"product","link":"https:\/\/mouldking.store\/fr\/shop\/winner-7065-morgen-3-wheeler-18\/","title":{"rendered":"WINNER 7065 Morgen 3 roues 1:8"},"content":{"rendered":"<p>La Morgan Motor Company a annonc\u00e9 qu&#039;elle lancerait le 3 Wheeler en 2011 au Salon de l&#039;automobile de Gen\u00e8ve. On disait initialement que le 3 Wheeler avait un moteur bicylindre en V Harley-Davidson Screaming Eagle et une transmission manuelle Mazda \u00e0 5 vitesses, et on estimait qu&#039;il d\u00e9livrait 115 ch (86 kW) \u00e0 la roue arri\u00e8re. Cependant, il y a eu une surprise lorsque le prototype pr\u00e9sent\u00e9 \u00e0 Gen\u00e8ve \u00e9tait \u00e9quip\u00e9 d&#039;un moteur S&amp;S. Les trois-roues de production se sont av\u00e9r\u00e9s \u00e9quip\u00e9s de moteurs S&amp;S. Le poids \u00e0 vide \u00e9tait initialement estim\u00e9 \u00e0 moins de 500 kg (1 102 lb), mais le poids final a \u00e9t\u00e9 test\u00e9 \u00e0 550 kg (1 212 lb). L&#039;acc\u00e9l\u00e9ration de z\u00e9ro \u00e0 60 mph (97 km \/ h) a \u00e9t\u00e9 estim\u00e9e par Morgan \u00e0 4,5 secondes, avec une vitesse de pointe (estim\u00e9e) de 115 mph (185 km \/ h). Le trois-roues doit \u00eatre homologu\u00e9 en tant que moto aux \u00c9tats-Unis<\/p>\n<p><img decoding=\"async\" class=\"alignnone size-full wp-image-179152\" src=\"https:\/\/pay.lpwstore.com\/wp-content\/uploads\/2019\/12\/t\u1ea3i-xu\u1ed1ng.png\" alt=\" width=\" height=\"612\" title=\"-\"><\/p>\n<div class=\"product-title\" data-spm-anchor-id=\"a2g0o.detail.1000016.i2.49f9456dZGFjL1\">\n<p><strong>SP\u00c9CIFICATIONS DE L&#039;ARTICLE<\/strong><\/p>\n<ul>\n<li>Un superbe jeu de briques WINNER 7065 Morgen 3 Wheeler 1:8 <span style=\"font-size: 14.4px\">de Rebrickable<\/span><\/li>\n<li><strong>838 pi\u00e8ces<\/strong> fabriqu\u00e9 \u00e0 partir de briques en plastique ABS 100% de haute qualit\u00e9, sans danger pour les enfants, longue dur\u00e9e de jeu, 100% compatible avec d&#039;autres marques de briques comme Le .go<\/li>\n<li><span style=\"font-size: 14.4px\">Facile \u00e0 construire avec des instructions pdf avec un guide brique par brique et des images de haute qualit\u00e9 - fichier pdf envoy\u00e9 par e-mail.<\/span><\/li>\n<li>Les dimensions compl\u00e8tes du stand peuvent \u00eatre visualis\u00e9es dans l&#039;image ci-dessous.\u00a0<img fetchpriority=\"high\" decoding=\"async\" class=\"size-full wp-image-178906\" title=\"GAGNANT 7065 Morgen 3 roues\" src=\"https:\/\/pay.lpwstore.com\/wp-content\/uploads\/2019\/12\/H32c4732a4da7411c9462481f904393e9l.jpg\" alt=\"WINNER 7065 Morgen 3 Wheeler\" width=\"800\" height=\"600\" \/><\/li>\n<\/ul>\n<\/div>\n<div data-spm-anchor-id=\"a2g0o.detail.1000016.i2.49f9456dZGFjL1\">\n<figure id=\"attachment_178897\" aria-describedby=\"caption-attachment-178897\" style=\"width: 800px\" class=\"wp-caption alignnone\"><img decoding=\"async\" class=\"size-full wp-image-178897\" title=\"GAGNANT 7065 Morgen 3 roues\" src=\"https:\/\/pay.lpwstore.com\/wp-content\/uploads\/2019\/12\/Hae21fe9cf3514e3984dd8dce1e1ee10ak.jpg\" alt=\"WINNER 7065 Morgen 3 Wheeler\" width=\"800\" height=\"600\" \/><figcaption id=\"caption-attachment-178897\" class=\"wp-caption-text\">WINNER 7065 Morgen 3 roues 1:8<\/figcaption><\/figure>\n<figure id=\"attachment_178898\" aria-describedby=\"caption-attachment-178898\" style=\"width: 800px\" class=\"wp-caption alignnone\"><img decoding=\"async\" class=\"size-full wp-image-178898\" title=\"GAGNANT 7065 Morgen 3 roues\" src=\"https:\/\/pay.lpwstore.com\/wp-content\/uploads\/2019\/12\/H1b370a771ff54cd9a0fdee90ea116bc9u.jpg\" alt=\"WINNER 7065 Morgen 3 Wheeler\" width=\"800\" height=\"600\" \/><figcaption id=\"caption-attachment-178898\" class=\"wp-caption-text\">WINNER 7065 Morgen 3 roues 1:8<\/figcaption><\/figure>\n<figure id=\"attachment_178899\" aria-describedby=\"caption-attachment-178899\" style=\"width: 800px\" class=\"wp-caption alignnone\"><img loading=\"lazy\" decoding=\"async\" class=\"size-full wp-image-178899\" title=\"GAGNANT 7065 Morgen 3 roues\" src=\"https:\/\/pay.lpwstore.com\/wp-content\/uploads\/2019\/12\/Hfad5420f634f4667b54f24a70f61399bL.jpg\" alt=\"WINNER 7065 Morgen 3 Wheeler\" width=\"800\" height=\"600\" \/><figcaption id=\"caption-attachment-178899\" class=\"wp-caption-text\">WINNER 7065 Morgen 3 roues 1:8<\/figcaption><\/figure>\n<figure id=\"attachment_178900\" aria-describedby=\"caption-attachment-178900\" style=\"width: 800px\" class=\"wp-caption alignnone\"><img loading=\"lazy\" decoding=\"async\" class=\"size-full wp-image-178900\" title=\"GAGNANT 7065 Morgen 3 roues\" src=\"https:\/\/pay.lpwstore.com\/wp-content\/uploads\/2019\/12\/H683c3843e46c4b13958b608d6ad28bb76.jpg\" alt=\"WINNER 7065 Morgen 3 Wheeler\" width=\"800\" height=\"600\" \/><figcaption id=\"caption-attachment-178900\" class=\"wp-caption-text\">WINNER 7065 Morgen 3 roues 1:8<\/figcaption><\/figure>\n<figure id=\"attachment_178901\" aria-describedby=\"caption-attachment-178901\" style=\"width: 800px\" class=\"wp-caption alignnone\"><img loading=\"lazy\" decoding=\"async\" class=\"size-full wp-image-178901\" title=\"GAGNANT 7065 Morgen 3 roues\" src=\"https:\/\/pay.lpwstore.com\/wp-content\/uploads\/2019\/12\/H9a7fba80f004484d8418e45a842fc7e9s.jpg\" alt=\"WINNER 7065 Morgen 3 Wheeler\" width=\"800\" height=\"600\" \/><figcaption id=\"caption-attachment-178901\" class=\"wp-caption-text\">WINNER 7065 Morgen 3 roues 1:8<\/figcaption><\/figure>\n<figure id=\"attachment_178902\" aria-describedby=\"caption-attachment-178902\" style=\"width: 800px\" class=\"wp-caption alignnone\"><img loading=\"lazy\" decoding=\"async\" class=\"size-full wp-image-178902\" title=\"GAGNANT 7065 Morgen 3 roues\" src=\"https:\/\/pay.lpwstore.com\/wp-content\/uploads\/2019\/12\/Hf12997f4fbcf4835bcace79290388591Y.jpg\" alt=\"WINNER 7065 Morgen 3 Wheeler\" width=\"800\" height=\"600\" \/><figcaption id=\"caption-attachment-178902\" class=\"wp-caption-text\">WINNER 7065 Morgen 3 roues 1:8<\/figcaption><\/figure>\n<figure id=\"attachment_178903\" aria-describedby=\"caption-attachment-178903\" style=\"width: 800px\" class=\"wp-caption alignnone\"><img loading=\"lazy\" decoding=\"async\" class=\"size-full wp-image-178903\" title=\"GAGNANT 7065 Morgen 3 roues\" src=\"https:\/\/pay.lpwstore.com\/wp-content\/uploads\/2019\/12\/Hfa4fe60779be4976aab8210dcd855b6aZ.jpg\" alt=\"WINNER 7065 Morgen 3 Wheeler\" width=\"800\" height=\"600\" \/><figcaption id=\"caption-attachment-178903\" class=\"wp-caption-text\">WINNER 7065 Morgen 3 roues 1:8<\/figcaption><\/figure>\n<figure id=\"attachment_178904\" aria-describedby=\"caption-attachment-178904\" style=\"width: 800px\" class=\"wp-caption alignnone\"><img loading=\"lazy\" decoding=\"async\" class=\"size-full wp-image-178904\" title=\"GAGNANT 7065 Morgen 3 roues\" src=\"https:\/\/pay.lpwstore.com\/wp-content\/uploads\/2019\/12\/Hc2ebeb68b16c4948a281f7d5a0e2d439T.jpg\" alt=\"WINNER 7065 Morgen 3 Wheeler\" width=\"800\" height=\"600\" \/><figcaption id=\"caption-attachment-178904\" class=\"wp-caption-text\">WINNER 7065 Morgen 3 roues 1:8<\/figcaption><\/figure>\n<figure id=\"attachment_178905\" aria-describedby=\"caption-attachment-178905\" style=\"width: 800px\" class=\"wp-caption alignnone\"><img loading=\"lazy\" decoding=\"async\" class=\"size-full wp-image-178905\" title=\"GAGNANT 7065 Morgen 3 roues\" src=\"https:\/\/pay.lpwstore.com\/wp-content\/uploads\/2019\/12\/H11a82e67a49e47cfa62fad46e55b4282k.jpg\" alt=\"WINNER 7065 Morgen 3 Wheeler\" width=\"800\" height=\"600\" \/><figcaption id=\"caption-attachment-178905\" class=\"wp-caption-text\">WINNER 7065 Morgen 3 roues 1:8<\/figcaption><\/figure>\n<\/div>\n<div class=\"product-reviewer\">\n<div class=\"overview-rating\">\n<div class=\"next-rating next-rating-large next-rating-grade-high\" role=\"group\" aria-label=\"\u8bc4\u5206\u9009\u9879\">\n<div class=\"next-rating-base next-rating-base-disabled\">\n<div class=\"next-rating-underlay\" aria-hidden=\"true\"><\/div>\n<\/div>\n<\/div>\n<\/div>\n<\/div>","protected":false},"excerpt":{"rendered":"<ul>\n<li>Contenir: <strong>838 pi\u00e8ces<\/strong><\/li>\n<li>Briques de la plus haute qualit\u00e9<\/li>\n<\/ul>","protected":false},"featured_media":13073,"comment_status":"open","ping_status":"closed","template":"","meta":{"_acf_changed":false},"product_cat":[],"product_tag":[],"class_list":["product","first","instock","shipping-taxable","purchasable","product-type-simple"],"acf":[],"_links":{"self":[{"href":"https:\/\/mouldking.store\/fr\/wp-json\/wp\/v2\/product\/13072","targetHints":{"allow":["GET"]}}],"collection":[{"href":"https:\/\/mouldking.store\/fr\/wp-json\/wp\/v2\/product"}],"about":[{"href":"https:\/\/mouldking.store\/fr\/wp-json\/wp\/v2\/types\/product"}],"replies":[{"embeddable":true,"href":"https:\/\/mouldking.store\/fr\/wp-json\/wp\/v2\/comments?post=13072"}],"wp:featuredmedia":[{"embeddable":true,"href":"https:\/\/mouldking.store\/fr\/wp-json\/wp\/v2\/media\/13073"}],"wp:attachment":[{"href":"https:\/\/mouldking.store\/fr\/wp-json\/wp\/v2\/media?parent=13072"}],"wp:term":[{"taxonomy":"product_cat","embeddable":true,"href":"https:\/\/mouldking.store\/fr\/wp-json\/wp\/v2\/product_cat?post=13072"},{"taxonomy":"product_tag","embeddable":true,"href":"https:\/\/mouldking.store\/fr\/wp-json\/wp\/v2\/product_tag?post=13072"}],"curies":[{"name":"wp","href":"https:\/\/api.w.org\/{rel}","templated":true}]}}