{"id":13357,"date":"2021-09-28T02:52:10","date_gmt":"2021-09-27T19:52:10","guid":{"rendered":"https:\/\/mouldking.store\/product\/wange-6211-brandenburgertor-gate-berlin-germany-9328935"},"modified":"2023-03-14T09:59:18","modified_gmt":"2023-03-14T02:59:18","slug":"wange-6211-brandenburgertor-gate-berlin-germany","status":"publish","type":"product","link":"https:\/\/mouldking.store\/fr\/shop\/wange-6211-brandenburgertor-gate-berlin-germany\/","title":{"rendered":"WANGE 6211 Porte Brandenburgertor, Berlin, Allemagne"},"content":{"rendered":"<div class=\"richtext_wrap\">\n<div class=\"richtext\">\n<div class=\"richtext_wrap\">\n<div class=\"richtext\">Le Brandenburgertor \u00e0 Berlin, en Allemagne, appartient \u00e0 la s\u00e9rie de mod\u00e8les avanc\u00e9s d&#039;ensembles de blocs de construction, et l&#039;ensemble complet contient 1552 particules de blocs de construction. Lanc\u00e9 pour la premi\u00e8re fois en 2019.<\/div>\n<\/div>\n<\/div>\n<\/div>","protected":false},"excerpt":{"rendered":"<ul>\n<li>Inclure <strong>838+<\/strong> PC avec manuel d&#039;instructions<\/li>\n<li>Bloc de haute qualit\u00e9<\/li>\n<\/ul>","protected":false},"featured_media":13358,"comment_status":"open","ping_status":"closed","template":"","meta":{"_acf_changed":false},"product_cat":[15],"product_tag":[],"class_list":["product","first","instock","shipping-taxable","purchasable","product-type-simple"],"acf":[],"_links":{"self":[{"href":"https:\/\/mouldking.store\/fr\/wp-json\/wp\/v2\/product\/13357","targetHints":{"allow":["GET"]}}],"collection":[{"href":"https:\/\/mouldking.store\/fr\/wp-json\/wp\/v2\/product"}],"about":[{"href":"https:\/\/mouldking.store\/fr\/wp-json\/wp\/v2\/types\/product"}],"replies":[{"embeddable":true,"href":"https:\/\/mouldking.store\/fr\/wp-json\/wp\/v2\/comments?post=13357"}],"wp:featuredmedia":[{"embeddable":true,"href":"https:\/\/mouldking.store\/fr\/wp-json\/wp\/v2\/media\/13358"}],"wp:attachment":[{"href":"https:\/\/mouldking.store\/fr\/wp-json\/wp\/v2\/media?parent=13357"}],"wp:term":[{"taxonomy":"product_cat","embeddable":true,"href":"https:\/\/mouldking.store\/fr\/wp-json\/wp\/v2\/product_cat?post=13357"},{"taxonomy":"product_tag","embeddable":true,"href":"https:\/\/mouldking.store\/fr\/wp-json\/wp\/v2\/product_tag?post=13357"}],"curies":[{"name":"wp","href":"https:\/\/api.w.org\/{rel}","templated":true}]}}