{"id":13605,"date":"2021-09-28T02:55:52","date_gmt":"2021-09-28T02:55:52","guid":{"rendered":"https:\/\/mouldking.store\/product\/zhegao-ql0937-chinese-restaurant-3996316"},"modified":"2021-12-23T09:54:35","modified_gmt":"2021-12-23T09:54:35","slug":"zhegao-ql0937-chinese-restaurant","status":"publish","type":"product","link":"https:\/\/mouldking.store\/fr\/shop\/zhegao-ql0937-chinese-restaurant\/","title":{"rendered":"ZHEGAO QL0937 Chinese Restaurant"},"content":{"rendered":"<p><strong>D\u00c9TAIL DU PRODUIT<\/strong><\/p>\n<p>ZHEGAO QL0937 Chinese Restaurant is based\u00a0 on Chinese Restaurant.\u00a0 It&#8217;s an awesome Brick set building<\/p>\n<ul>\n<li>+ 1326\u00a0 pieces made from high-quality 100% ABS plastic bricks, safe for children, long time to play, 100% compatible with other brick brands<\/li>\n<li><span style=\"font-size: 14.4px;\">Easy-to-build with manual instruction of ZHEGAO QL0937 Chinese Restaurant <\/span><span style=\"font-size: 14.4px; color: #555555;\">avec un guide brique par brique et des images de haute qualit\u00e9<\/span><\/li>\n<li><span style=\"font-size: 14.4px;\">Full dimensions of ZHEGAO QL0937 Chinese Restaurant:<\/span> 19,2cm x 17,5cm x 25,5cm<\/li>\n<\/ul>\n<figure id=\"attachment_185085\" aria-describedby=\"caption-attachment-185085\" style=\"width: 1020px\" class=\"wp-caption alignnone\"><img fetchpriority=\"high\" decoding=\"async\" class=\"wp-image-185085 size-large\" src=\"https:\/\/pay.lpwstore.com\/wp-content\/uploads\/2020\/03\/ZHEGAO-QL0937-Chinese-Restaurant_3-1024x648.jpg\" alt=\"-\" width=\"1020\" height=\"645\" title=\"-\"><figcaption id=\"caption-attachment-185085\" class=\"wp-caption-text\">ZHEGAO QL0937 Chinese Restaurant<\/figcaption><\/figure>\n<h4><strong>LIVRAISON &amp; RETOUR<\/strong><\/h4>\n<p>We guarantee for ZHEGAO QL0937 Chinese Restaurant<\/p>\n<ul>\n<li>Remboursement int\u00e9gral si vous ne recevez pas votre commande<\/li>\n<li>Fournir gratuitement les pi\u00e8ces manquantes ou le livre manuel<\/li>\n<li>Le client ne paiera plus les taxes et frais de douane. (Si vous devez payer, nous vous rembourserons)<\/li>\n<li>L&#039;exp\u00e9dition internationale est assez compliqu\u00e9e, nous nous effor\u00e7ons de traiter l&#039;ensemble de votre probl\u00e8me. Mais, si votre commande rencontre des probl\u00e8mes, veuillez nous contacter par e-mail<\/li>\n<li><span data-text-color=\"alert\"><strong>Annuler la commande:<\/strong><\/span> Si vous devez annuler une commande, vous devez nous contacter par e-mail contact@pay.lpwstore.com d\u00e8s que possible. Nous ne pouvons pas arr\u00eater la commande avant 48 heures<\/li>\n<\/ul>\n<h4><strong>PARTIES MANQUANTES<\/strong><\/h4>\n<p>All parts of ZHEGAO QL0937 Chinese Restaurant \u00a0are quality checked before shipping, so if you find some missing or damaged parts, don&#8217;t worry. Please contact us and we will send them to you without any fees, or we will offer a small refund for you to buy in other places.<\/p>\n<figure id=\"attachment_185083\" aria-describedby=\"caption-attachment-185083\" style=\"width: 1020px\" class=\"wp-caption alignnone\"><img decoding=\"async\" class=\"wp-image-185083 size-large\" src=\"https:\/\/pay.lpwstore.com\/wp-content\/uploads\/2020\/03\/ZHEGAO-QL0937-Chinese-Restaurant_1-1024x978.jpg\" alt=\"-\" width=\"1020\" height=\"974\" title=\"-\"><figcaption id=\"caption-attachment-185083\" class=\"wp-caption-text\">ZHEGAO QL0937 Chinese Restaurant<\/figcaption><\/figure>\n<figure id=\"attachment_185084\" aria-describedby=\"caption-attachment-185084\" style=\"width: 1020px\" class=\"wp-caption alignnone\"><img decoding=\"async\" class=\"wp-image-185084 size-large\" src=\"https:\/\/pay.lpwstore.com\/wp-content\/uploads\/2020\/03\/ZHEGAO-QL0937-Chinese-Restaurant_2-1024x696.jpg\" alt=\"-\" width=\"1020\" height=\"693\" title=\"-\"><figcaption id=\"caption-attachment-185084\" class=\"wp-caption-text\">ZHEGAO QL0937 Chinese Restaurant<\/figcaption><\/figure>\n<figure id=\"attachment_185086\" aria-describedby=\"caption-attachment-185086\" style=\"width: 900px\" class=\"wp-caption alignnone\"><img loading=\"lazy\" decoding=\"async\" class=\"wp-image-185086 size-large\" src=\"https:\/\/pay.lpwstore.com\/wp-content\/uploads\/2020\/03\/ZHEGAO-QL0937-Chinese-Restaurant_4-900x1024.jpg\" alt=\"-\" width=\"900\" height=\"1024\" title=\"-\"><figcaption id=\"caption-attachment-185086\" class=\"wp-caption-text\">ZHEGAO QL0937 Chinese Restaurant<\/figcaption><\/figure>","protected":false},"excerpt":{"rendered":"<h3><span data-text-color=\"alert\"><strong>ZHEGAO QL0937 The Chinese Restaurant<\/strong><\/span><\/h3>\n<ul>\n<li>Quantit\u00e9 de brique\u00a0:<strong> 1326+ <\/strong>pi\u00e8ces<\/li>\n<li>Service\u00a0: pi\u00e8ces de rechange gratuites<\/li>\n<li>Remarque : pas de bo\u00eete d&#039;origine, utilisez un sac \u00e0 bulles ou une bo\u00eete en carton vierge.<\/li>\n<\/ul>","protected":false},"featured_media":13606,"comment_status":"open","ping_status":"closed","template":"","meta":{"_acf_changed":false},"product_cat":[],"product_tag":[],"class_list":["product","first","instock","shipping-taxable","purchasable","product-type-simple"],"acf":[],"_links":{"self":[{"href":"https:\/\/mouldking.store\/fr\/wp-json\/wp\/v2\/product\/13605","targetHints":{"allow":["GET"]}}],"collection":[{"href":"https:\/\/mouldking.store\/fr\/wp-json\/wp\/v2\/product"}],"about":[{"href":"https:\/\/mouldking.store\/fr\/wp-json\/wp\/v2\/types\/product"}],"replies":[{"embeddable":true,"href":"https:\/\/mouldking.store\/fr\/wp-json\/wp\/v2\/comments?post=13605"}],"wp:featuredmedia":[{"embeddable":true,"href":"https:\/\/mouldking.store\/fr\/wp-json\/wp\/v2\/media\/13606"}],"wp:attachment":[{"href":"https:\/\/mouldking.store\/fr\/wp-json\/wp\/v2\/media?parent=13605"}],"wp:term":[{"taxonomy":"product_cat","embeddable":true,"href":"https:\/\/mouldking.store\/fr\/wp-json\/wp\/v2\/product_cat?post=13605"},{"taxonomy":"product_tag","embeddable":true,"href":"https:\/\/mouldking.store\/fr\/wp-json\/wp\/v2\/product_tag?post=13605"}],"curies":[{"name":"wp","href":"https:\/\/api.w.org\/{rel}","templated":true}]}}