{"id":13649,"date":"2021-09-28T02:56:31","date_gmt":"2021-09-28T02:56:31","guid":{"rendered":"https:\/\/mouldking.store\/product\/lej-904-moc-31189-chevrolet-corvette-c8-rapid-blue-grand-sport-2020-18-3860489"},"modified":"2025-12-25T09:28:20","modified_gmt":"2025-12-25T02:28:20","slug":"lej-904-moc-31189-chevrolet-corvette-c8-rapid-blue-grand-sport-2020-18","status":"publish","type":"product","link":"https:\/\/mouldking.store\/fr\/shop\/lej-904-moc-31189-chevrolet-corvette-c8-rapid-blue-grand-sport-2020-18\/","title":{"rendered":"LEJ 904 MOC 31189 Chevrolet Corvette C8 Rapid Blue Grand Sport 2020 1:8"},"content":{"rendered":"<p><strong>D\u00c9TAIL DU PRODUIT<\/strong> LEJ 904 MOC 31189 Chevrolet Corvette C8 Rapid Blue Grand Sport 2020 1:8is based\u00a0 on Chevrolet Corvette C8 Rapid Blue Grand Sport 2020.\u00a0 It&#8217;s an awesome Brick set MOC, produced by Lepinworld. One of the C8 Corvette&#8217;s biggest highlights is its starting price: $59,995. But like so many modern cars, there&#8217;s a number of packages and options that can drive the price up. Chevy&#8217;s just put up the car&#8217;s configurator on its website, complete with pricing. Currently, the site only has the coupe available to configure. Seeing as how the convertible was unveiled just yesterday, that&#8217;s not surprising. The quickest way to drive up the price is to choose either the 2LT or 3LT trim levels, or go for the $5000 Z51 performance package (a must-have in our eyes). Other pricey options include Magnetic Ride shocks ($1895), a nose-lift system ($1495), or a carbon fiber ground effects body kit, shown on my goofy configuration above ($4895). <img fetchpriority=\"high\" decoding=\"async\" class=\"alignnone size-large wp-image-184915\" src=\"https:\/\/pay.lpwstore.com\/wp-content\/uploads\/2020\/02\/hmg-prod.s3.amazonaws-1024x545.png\" alt=\"-\" width=\"1020\" height=\"543\" title=\"-\"><\/p>\n<ul>\n<li>With + 2580\u00a0 pieces made from high-quality 100% ABS plastic bricks, safe for children, long time to play, 100% compatible with other brick brands<\/li>\n<li><span style=\"font-size: 14.4px;\">Easy-to-build with manual instruction of LEJ 904 Chevrolet Corvette C8 Rapid Blue Grand Sport 2020 1:8 <\/span><span style=\"font-size: 14.4px; color: #555555;\">avec un guide brique par brique et des images de haute qualit\u00e9<\/span><\/li>\n<li><span style=\"font-size: 14.4px;\">Full dimensions of LEJ 904 Chevrolet Corvette C8 Rapid Blue Grand Sport 2020 1:8: 26cm x 53cm x 14cm<\/span><\/li>\n<\/ul>\n<p><img decoding=\"async\" class=\"alignnone size-large wp-image-184920\" src=\"https:\/\/pay.lpwstore.com\/wp-content\/uploads\/2020\/02\/WeChat-Image_20200228210755-Copy-5-1024x432.jpg\" alt=\"-\" width=\"1020\" height=\"430\" title=\"-\"><\/p>\n<h4><strong>LIVRAISON &amp; RETOUR<\/strong><\/h4>\n<p>We guarantee for LEJ 904 MOC 31189 Chevrolet Corvette C8 Rapid Blue Grand Sport 2020 1:8:<\/p>\n<ul>\n<li>Remboursement int\u00e9gral si vous ne recevez pas votre commande<\/li>\n<li>Fournir gratuitement les pi\u00e8ces manquantes ou le livre manuel<\/li>\n<li>Le client ne paiera plus les taxes et frais de douane. (Si vous devez payer, nous vous rembourserons)<\/li>\n<li>L&#039;exp\u00e9dition internationale est assez compliqu\u00e9e, nous nous effor\u00e7ons de traiter l&#039;ensemble de votre probl\u00e8me. Mais, si votre commande rencontre des probl\u00e8mes, veuillez nous contacter par e-mail<\/li>\n<li><span data-text-color=\"alert\"><strong>Annuler la commande:<\/strong><\/span> Si vous devez annuler une commande, vous devez nous contacter par e-mail contact@pay.lpwstore.com d\u00e8s que possible. Nous ne pouvons pas arr\u00eater la commande avant 48 heures<\/li>\n<\/ul>\n<h4><strong>PARTIES MANQUANTES<\/strong><\/h4>\n<p><figure id=\"attachment_184921\" aria-describedby=\"caption-attachment-184921\" style=\"width: 895px\" class=\"wp-caption alignnone\"><img decoding=\"async\" class=\"wp-image-184921 size-large\" src=\"https:\/\/pay.lpwstore.com\/wp-content\/uploads\/2020\/02\/WeChat-Image_20200228210755-Copy-6-895x1024.jpg\" alt=\"-\" width=\"895\" height=\"1024\" title=\"-\"><figcaption id=\"caption-attachment-184921\" class=\"wp-caption-text\">LEJ 904 MOC 31189 Chevrolet Corvette C8 Rapid Blue Grand Sport 2020 1:8<\/figcaption><\/figure><figure id=\"attachment_184917\" aria-describedby=\"caption-attachment-184917\" style=\"width: 1020px\" class=\"wp-caption alignnone\"><img loading=\"lazy\" decoding=\"async\" class=\"wp-image-184917 size-large\" src=\"https:\/\/pay.lpwstore.com\/wp-content\/uploads\/2020\/02\/WeChat-Image_20200228210755-Copy-2-1024x879.jpg\" alt=\"LEJ 904 Chevrolet Corvette C8 Rapid Blue Grand Sport 2020 1:8\" width=\"1020\" height=\"876\" title=\"-\"><figcaption id=\"caption-attachment-184917\" class=\"wp-caption-text\">LEJ 904 MOC 31189 Chevrolet Corvette C8 Rapid Blue Grand Sport 2020 1:8<\/figcaption><\/figure><\/p>\n<p>All parts of LEJ 904 MOC 31189 Chevrolet Corvette C8 Rapid Blue Grand Sport 2020 1:8 \u00a0are quality checked before shipping, so if you find some missing or damaged parts, don&#8217;t worry. Please contact us and we will send them to you without any fees, or we will offer a small refund for you to buy in other places. <img loading=\"lazy\" decoding=\"async\" class=\"alignnone size-large wp-image-184922\" src=\"https:\/\/pay.lpwstore.com\/wp-content\/uploads\/2020\/02\/WeChat-Image_20200228210755-Copy-1024x610.jpg\" alt=\"-\" width=\"1020\" height=\"608\" title=\"-\"> <img loading=\"lazy\" decoding=\"async\" class=\"alignnone size-large wp-image-184919\" src=\"https:\/\/pay.lpwstore.com\/wp-content\/uploads\/2020\/02\/WeChat-Image_20200228210755-Copy-4-1015x1024.jpg\" alt=\"-\" width=\"1015\" height=\"1024\" title=\"-\"><\/p>","protected":false},"excerpt":{"rendered":"<h3><span data-text-color=\"alert\"><strong>VERSION: NO MOTOR<\/strong><\/span><\/h3>\n<ul>\n<li>Quantit\u00e9 de brique\u00a0:<strong> +2580 <\/strong>pi\u00e8ces<\/li>\n<li>Service\u00a0: pi\u00e8ces de rechange gratuites<\/li>\n<li>Remarque : pas de bo\u00eete d&#039;origine, utilisez un sac \u00e0 bulles ou une bo\u00eete en carton vierge.<\/li>\n<\/ul>","protected":false},"featured_media":13650,"comment_status":"open","ping_status":"closed","template":"","meta":{"_acf_changed":false},"product_cat":[],"product_tag":[],"class_list":["product","first","outofstock","shipping-taxable","purchasable","product-type-simple"],"acf":[],"_links":{"self":[{"href":"https:\/\/mouldking.store\/fr\/wp-json\/wp\/v2\/product\/13649","targetHints":{"allow":["GET"]}}],"collection":[{"href":"https:\/\/mouldking.store\/fr\/wp-json\/wp\/v2\/product"}],"about":[{"href":"https:\/\/mouldking.store\/fr\/wp-json\/wp\/v2\/types\/product"}],"replies":[{"embeddable":true,"href":"https:\/\/mouldking.store\/fr\/wp-json\/wp\/v2\/comments?post=13649"}],"wp:featuredmedia":[{"embeddable":true,"href":"https:\/\/mouldking.store\/fr\/wp-json\/wp\/v2\/media\/13650"}],"wp:attachment":[{"href":"https:\/\/mouldking.store\/fr\/wp-json\/wp\/v2\/media?parent=13649"}],"wp:term":[{"taxonomy":"product_cat","embeddable":true,"href":"https:\/\/mouldking.store\/fr\/wp-json\/wp\/v2\/product_cat?post=13649"},{"taxonomy":"product_tag","embeddable":true,"href":"https:\/\/mouldking.store\/fr\/wp-json\/wp\/v2\/product_tag?post=13649"}],"curies":[{"name":"wp","href":"https:\/\/api.w.org\/{rel}","templated":true}]}}