{"id":13658,"date":"2021-09-28T02:56:40","date_gmt":"2021-09-28T02:56:40","guid":{"rendered":"https:\/\/mouldking.store\/product\/sy7598-iron-man-mk43-bust-12-by-zetovince-motorize-6892516"},"modified":"2021-12-23T09:54:35","modified_gmt":"2021-12-23T09:54:35","slug":"sy7598-iron-man-mk43-bust-12-by-zetovince-motorize","status":"publish","type":"product","link":"https:\/\/mouldking.store\/fr\/shop\/sy7598-iron-man-mk43-bust-12-by-zetovince-motorize\/","title":{"rendered":"SY7598 Iron Man MK43 Buste 1:2 par ZetoVince Motorize"},"content":{"rendered":"<p><strong>D\u00c9TAIL DU PRODUIT<\/strong><\/p>\n<p>SY7598 Iron Man MK43 Bust 1:2 de ZetoVince Motorize by est bas\u00e9 sur la conception de ZetoVince (George Panteleon), un buste d&#039;Iron Man - un c\u00e9l\u00e8bre super h\u00e9ros de Marvel.<br \/>\n<img decoding=\"async\" class=\"alignnone size-full wp-image-180754\" src=\"https:\/\/pay.lpwstore.com\/wp-content\/uploads\/2019\/12\/61Iqoc4or5L._SX569_.jpg\" alt=\" width=\" height=\"569\" title=\"-\"><\/p>\n<h4>Un superbe ensemble de briques SY7598 Iron Man MK43 Bust 1:2 par ZetoVince Motorize<\/h4>\n<h4>\u2022 +1383 pi\u00e8ces fabriqu\u00e9es \u00e0 partir de briques en plastique ABS 100% de haute qualit\u00e9, sans danger pour les enfants, longue dur\u00e9e de jeu, 100% compatible avec d&#039;autres marques de briques<\/h4>\n<p><span style=\"font-size: 14.4px;\">\u2022 Inclure une lumi\u00e8re LED, de sorte que les yeux et le c\u0153ur d&#039;Iron Man s&#039;allument<\/span><\/p>\n<p><span style=\"font-size: 14.4px;\">\u2022 Facile \u00e0 construire avec les instructions manuelles du SY7598 Iron Man MK43 Bust 1:2 par ZetoVince Motorize <\/span><span style=\"font-size: 14.4px; color: #555555;\">avec un guide brique par brique et des images de haute qualit\u00e9<\/span><\/p>\n<p><span style=\"font-size: 14.4px;\">\u2022 Dimensions compl\u00e8tes du buste SY7598 Iron Man MK43 1:2 par ZetoVince Motorize\u00a0: 30\u00a0cm x 27\u00a0cm<\/span><\/p>\n<figure id=\"attachment_185129\" aria-describedby=\"caption-attachment-185129\" style=\"width: 1020px\" class=\"wp-caption alignnone\"><img fetchpriority=\"high\" decoding=\"async\" class=\"wp-image-185129 size-large\" src=\"https:\/\/pay.lpwstore.com\/wp-content\/uploads\/2020\/03\/SY7598-Iron-Man-MK43-Bust-12-by-ZetoVince-Motorize_4-1024x621.jpg\" alt=\"-\" width=\"1020\" height=\"619\" title=\"-\"><figcaption id=\"caption-attachment-185129\" class=\"wp-caption-text\">SY7598 Iron Man MK43 Buste 1:2 par ZetoVince Motorize<\/figcaption><\/figure>\n<h4><strong>LIVRAISON &amp; RETOUR<\/strong><\/h4>\n<p>Nous garantissons pour SY7598 Iron Man MK43 Buste 1:2 par ZetoVince Motorize<\/p>\n<p>- Remboursement int\u00e9gral si vous ne recevez pas votre commande - Fourniture gratuite pour les pi\u00e8ces manquantes ou le manuel - Le client ne paiera plus les taxes et les frais de douane. (Si vous devez payer, nous vous rembourserons)<\/p>\n<p>\u2013 L&#039;exp\u00e9dition internationale est assez compliqu\u00e9e, nous nous effor\u00e7ons de traiter l&#039;ensemble de votre probl\u00e8me. Mais, si votre commande rencontre des probl\u00e8mes, veuillez nous contacter par e-mail<\/p>\n<p>\u2013 ANNULATION DE COMMANDE : Si vous devez annuler une commande, vous devez nous contacter par e-mail contact@pay.lpwstore.com d\u00e8s que possible. Nous ne pouvons pas arr\u00eater la commande avant 48 heures<\/p>\n<h4><strong>PARTIES MANQUANTES<\/strong><\/h4>\n<p>Toutes les pi\u00e8ces du SY7598 Iron Man MK43 Buste 1:2 de ZetoVince Motorize sont contr\u00f4l\u00e9es avant l&#039;exp\u00e9dition, donc si vous trouvez des pi\u00e8ces manquantes ou endommag\u00e9es, ne vous inqui\u00e9tez pas. Veuillez nous contacter et nous vous les enverrons sans aucun frais, ou nous vous offrirons un petit remboursement pour que vous puissiez acheter dans d&#039;autres endroits.<\/p>\n<figure id=\"attachment_185130\" aria-describedby=\"caption-attachment-185130\" style=\"width: 1020px\" class=\"wp-caption alignnone\"><img decoding=\"async\" class=\"wp-image-185130 size-large\" src=\"https:\/\/pay.lpwstore.com\/wp-content\/uploads\/2020\/03\/SY7598-Iron-Man-MK43-Bust-12-by-ZetoVince-Motorize_5-1024x637.jpg\" alt=\"-\" width=\"1020\" height=\"635\" title=\"-\"><figcaption id=\"caption-attachment-185130\" class=\"wp-caption-text\">SY7598 Iron Man MK43 Buste 1:2 par ZetoVince Motorize<\/figcaption><\/figure>\n<figure id=\"attachment_185131\" aria-describedby=\"caption-attachment-185131\" style=\"width: 1020px\" class=\"wp-caption alignnone\"><img decoding=\"async\" class=\"wp-image-185131 size-large\" src=\"https:\/\/pay.lpwstore.com\/wp-content\/uploads\/2020\/03\/SY7598-Iron-Man-MK43-Bust-12-by-ZetoVince-Motorize_6-1024x589.jpg\" alt=\"-\" width=\"1020\" height=\"587\" title=\"-\"><figcaption id=\"caption-attachment-185131\" class=\"wp-caption-text\">SY7598 Iron Man MK43 Buste 1:2 par ZetoVince Motorize<\/figcaption><\/figure>\n<figure id=\"attachment_185128\" aria-describedby=\"caption-attachment-185128\" style=\"width: 1020px\" class=\"wp-caption alignnone\"><img loading=\"lazy\" decoding=\"async\" class=\"wp-image-185128 size-large\" src=\"https:\/\/pay.lpwstore.com\/wp-content\/uploads\/2020\/03\/SY7598-Iron-Man-MK43-Bust-12-by-ZetoVince-Motorize_3-1024x925.jpg\" alt=\"-\" width=\"1020\" height=\"921\" title=\"-\"><figcaption id=\"caption-attachment-185128\" class=\"wp-caption-text\">SY7598 Iron Man MK43 Buste 1:2 par ZetoVince Motorize<\/figcaption><\/figure>\n<div id=\"gtx-anchor\" style=\"width: 222.111px; height: 16.6667px;\"><\/div>\n<div class=\"jfk-bubble gtx-bubble\" role=\"alertdialog\" aria-describedby=\"bubble-8\">\n<div id=\"bubble-8\" class=\"jfk-bubble-content-id\">\n<div id=\"gtx-host\" style=\"min-width: 200px; max-width: 400px;\"><\/div>\n<\/div>\n<div class=\"jfk-bubble-closebtn-id jfk-bubble-closebtn\" role=\"button\" aria-label=\"Fermer\"><\/div>\n<div class=\"jfk-bubble-arrow-id jfk-bubble-arrow jfk-bubble-arrowup\">\n<div class=\"jfk-bubble-arrowimplbefore\"><\/div>\n<div class=\"jfk-bubble-arrowimplafter\"><\/div>\n<\/div>\n<\/div>","protected":false},"excerpt":{"rendered":"<h2><span data-text-color=\"alert\"><strong>PR\u00c9VENTE \u2013 PR\u00caT \u00c0 EXP\u00c9DIER \u00c0 PARTIR D&#039;AVRIL 2020<\/strong><\/span><\/h2>\n<h3><strong>SY7598 Iron Man MK43 Buste 1:2 par ZetoVince Motorize<\/strong><\/h3>\n<p>\u2022 Inclure: <strong>1383+ pi\u00e8ces<\/strong><\/p>\n<p>\u2022 Briques de la plus haute qualit\u00e9<\/p>\n<p>\u2022 Ne contient pas la bo\u00eete d&#039;origine. Seule bo\u00eete en carton avec emballage \u00e0 bulles \u00e0 l&#039;ext\u00e9rieur<\/p>","protected":false},"featured_media":13659,"comment_status":"open","ping_status":"closed","template":"","meta":{"_acf_changed":false},"product_cat":[],"product_tag":[],"class_list":["product","first","instock","shipping-taxable","purchasable","product-type-simple"],"acf":[],"_links":{"self":[{"href":"https:\/\/mouldking.store\/fr\/wp-json\/wp\/v2\/product\/13658","targetHints":{"allow":["GET"]}}],"collection":[{"href":"https:\/\/mouldking.store\/fr\/wp-json\/wp\/v2\/product"}],"about":[{"href":"https:\/\/mouldking.store\/fr\/wp-json\/wp\/v2\/types\/product"}],"replies":[{"embeddable":true,"href":"https:\/\/mouldking.store\/fr\/wp-json\/wp\/v2\/comments?post=13658"}],"wp:featuredmedia":[{"embeddable":true,"href":"https:\/\/mouldking.store\/fr\/wp-json\/wp\/v2\/media\/13659"}],"wp:attachment":[{"href":"https:\/\/mouldking.store\/fr\/wp-json\/wp\/v2\/media?parent=13658"}],"wp:term":[{"taxonomy":"product_cat","embeddable":true,"href":"https:\/\/mouldking.store\/fr\/wp-json\/wp\/v2\/product_cat?post=13658"},{"taxonomy":"product_tag","embeddable":true,"href":"https:\/\/mouldking.store\/fr\/wp-json\/wp\/v2\/product_tag?post=13658"}],"curies":[{"name":"wp","href":"https:\/\/api.w.org\/{rel}","templated":true}]}}