{"id":13685,"date":"2021-09-28T02:57:05","date_gmt":"2021-09-28T02:57:05","guid":{"rendered":"https:\/\/mouldking.store\/product\/sy7599-moc-joker-bust-12-by-zetovince-motorize-9065027"},"modified":"2021-10-11T03:01:19","modified_gmt":"2021-10-11T03:01:19","slug":"sy7599-moc-joker-bust-12-by-zetovince-motorize","status":"publish","type":"product","link":"https:\/\/mouldking.store\/fr\/shop\/sy7599-moc-joker-bust-12-by-zetovince-motorize\/","title":{"rendered":"SY7599 MOC Joker Buste 1:2 par ZetoVince Motorize"},"content":{"rendered":"<p><strong>D\u00c9TAIL DU PRODUIT<\/strong><\/p>\n<p>SY7599 MOC Joker Bust 1:2 de ZetoVince Motorize est bas\u00e9 sur la conception de ZetoVince (George Panteleon), un buste de Jocker - un c\u00e9l\u00e8bre m\u00e9chant de DC Comic<\/p>\n<p><img decoding=\"async\" class=\"alignnone wp-image-180761 size-large\" src=\"https:\/\/pay.lpwstore.com\/wp-content\/uploads\/2019\/12\/maycon-andrade-joker1-1024x768.jpg\" alt=\" width=\" height=\"765\" title=\"-\"><\/p>\n<blockquote><p>Informations de publication\u00a0: \u00c9diteur DC Comics<br \/>\nPremi\u00e8re apparition : Batman #1 (25 avril 1940)[1]<br \/>\nAffiliations d&#039;\u00e9quipe : Injustice League, Injustice Gang<br \/>\nAlias notables: Red Hood<br \/>\nCapacit\u00e9s\u00a0: cerveau criminel, chimiste expert, utilise des accessoires et des toxines arm\u00e9s<\/p><\/blockquote>\n<p>Un superbe ensemble de briques SY7599 MOC Joker Bust 1:2 par ZetoVince Motorize<\/p>\n<h4>\u2022 +1478 pi\u00e8ces fabriqu\u00e9es \u00e0 partir de briques en plastique ABS 100% de haute qualit\u00e9, sans danger pour les enfants, longue dur\u00e9e de jeu, 100% compatible avec d&#039;autres marques de briques<\/h4>\n<p><span style=\"font-size: 14.4px;\">\u2022 Facile \u00e0 construire avec les instructions manuelles du SY7599 MOC Joker Bust 1:2 par ZetoVince Motorize <\/span><span style=\"font-size: 14.4px; color: #555555;\">avec un guide brique par brique et des images de haute qualit\u00e9<\/span><\/p>\n<p><span style=\"font-size: 14.4px;\">\u2022 Dimensions compl\u00e8tes du SY7599 MOC Joker Bust 1:2 de ZetoVince Motorize<\/span><\/p>\n<figure id=\"attachment_185124\" aria-describedby=\"caption-attachment-185124\" style=\"width: 1020px\" class=\"wp-caption alignnone\"><img fetchpriority=\"high\" decoding=\"async\" class=\"wp-image-185124 size-large\" src=\"https:\/\/pay.lpwstore.com\/wp-content\/uploads\/2020\/03\/SY7599-MOC-Joker-Bust-1-2-by-ZetoVince_6-1024x636.jpg\" alt=\"-\" width=\"1020\" height=\"634\" title=\"-\"><figcaption id=\"caption-attachment-185124\" class=\"wp-caption-text\">SY7599 MOC Joker Buste 1:2 par ZetoVince<\/figcaption><\/figure>\n<h4><strong>LIVRAISON &amp; RETOUR<\/strong><\/h4>\n<p>Nous garantissons pour SY7599 MOC Joker Bust 1:2 par ZetoVince<\/p>\n<p>- Remboursement int\u00e9gral si vous ne recevez pas votre commande - Fourniture gratuite pour les pi\u00e8ces manquantes ou le manuel - Le client ne paiera plus les taxes et les frais de douane. (Si vous devez payer, nous vous rembourserons)<\/p>\n<p>\u2013 L&#039;exp\u00e9dition internationale est assez compliqu\u00e9e, nous nous effor\u00e7ons de traiter l&#039;ensemble de votre probl\u00e8me. Mais, si votre commande rencontre des probl\u00e8mes, veuillez nous contacter par e-mail<\/p>\n<p>\u2013 ANNULATION DE COMMANDE : Si vous devez annuler une commande, vous devez nous contacter par e-mail contact@pay.lpwstore.com d\u00e8s que possible. Nous ne pouvons pas arr\u00eater la commande avant 48 heures<\/p>\n<h4><strong>PARTIES MANQUANTES<\/strong><\/h4>\n<p>Toutes les pi\u00e8ces du SY7599 MOC Joker Bust 1:2 de ZetoVince Motorize sont contr\u00f4l\u00e9es avant exp\u00e9dition, donc si vous trouvez des pi\u00e8ces manquantes ou endommag\u00e9es, ne vous inqui\u00e9tez pas. Veuillez nous contacter et nous vous les enverrons sans aucun frais, ou nous vous offrirons un petit remboursement pour que vous puissiez acheter dans d&#039;autres endroits.<\/p>\n<figure id=\"attachment_185122\" aria-describedby=\"caption-attachment-185122\" style=\"width: 1020px\" class=\"wp-caption alignnone\"><img decoding=\"async\" class=\"wp-image-185122 size-large\" src=\"https:\/\/pay.lpwstore.com\/wp-content\/uploads\/2020\/03\/SY7599-MOC-Joker-Bust-1-2-by-ZetoVince_4-1024x921.jpg\" alt=\"-\" width=\"1020\" height=\"917\" title=\"-\"><figcaption id=\"caption-attachment-185122\" class=\"wp-caption-text\">SY7599 MOC Joker Buste 1:2 par ZetoVince Motorize<\/figcaption><\/figure>\n<figure id=\"attachment_185121\" aria-describedby=\"caption-attachment-185121\" style=\"width: 1020px\" class=\"wp-caption alignnone\"><img decoding=\"async\" class=\"wp-image-185121 size-large\" src=\"https:\/\/pay.lpwstore.com\/wp-content\/uploads\/2020\/03\/SY7599-MOC-Joker-Bust-1-2-by-ZetoVince_3-1024x649.jpg\" alt=\"-\" width=\"1020\" height=\"646\" title=\"-\"><figcaption id=\"caption-attachment-185121\" class=\"wp-caption-text\">SY7599 MOC Joker Buste 1:2 par ZetoVince Motorize<\/figcaption><\/figure>\n<p>La t\u00eate peut tourner \u00e0 gauche et \u00e0 droite par certains moteurs et t\u00e9l\u00e9commande<\/p>\n<figure id=\"attachment_185120\" aria-describedby=\"caption-attachment-185120\" style=\"width: 1020px\" class=\"wp-caption alignnone\"><img loading=\"lazy\" decoding=\"async\" class=\"wp-image-185120 size-large\" src=\"https:\/\/pay.lpwstore.com\/wp-content\/uploads\/2020\/03\/SY7599-MOC-Joker-Bust-1-2-by-ZetoVince_2-1024x543.jpg\" alt=\"-\" width=\"1020\" height=\"541\" title=\"-\"><figcaption id=\"caption-attachment-185120\" class=\"wp-caption-text\">SY7599 MOC Joker Buste 1:2 par ZetoVince Motorize<\/figcaption><\/figure>\n<div id=\"gtx-anchor\" style=\"width: 222.111px; height: 16.6667px;\"><\/div>\n<div class=\"jfk-bubble gtx-bubble\" role=\"alertdialog\" aria-describedby=\"bubble-8\">\n<div id=\"bubble-8\" class=\"jfk-bubble-content-id\">\n<div id=\"gtx-host\" style=\"min-width: 200px; max-width: 400px;\">ouverture et fermeture de la bouche de haut en bas avec certains moteurs et t\u00e9l\u00e9commande<\/div>\n<\/div>\n<div class=\"jfk-bubble-closebtn-id jfk-bubble-closebtn\" role=\"button\" aria-label=\"Fermer\"><\/div>\n<div class=\"jfk-bubble-arrowimplbefore\"><\/div>\n<div class=\"jfk-bubble-arrowimplafter\"><\/div>\n<\/div>","protected":false},"excerpt":{"rendered":"<h2><span data-text-color=\"alert\"><strong>PR\u00c9VENTE \u2013 PR\u00caT \u00c0 EXP\u00c9DIER \u00c0 PARTIR D&#039;AVRIL 2020<\/strong><\/span><\/h2>\n<h3><strong>SY7599 MOC Joker Buste 1:2 par ZetoVince Motorize<\/strong><\/h3>\n<p>\u2022 Avec +1478 pi\u00e8ces \u2022 Briques de haute qualit\u00e9 \u2022 Ne contient pas la bo\u00eete d&#039;origine. Seule bo\u00eete en carton avec emballage \u00e0 bulles \u00e0 l&#039;ext\u00e9rieur<\/p>\n<div id=\"gtx-trans\" style=\"position: absolute; left: 256px; top: 163.422px;\">\n<div class=\"gtx-trans-icon\"><\/div>\n<\/div>","protected":false},"featured_media":13686,"comment_status":"open","ping_status":"closed","template":"","meta":{"_acf_changed":false},"product_cat":[],"product_tag":[],"class_list":["product","first","instock","shipping-taxable","purchasable","product-type-simple"],"acf":[],"_links":{"self":[{"href":"https:\/\/mouldking.store\/fr\/wp-json\/wp\/v2\/product\/13685","targetHints":{"allow":["GET"]}}],"collection":[{"href":"https:\/\/mouldking.store\/fr\/wp-json\/wp\/v2\/product"}],"about":[{"href":"https:\/\/mouldking.store\/fr\/wp-json\/wp\/v2\/types\/product"}],"replies":[{"embeddable":true,"href":"https:\/\/mouldking.store\/fr\/wp-json\/wp\/v2\/comments?post=13685"}],"wp:featuredmedia":[{"embeddable":true,"href":"https:\/\/mouldking.store\/fr\/wp-json\/wp\/v2\/media\/13686"}],"wp:attachment":[{"href":"https:\/\/mouldking.store\/fr\/wp-json\/wp\/v2\/media?parent=13685"}],"wp:term":[{"taxonomy":"product_cat","embeddable":true,"href":"https:\/\/mouldking.store\/fr\/wp-json\/wp\/v2\/product_cat?post=13685"},{"taxonomy":"product_tag","embeddable":true,"href":"https:\/\/mouldking.store\/fr\/wp-json\/wp\/v2\/product_tag?post=13685"}],"curies":[{"name":"wp","href":"https:\/\/api.w.org\/{rel}","templated":true}]}}