{"id":13767,"date":"2021-09-28T02:58:04","date_gmt":"2021-09-27T19:58:04","guid":{"rendered":"https:\/\/mouldking.store\/product\/sy-6297-going-merry-straw-hat-ship-1363125"},"modified":"2023-10-24T09:50:31","modified_gmt":"2023-10-24T02:50:31","slug":"sy-6297-going-merry-straw-hat-ship","status":"publish","type":"product","link":"https:\/\/mouldking.store\/fr\/shop\/sy-6297-going-merry-straw-hat-ship\/","title":{"rendered":"SY 6297 Navire au chapeau de paille Going Merry"},"content":{"rendered":"<p><strong>D\u00c9TAIL DU PRODUIT<\/strong> SY 6297 Going Merry Straw Hat Ship est bas\u00e9 sur Going Merry Straw Hat Ship dans le manga et l&#039;anime One Piece. C&#039;est un superbe ensemble de briques SY 6297 Going Merry Straw Hat Ship<\/p>\n<figure id=\"attachment_185948\" aria-describedby=\"caption-attachment-185948\" style=\"width: 740px\" class=\"wp-caption alignnone\"><img fetchpriority=\"high\" decoding=\"async\" class=\"size-full wp-image-185948\" src=\"https:\/\/pay.lpwstore.com\/wp-content\/uploads\/2020\/03\/The-Going-Merry-One-Piece.jpg\" alt=\"-\" width=\"740\" height=\"370\" title=\"-\"><figcaption id=\"caption-attachment-185948\" class=\"wp-caption-text\">SY 6297 Navire au chapeau de paille Going Merry<\/figcaption><\/figure>\n<ul>\n<li>+ 1048 pi\u00e8ces fabriqu\u00e9es \u00e0 partir de briques en plastique ABS 100% de haute qualit\u00e9, sans danger pour les enfants, longue dur\u00e9e de jeu, 100% compatible avec d&#039;autres marques de briques<\/li>\n<li><span style=\"font-size: 14.4px;\">Facile \u00e0 construire avec des instructions manuelles de xxx <\/span><span style=\"font-size: 14.4px; color: #555555;\">avec un guide brique par brique et des images de haute qualit\u00e9<\/span><\/li>\n<li><span style=\"font-size: 14.4px;\">Dimensions compl\u00e8tes du navire chapeau de paille Going Merry SY 6297\u00a0:<\/span><\/li>\n<\/ul>\n<h4><strong>LIVRAISON &amp; RETOUR<\/strong><\/h4>\n<p>Nous garantissons pour SY 6297 Going Merry Straw Hat Ship:<\/p>\n<ul>\n<li>Remboursement int\u00e9gral si vous ne recevez pas votre commande<\/li>\n<li>Fournir gratuitement les pi\u00e8ces manquantes ou le livre manuel<\/li>\n<li>Le client ne paiera plus les taxes et frais de douane. (Si vous devez payer, nous vous rembourserons)<\/li>\n<li>L&#039;exp\u00e9dition internationale est assez compliqu\u00e9e, nous nous effor\u00e7ons de traiter l&#039;ensemble de votre probl\u00e8me. Mais, si votre commande rencontre des probl\u00e8mes, veuillez nous contacter par e-mail<\/li>\n<li><span data-text-color=\"alert\"><strong>Annuler la commande:<\/strong><\/span> Si vous devez annuler une commande, vous devez nous contacter par e-mail contact@pay.lpwstore.com d\u00e8s que possible. Nous ne pouvons pas arr\u00eater la commande avant 48 heures<\/li>\n<\/ul>\n<h4><strong>PARTIES MANQUANTES<\/strong><\/h4>\n<p>Toutes les pi\u00e8ces du SY 6297 Going Merry Straw Hat Ship sont v\u00e9rifi\u00e9es avant l&#039;exp\u00e9dition, donc si vous trouvez des pi\u00e8ces manquantes ou endommag\u00e9es, ne vous inqui\u00e9tez pas. Veuillez nous contacter et nous vous les enverrons sans aucun frais, ou nous vous offrirons un petit remboursement pour que vous puissiez acheter ailleurs.<\/p>\n<p><figure id=\"attachment_185945\" aria-describedby=\"caption-attachment-185945\" style=\"width: 1020px\" class=\"wp-caption alignnone\"><img decoding=\"async\" class=\"size-large wp-image-185945\" src=\"https:\/\/pay.lpwstore.com\/wp-content\/uploads\/2020\/03\/SY-6297-Going-Merry-Straw-Hat-Ship-1-1024x1024.jpg\" alt=\"-\" width=\"1020\" height=\"1020\" title=\"-\"><figcaption id=\"caption-attachment-185945\" class=\"wp-caption-text\">SY 6297 Navire au chapeau de paille Going Merry<\/figcaption><\/figure><figure id=\"attachment_185946\" aria-describedby=\"caption-attachment-185946\" style=\"width: 800px\" class=\"wp-caption alignnone\"><img decoding=\"async\" class=\"size-full wp-image-185946\" src=\"https:\/\/pay.lpwstore.com\/wp-content\/uploads\/2020\/03\/SY-6297-Going-Merry-Straw-Hat-Ship-1.png\" alt=\"-\" width=\"800\" height=\"800\" title=\"-\"><figcaption id=\"caption-attachment-185946\" class=\"wp-caption-text\">SY 6297 Navire au chapeau de paille Going Merry<\/figcaption><\/figure><figure id=\"attachment_185947\" aria-describedby=\"caption-attachment-185947\" style=\"width: 800px\" class=\"wp-caption alignnone\"><img loading=\"lazy\" decoding=\"async\" class=\"size-full wp-image-185947\" src=\"https:\/\/pay.lpwstore.com\/wp-content\/uploads\/2020\/03\/SY-6297-Going-Merry-Straw-Hat-Ship-2.jpg\" alt=\"-\" width=\"800\" height=\"800\" title=\"-\"><figcaption id=\"caption-attachment-185947\" class=\"wp-caption-text\">SY 6297 Navire au chapeau de paille Going Merry<\/figcaption><\/figure><figure id=\"attachment_186441\" aria-describedby=\"caption-attachment-186441\" style=\"width: 800px\" class=\"wp-caption alignnone\"><img loading=\"lazy\" decoding=\"async\" class=\"size-full wp-image-186441\" src=\"https:\/\/pay.lpwstore.com\/wp-content\/uploads\/2020\/03\/t\u1ea3i-xu\u1ed1ng-5.png\" alt=\"-\" width=\"800\" height=\"800\" title=\"-\"><figcaption id=\"caption-attachment-186441\" class=\"wp-caption-text\">SY 6297 Navire au chapeau de paille Going Merry<\/figcaption><\/figure><figure id=\"attachment_186442\" aria-describedby=\"caption-attachment-186442\" style=\"width: 800px\" class=\"wp-caption alignnone\"><img loading=\"lazy\" decoding=\"async\" class=\"size-large wp-image-186442\" src=\"https:\/\/pay.lpwstore.com\/wp-content\/uploads\/2020\/03\/t\u1ea3i-xu\u1ed1ng-6.png\" alt=\"-\" width=\"800\" height=\"800\" title=\"-\"><figcaption id=\"caption-attachment-186442\" class=\"wp-caption-text\">SY 6297 Navire au chapeau de paille Going Merry<\/figcaption><\/figure><figure id=\"attachment_186443\" aria-describedby=\"caption-attachment-186443\" style=\"width: 800px\" class=\"wp-caption alignnone\"><img loading=\"lazy\" decoding=\"async\" class=\"size-large wp-image-186443\" src=\"https:\/\/pay.lpwstore.com\/wp-content\/uploads\/2020\/03\/t\u1ea3i-xu\u1ed1ng-7.png\" alt=\"-\" width=\"800\" height=\"800\" title=\"-\"><figcaption id=\"caption-attachment-186443\" class=\"wp-caption-text\">SY 6297 Navire au chapeau de paille Going Merry<\/figcaption><\/figure><\/p>","protected":false},"excerpt":{"rendered":"<h3><strong>SY 6297 Navire au chapeau de paille Going Merry<\/strong><\/h3>\n<h3><span data-text-color=\"alert\"><strong>En stock! Stock limit\u00e9!<\/strong><\/span><\/h3>\n<ul>\n<li>Quantit\u00e9 de brique\u00a0: <strong>1048+ <\/strong>pi\u00e8ces<\/li>\n<li>Service\u00a0: pi\u00e8ces de rechange gratuites<\/li>\n<li>Remarque : pas de bo\u00eete d&#039;origine, utilisez un sac \u00e0 bulles ou une bo\u00eete en carton vierge.<\/li>\n<\/ul>\n<div id=\"gtx-trans\" style=\"position: absolute; left: 135px; top: 139.469px;\">\n<div class=\"gtx-trans-icon\"><\/div>\n<\/div>","protected":false},"featured_media":13768,"comment_status":"open","ping_status":"closed","template":"","meta":{"_acf_changed":false},"product_cat":[15],"product_tag":[],"class_list":["product","first","outofstock","shipping-taxable","purchasable","product-type-simple"],"acf":[],"_links":{"self":[{"href":"https:\/\/mouldking.store\/fr\/wp-json\/wp\/v2\/product\/13767","targetHints":{"allow":["GET"]}}],"collection":[{"href":"https:\/\/mouldking.store\/fr\/wp-json\/wp\/v2\/product"}],"about":[{"href":"https:\/\/mouldking.store\/fr\/wp-json\/wp\/v2\/types\/product"}],"replies":[{"embeddable":true,"href":"https:\/\/mouldking.store\/fr\/wp-json\/wp\/v2\/comments?post=13767"}],"wp:featuredmedia":[{"embeddable":true,"href":"https:\/\/mouldking.store\/fr\/wp-json\/wp\/v2\/media\/13768"}],"wp:attachment":[{"href":"https:\/\/mouldking.store\/fr\/wp-json\/wp\/v2\/media?parent=13767"}],"wp:term":[{"taxonomy":"product_cat","embeddable":true,"href":"https:\/\/mouldking.store\/fr\/wp-json\/wp\/v2\/product_cat?post=13767"},{"taxonomy":"product_tag","embeddable":true,"href":"https:\/\/mouldking.store\/fr\/wp-json\/wp\/v2\/product_tag?post=13767"}],"curies":[{"name":"wp","href":"https:\/\/api.w.org\/{rel}","templated":true}]}}