{"id":13787,"date":"2021-09-28T02:58:14","date_gmt":"2021-09-27T19:58:14","guid":{"rendered":"https:\/\/mouldking.store\/product\/sembo-701603-jaguar-rush-bmw-i8-super-car-6908383"},"modified":"2023-02-28T21:00:02","modified_gmt":"2023-02-28T14:00:02","slug":"sembo-701603-jaguar-rush-bmw-i8-super-car","status":"publish","type":"product","link":"https:\/\/mouldking.store\/fr\/shop\/sembo-701603-jaguar-rush-bmw-i8-super-car\/","title":{"rendered":"SEMBO 701603 Jaguar Rush BMW i8 Super Voiture"},"content":{"rendered":"<p><span data-mce-type=\"bookmark\" style=\"width: 0px;overflow: hidden;line-height: 0\" class=\"mce_SELRES_start\"><\/span><\/p>\n<p><img fetchpriority=\"high\" decoding=\"async\" class=\"size-full wp-image-186113\" title=\"SEMBO 701603 V\u00e9lo \u00e0 dos Land Rover Aurora (BMW i8)\" src=\"https:\/\/pay.lpwstore.com\/wp-content\/uploads\/2020\/04\/sembo-701603-land-rover-aurora-backbike-bmw-i8-080125.jpg\" alt=\"SEMBO 701603 Land Rover Aurora Backbike (BMW i8)\" width=\"728\" height=\"485\" \/><\/p>\n<div class=\"richtext_wrap\">\n<div class=\"richtext\">Blocs de construction : La BMW I8 Coup\u00e9 (BMW i8) appartient \u00e0 la s\u00e9rie de blocs de construction de course. L&#039;ensemble contient 625 blocs de construction. Lanc\u00e9 pour la premi\u00e8re fois en 2020.<\/div>\n<\/div>","protected":false},"excerpt":{"rendered":"<ul>\n<li>Inclure <strong>625<\/strong> PC<\/li>\n<li>L&#039;instruction manuelle comprend<\/li>\n<li>Bloc ABS de haute qualit\u00e9<\/li>\n<\/ul>","protected":false},"featured_media":13788,"comment_status":"open","ping_status":"closed","template":"","meta":{"_acf_changed":false},"product_cat":[15],"product_tag":[],"class_list":["product","first","outofstock","shipping-taxable","purchasable","product-type-simple"],"acf":[],"_links":{"self":[{"href":"https:\/\/mouldking.store\/fr\/wp-json\/wp\/v2\/product\/13787","targetHints":{"allow":["GET"]}}],"collection":[{"href":"https:\/\/mouldking.store\/fr\/wp-json\/wp\/v2\/product"}],"about":[{"href":"https:\/\/mouldking.store\/fr\/wp-json\/wp\/v2\/types\/product"}],"replies":[{"embeddable":true,"href":"https:\/\/mouldking.store\/fr\/wp-json\/wp\/v2\/comments?post=13787"}],"wp:featuredmedia":[{"embeddable":true,"href":"https:\/\/mouldking.store\/fr\/wp-json\/wp\/v2\/media\/13788"}],"wp:attachment":[{"href":"https:\/\/mouldking.store\/fr\/wp-json\/wp\/v2\/media?parent=13787"}],"wp:term":[{"taxonomy":"product_cat","embeddable":true,"href":"https:\/\/mouldking.store\/fr\/wp-json\/wp\/v2\/product_cat?post=13787"},{"taxonomy":"product_tag","embeddable":true,"href":"https:\/\/mouldking.store\/fr\/wp-json\/wp\/v2\/product_tag?post=13787"}],"curies":[{"name":"wp","href":"https:\/\/api.w.org\/{rel}","templated":true}]}}