{"id":13844,"date":"2021-09-28T02:59:04","date_gmt":"2021-09-28T02:59:04","guid":{"rendered":"https:\/\/mouldking.store\/product\/sembo-701023-audi-r8-sport-white-1-10-5570055"},"modified":"2021-10-11T03:01:18","modified_gmt":"2021-10-11T03:01:18","slug":"sembo-701023-audi-r8-sport-white-1-10","status":"publish","type":"product","link":"https:\/\/mouldking.store\/fr\/shop\/sembo-701023-audi-r8-sport-white-1-10\/","title":{"rendered":"SEMBO 701023 Audi R8 Sport Blanc 1 10"},"content":{"rendered":"<p><strong>D\u00c9TAIL DU PRODUIT<\/strong><\/p>\n<p>SEMBO 701023 Audi R8 Sport White 1 10 is based\u00a0 on Audi R8 Sport Car with ratio 1:10 .\u00a0 It&#8217;s an awesome Brick set Sembo 701023 Audi R8 Sport White 1 10<\/p>\n<ul>\n<li>+ 2768\u00a0 pieces made from high-quality 100% ABS plastic bricks, safe for children, long time to play, 100% compatible with other brick brands<\/li>\n<li><span style=\"font-size: 14.4px;\">Easy-to-build with manual instruction of Sembo 701023 Audi R8 Sport White 1 10 <\/span><span style=\"font-size: 14.4px; color: #555555;\">avec un guide brique par brique et des images de haute qualit\u00e9<\/span><\/li>\n<li>Motor, Remote Control and Light are sell in separately, adding more $40<\/li>\n<li><span style=\"font-size: 14.4px;\">Full dimensions of Sembo 701023 Audi R8 Sport White 1 10:<\/span><\/li>\n<\/ul>\n<figure id=\"attachment_186705\" aria-describedby=\"caption-attachment-186705\" style=\"width: 1020px\" class=\"wp-caption alignnone\"><img fetchpriority=\"high\" decoding=\"async\" class=\"wp-image-186705 size-large\" src=\"https:\/\/pay.lpwstore.com\/wp-content\/uploads\/2020\/04\/S-701023-Audi-R8-Sport-White-1-10-10-1024x283.jpg\" alt=\"-\" width=\"1020\" height=\"282\" title=\"-\"><figcaption id=\"caption-attachment-186705\" class=\"wp-caption-text\">SEMBO 701023 Audi R8 Sport Blanc 1 10<\/figcaption><\/figure>\n<h4><strong>LIVRAISON &amp; RETOUR<\/strong><\/h4>\n<p>We guarantee for Sembo 701023 Audi R8 Sport White 1 10<\/p>\n<ul>\n<li>Remboursement int\u00e9gral si vous ne recevez pas votre commande<\/li>\n<li>Fournir gratuitement les pi\u00e8ces manquantes ou le livre manuel<\/li>\n<li>Le client ne paiera plus les taxes et frais de douane. (Si vous devez payer, nous vous rembourserons)<\/li>\n<li>L&#039;exp\u00e9dition internationale est assez compliqu\u00e9e, nous nous effor\u00e7ons de traiter l&#039;ensemble de votre probl\u00e8me. Mais, si votre commande rencontre des probl\u00e8mes, veuillez nous contacter par e-mail<\/li>\n<li><span data-text-color=\"alert\"><strong>Annuler la commande:<\/strong><\/span> Si vous devez annuler une commande, vous devez nous contacter par e-mail contact@pay.lpwstore.com d\u00e8s que possible. Nous ne pouvons pas arr\u00eater la commande avant 48 heures<\/li>\n<\/ul>\n<h4><strong>PARTIES MANQUANTES<\/strong><\/h4>\n<p>All parts of Sembo 701023 Audi R8 Sport White 1 10 \u00a0are quality checked before shipping, so if you find some missing or damaged parts, don&#8217;t worry. Please contact us and we will send them to you without any fees, or we will offer a small refund for you to buy in other places.<\/p>\n<figure id=\"attachment_186696\" aria-describedby=\"caption-attachment-186696\" style=\"width: 1020px\" class=\"wp-caption alignnone\"><img decoding=\"async\" class=\"wp-image-186696 size-large\" src=\"https:\/\/pay.lpwstore.com\/wp-content\/uploads\/2020\/04\/S-701023-Audi-R8-Sport-White-1-10-1-1024x583.jpg\" alt=\"-\" width=\"1020\" height=\"581\" title=\"-\"><figcaption id=\"caption-attachment-186696\" class=\"wp-caption-text\">SEMBO 701023 Audi R8 Sport Blanc 1 10<\/figcaption><\/figure>\n<figure id=\"attachment_186697\" aria-describedby=\"caption-attachment-186697\" style=\"width: 1020px\" class=\"wp-caption alignnone\"><img decoding=\"async\" class=\"wp-image-186697 size-large\" src=\"https:\/\/pay.lpwstore.com\/wp-content\/uploads\/2020\/04\/S-701023-Audi-R8-Sport-White-1-10-2-1024x606.jpg\" alt=\"-\" width=\"1020\" height=\"604\" title=\"-\"><figcaption id=\"caption-attachment-186697\" class=\"wp-caption-text\">SEMBO 701023 Audi R8 Sport Blanc 1 10<\/figcaption><\/figure>\n<figure id=\"attachment_186698\" aria-describedby=\"caption-attachment-186698\" style=\"width: 1020px\" class=\"wp-caption alignnone\"><img loading=\"lazy\" decoding=\"async\" class=\"wp-image-186698 size-large\" src=\"https:\/\/pay.lpwstore.com\/wp-content\/uploads\/2020\/04\/S-701023-Audi-R8-Sport-White-1-10-3-1024x571.jpg\" alt=\"-\" width=\"1020\" height=\"569\" title=\"-\"><figcaption id=\"caption-attachment-186698\" class=\"wp-caption-text\">SEMBO 701023 Audi R8 Sport Blanc 1 10<\/figcaption><\/figure>\n<figure id=\"attachment_186699\" aria-describedby=\"caption-attachment-186699\" style=\"width: 1020px\" class=\"wp-caption alignnone\"><img loading=\"lazy\" decoding=\"async\" class=\"wp-image-186699 size-large\" src=\"https:\/\/pay.lpwstore.com\/wp-content\/uploads\/2020\/04\/S-701023-Audi-R8-Sport-White-1-10-4-1024x576.jpg\" alt=\"-\" width=\"1020\" height=\"574\" title=\"-\"><figcaption id=\"caption-attachment-186699\" class=\"wp-caption-text\">SEMBO 701023 Audi R8 Sport Blanc 1 10<\/figcaption><\/figure>\n<figure id=\"attachment_186700\" aria-describedby=\"caption-attachment-186700\" style=\"width: 1020px\" class=\"wp-caption alignnone\"><img loading=\"lazy\" decoding=\"async\" class=\"wp-image-186700 size-large\" src=\"https:\/\/pay.lpwstore.com\/wp-content\/uploads\/2020\/04\/S-701023-Audi-R8-Sport-White-1-10-5-1024x662.jpg\" alt=\"-\" width=\"1020\" height=\"659\" title=\"-\"><figcaption id=\"caption-attachment-186700\" class=\"wp-caption-text\">SEMBO 701023 Audi R8 Sport Blanc 1 10<\/figcaption><\/figure>\n<figure id=\"attachment_186701\" aria-describedby=\"caption-attachment-186701\" style=\"width: 1020px\" class=\"wp-caption alignnone\"><img loading=\"lazy\" decoding=\"async\" class=\"wp-image-186701 size-large\" src=\"https:\/\/pay.lpwstore.com\/wp-content\/uploads\/2020\/04\/S-701023-Audi-R8-Sport-White-1-10-6-1024x491.jpg\" alt=\"-\" width=\"1020\" height=\"489\" title=\"-\"><figcaption id=\"caption-attachment-186701\" class=\"wp-caption-text\">SEMBO 701023 Audi R8 Sport Blanc 1 10<\/figcaption><\/figure>\n<figure id=\"attachment_186702\" aria-describedby=\"caption-attachment-186702\" style=\"width: 1020px\" class=\"wp-caption alignnone\"><img loading=\"lazy\" decoding=\"async\" class=\"wp-image-186702 size-large\" src=\"https:\/\/pay.lpwstore.com\/wp-content\/uploads\/2020\/04\/S-701023-Audi-R8-Sport-White-1-10-7-1024x500.jpg\" alt=\"-\" width=\"1020\" height=\"498\" title=\"-\"><figcaption id=\"caption-attachment-186702\" class=\"wp-caption-text\">SEMBO 701023 Audi R8 Sport Blanc 1 10<\/figcaption><\/figure>\n<figure id=\"attachment_186703\" aria-describedby=\"caption-attachment-186703\" style=\"width: 1020px\" class=\"wp-caption alignnone\"><img loading=\"lazy\" decoding=\"async\" class=\"wp-image-186703 size-large\" src=\"https:\/\/pay.lpwstore.com\/wp-content\/uploads\/2020\/04\/S-701023-Audi-R8-Sport-White-1-10-8-1024x500.jpg\" alt=\"-\" width=\"1020\" height=\"498\" title=\"-\"><figcaption id=\"caption-attachment-186703\" class=\"wp-caption-text\">SEMBO 701023 Audi R8 Sport Blanc 1 10<\/figcaption><\/figure>\n<figure id=\"attachment_186704\" aria-describedby=\"caption-attachment-186704\" style=\"width: 1020px\" class=\"wp-caption alignnone\"><img loading=\"lazy\" decoding=\"async\" class=\"wp-image-186704 size-large\" src=\"https:\/\/pay.lpwstore.com\/wp-content\/uploads\/2020\/04\/S-701023-Audi-R8-Sport-White-1-10-9-1024x773.jpg\" alt=\"-\" width=\"1020\" height=\"770\" title=\"-\"><figcaption id=\"caption-attachment-186704\" class=\"wp-caption-text\">SEMBO 701023 Audi R8 Sport Blanc 1 10<\/figcaption><\/figure>\n<figure id=\"attachment_186706\" aria-describedby=\"caption-attachment-186706\" style=\"width: 1020px\" class=\"wp-caption alignnone\"><img loading=\"lazy\" decoding=\"async\" class=\"wp-image-186706 size-large\" src=\"https:\/\/pay.lpwstore.com\/wp-content\/uploads\/2020\/04\/S-701023-Audi-R8-Sport-White-1-10-11-1024x497.jpg\" alt=\"-\" width=\"1020\" height=\"495\" title=\"-\"><figcaption id=\"caption-attachment-186706\" class=\"wp-caption-text\">SEMBO 701023 Audi R8 Sport Blanc 1 10<\/figcaption><\/figure>\n<figure id=\"attachment_186708\" aria-describedby=\"caption-attachment-186708\" style=\"width: 1020px\" class=\"wp-caption alignnone\"><img loading=\"lazy\" decoding=\"async\" class=\"wp-image-186708 size-large\" src=\"https:\/\/pay.lpwstore.com\/wp-content\/uploads\/2020\/04\/S-701023-Audi-R8-Sport-White-1-10-13-1024x609.jpg\" alt=\"-\" width=\"1020\" height=\"607\" title=\"-\"><figcaption id=\"caption-attachment-186708\" class=\"wp-caption-text\">SEMBO 701023 Audi R8 Sport Blanc 1 10<\/figcaption><\/figure>\n<figure id=\"attachment_186707\" aria-describedby=\"caption-attachment-186707\" style=\"width: 1020px\" class=\"wp-caption alignnone\"><img loading=\"lazy\" decoding=\"async\" class=\"wp-image-186707 size-large\" src=\"https:\/\/pay.lpwstore.com\/wp-content\/uploads\/2020\/04\/S-701023-Audi-R8-Sport-White-1-10-12-1024x991.jpg\" alt=\"-\" width=\"1020\" height=\"987\" title=\"-\"><figcaption id=\"caption-attachment-186707\" class=\"wp-caption-text\">SEMBO 701023 Audi R8 Sport Blanc 1 10<\/figcaption><\/figure>","protected":false},"excerpt":{"rendered":"<h3><strong>SEMBO 701023 Audi R8 Sport Blanc 1 10<\/strong><\/h3>\n<h3><span data-text-color=\"alert\"><strong>Available in May 2020<\/strong><\/span><\/h3>\n<h3><span data-text-color=\"alert\"><strong>NO (Motor &amp; Light version) (Motor &amp; Light cost 40$)<\/strong><\/span><\/h3>\n<ul>\n<li>Quantit\u00e9 de brique\u00a0: <strong>2768+ <\/strong>pi\u00e8ces<\/li>\n<li>Service\u00a0: pi\u00e8ces de rechange gratuites<\/li>\n<li>Avis: <span style=\"text-decoration: underline;\" data-text-color=\"alert\"><strong>Pas de bo\u00eete d&#039;origine<\/strong><\/span>, Utilisez un sac \u00e0 bulles ou une bo\u00eete en carton vierge.<\/li>\n<\/ul>\n<div id=\"gtx-trans\" style=\"position: absolute; left: 138px; top: 145.125px;\">\n<div class=\"gtx-trans-icon\"><\/div>\n<\/div>","protected":false},"featured_media":13845,"comment_status":"open","ping_status":"closed","template":"","meta":{"_acf_changed":false},"product_cat":[],"product_tag":[],"class_list":["product","first","outofstock","shipping-taxable","purchasable","product-type-variable","has-default-attributes"],"acf":[],"_links":{"self":[{"href":"https:\/\/mouldking.store\/fr\/wp-json\/wp\/v2\/product\/13844","targetHints":{"allow":["GET"]}}],"collection":[{"href":"https:\/\/mouldking.store\/fr\/wp-json\/wp\/v2\/product"}],"about":[{"href":"https:\/\/mouldking.store\/fr\/wp-json\/wp\/v2\/types\/product"}],"replies":[{"embeddable":true,"href":"https:\/\/mouldking.store\/fr\/wp-json\/wp\/v2\/comments?post=13844"}],"wp:featuredmedia":[{"embeddable":true,"href":"https:\/\/mouldking.store\/fr\/wp-json\/wp\/v2\/media\/13845"}],"wp:attachment":[{"href":"https:\/\/mouldking.store\/fr\/wp-json\/wp\/v2\/media?parent=13844"}],"wp:term":[{"taxonomy":"product_cat","embeddable":true,"href":"https:\/\/mouldking.store\/fr\/wp-json\/wp\/v2\/product_cat?post=13844"},{"taxonomy":"product_tag","embeddable":true,"href":"https:\/\/mouldking.store\/fr\/wp-json\/wp\/v2\/product_tag?post=13844"}],"curies":[{"name":"wp","href":"https:\/\/api.w.org\/{rel}","templated":true}]}}