{"id":13859,"date":"2021-09-28T02:59:05","date_gmt":"2021-09-28T02:59:05","guid":{"rendered":"https:\/\/mouldking.store\/product\/sy-7502-iron-man-collections-2508098"},"modified":"2021-12-23T09:54:33","modified_gmt":"2021-12-23T09:54:33","slug":"sy-7502-iron-man-collections","status":"publish","type":"product","link":"https:\/\/mouldking.store\/fr\/shop\/sy-7502-iron-man-collections\/","title":{"rendered":"SY 7502 Collections Iron Man"},"content":{"rendered":"<div class=\"richtext_wrap\">\n<div class=\"richtext\">Star Wars : Iron Man Bust 4 MK3 Iron Man, MK6 Iron Man, MK42 Iron Man, MK85 Iron Man appartiennent \u00e0 l&#039;ensemble de blocs de construction de la s\u00e9rie Iron Man de super-h\u00e9ros, l&#039;ensemble contient 922 particules de blocs de construction. Il sera lanc\u00e9 en 2020.<\/div>\n<\/div>","protected":false},"excerpt":{"rendered":"<ul>\n<li>SY 7502A \/ SY 7502B \/ SY 7502C \/ SY 7502D<\/li>\n<li>Homme de fer MK3, homme de fer MK6, homme de fer MK42, homme de fer MK85<\/li>\n<li>Inclure ~ 240 pi\u00e8ces\/ensemble. Total 922 pi\u00e8ces<\/li>\n<\/ul>\n<p><span style=\"color: #d83131; font-size: 150%;\"><strong>PR\u00c9VENTE, Disponible en Mai<\/strong><\/span><\/p>","protected":false},"featured_media":13860,"comment_status":"open","ping_status":"closed","template":"","meta":{"_acf_changed":false},"product_cat":[],"product_tag":[],"class_list":["product","first","outofstock","shipping-taxable","purchasable","product-type-simple"],"acf":[],"_links":{"self":[{"href":"https:\/\/mouldking.store\/fr\/wp-json\/wp\/v2\/product\/13859","targetHints":{"allow":["GET"]}}],"collection":[{"href":"https:\/\/mouldking.store\/fr\/wp-json\/wp\/v2\/product"}],"about":[{"href":"https:\/\/mouldking.store\/fr\/wp-json\/wp\/v2\/types\/product"}],"replies":[{"embeddable":true,"href":"https:\/\/mouldking.store\/fr\/wp-json\/wp\/v2\/comments?post=13859"}],"wp:featuredmedia":[{"embeddable":true,"href":"https:\/\/mouldking.store\/fr\/wp-json\/wp\/v2\/media\/13860"}],"wp:attachment":[{"href":"https:\/\/mouldking.store\/fr\/wp-json\/wp\/v2\/media?parent=13859"}],"wp:term":[{"taxonomy":"product_cat","embeddable":true,"href":"https:\/\/mouldking.store\/fr\/wp-json\/wp\/v2\/product_cat?post=13859"},{"taxonomy":"product_tag","embeddable":true,"href":"https:\/\/mouldking.store\/fr\/wp-json\/wp\/v2\/product_tag?post=13859"}],"curies":[{"name":"wp","href":"https:\/\/api.w.org\/{rel}","templated":true}]}}