{"id":13967,"date":"2021-09-28T03:01:03","date_gmt":"2021-09-27T20:01:03","guid":{"rendered":"https:\/\/mouldking.store\/product\/qizhile-90009-garage-car-parking-6449220"},"modified":"2022-06-15T15:12:12","modified_gmt":"2022-06-15T08:12:12","slug":"qizhile-90009-garage-car-parking","status":"publish","type":"product","link":"https:\/\/mouldking.store\/fr\/shop\/qizhile-90009-garage-car-parking\/","title":{"rendered":"QIZHILE 90009 Garage Parking"},"content":{"rendered":"<p><strong>D\u00c9TAIL DU PRODUIT<\/strong><\/p>\n<p>Le jeu de briques QIZHILE 90009 Garage Car Parking est bas\u00e9 sur le Garage Car Parking et peut accueillir des voitures \u00e0 l&#039;\u00e9chelle 1:8 ou plus petites (1:10, 1:12\u2026). C&#039;est un superbe jeu de briques.<\/p>\n<ul>\n<li>+ 2436 pi\u00e8ces et bloc lumineux Top Led, fabriqu\u00e9s \u00e0 partir de briques en plastique ABS 100% de haute qualit\u00e9, sans danger pour les enfants, longue dur\u00e9e de jeu, 100% compatible avec d&#039;autres marques de briques<\/li>\n<li><span style=\"font-size: 14.4px;\">Facile \u00e0 construire avec les instructions manuelles du garage de stationnement QIZHILE 90009 <\/span><span style=\"font-size: 14.4px; color: #555555;\">avec un guide brique par brique et des images de haute qualit\u00e9<\/span><\/li>\n<li><span style=\"font-size: 14.4px;\">Dimensions compl\u00e8tes du parking de garage QIZHILE 90009\u00a0:<\/span><\/li>\n<\/ul>\n<figure id=\"attachment_188861\" aria-describedby=\"caption-attachment-188861\" style=\"width: 1020px\" class=\"wp-caption alignnone\"><img fetchpriority=\"high\" decoding=\"async\" class=\"size-large wp-image-188861\" src=\"https:\/\/pay.lpwstore.com\/wp-content\/uploads\/2020\/05\/QIZHILE-90009-Garage-Car-Parking-2-1024x504.jpg\" alt=\"-\" width=\"1020\" height=\"502\" title=\"-\"><figcaption id=\"caption-attachment-188861\" class=\"wp-caption-text\">QIZHILE 90009 Garage Parking<\/figcaption><\/figure>\n<h4><strong>LIVRAISON &amp; RETOUR<\/strong><\/h4>\n<p>Nous garantissons le stationnement dans le garage QIZHILE 90009<\/p>\n<ul>\n<li>Remboursement int\u00e9gral si vous ne recevez pas votre commande<\/li>\n<li>Fournir gratuitement les pi\u00e8ces manquantes ou le livre manuel<\/li>\n<li>Le client ne paiera plus les taxes et frais de douane. (Si vous devez payer, nous vous rembourserons)<\/li>\n<li>L&#039;exp\u00e9dition internationale est assez compliqu\u00e9e, nous nous effor\u00e7ons de traiter l&#039;ensemble de votre probl\u00e8me. Mais, si votre commande rencontre des probl\u00e8mes, veuillez nous contacter par e-mail<\/li>\n<li><span data-text-color=\"alert\"><strong>Annuler la commande:<\/strong><\/span> Si vous devez annuler une commande, vous devez nous contacter par e-mail contact@pay.lpwstore.com d\u00e8s que possible. Nous ne pouvons pas arr\u00eater la commande avant 48 heures<\/li>\n<\/ul>\n<h4><strong>PARTIES MANQUANTES<\/strong><\/h4>\n<p>Toutes les pi\u00e8ces du garage QIZHILE 90009 sont soumises \u00e0 un contr\u00f4le qualit\u00e9 avant exp\u00e9dition. Si des pi\u00e8ces sont manquantes ou endommag\u00e9es, ne vous inqui\u00e9tez pas. Contactez-nous\u00a0; nous vous les renverrons gratuitement ou vous proposerons un petit remboursement pour tout achat effectu\u00e9 ailleurs.<\/p>\n<h4><strong>EMBALLER<\/strong><\/h4>\n<p>QIZHILE 90009 Garage Parking neuf dans un sac scell\u00e9 avec emballage de s\u00e9curit\u00e9 \u00e0 bulles (pas de bo\u00eete d&#039;origine, la bo\u00eete d&#039;origine est trop grande et facile \u00e0 casser pendant l&#039;exp\u00e9dition, ce qui vous fera \u00e9conomiser des co\u00fbts. Nous promettons de bien emballer les blocs.<\/p>\n<figure id=\"attachment_188866\" aria-describedby=\"caption-attachment-188866\" style=\"width: 1020px\" class=\"wp-caption alignnone\"><img decoding=\"async\" class=\"size-large wp-image-188866\" src=\"https:\/\/pay.lpwstore.com\/wp-content\/uploads\/2020\/05\/QIZHILE-90009-Garage-Car-Parking-7-1024x1024.jpg\" alt=\"-\" width=\"1020\" height=\"1020\" title=\"-\"><figcaption id=\"caption-attachment-188866\" class=\"wp-caption-text\">QIZHILE 90009 Garage Parking<\/figcaption><\/figure>\n<figure id=\"attachment_188865\" aria-describedby=\"caption-attachment-188865\" style=\"width: 700px\" class=\"wp-caption alignnone\"><img decoding=\"async\" class=\"wp-image-188865\" src=\"https:\/\/pay.lpwstore.com\/wp-content\/uploads\/2020\/05\/QIZHILE-90009-Garage-Car-Parking-6.jpg\" alt=\"-\" width=\"700\" height=\"443\" title=\"-\"><figcaption id=\"caption-attachment-188865\" class=\"wp-caption-text\">QIZHILE 90009 Garage Parking<\/figcaption><\/figure>\n<figure id=\"attachment_188864\" aria-describedby=\"caption-attachment-188864\" style=\"width: 700px\" class=\"wp-caption alignnone\"><img loading=\"lazy\" decoding=\"async\" class=\"wp-image-188864\" src=\"https:\/\/pay.lpwstore.com\/wp-content\/uploads\/2020\/05\/QIZHILE-90009-Garage-Car-Parking-5.jpg\" alt=\"-\" width=\"700\" height=\"439\" title=\"-\"><figcaption id=\"caption-attachment-188864\" class=\"wp-caption-text\">QIZHILE 90009 Garage Parking<\/figcaption><\/figure>\n<figure id=\"attachment_188863\" aria-describedby=\"caption-attachment-188863\" style=\"width: 700px\" class=\"wp-caption alignnone\"><img loading=\"lazy\" decoding=\"async\" class=\"wp-image-188863\" src=\"https:\/\/pay.lpwstore.com\/wp-content\/uploads\/2020\/05\/QIZHILE-90009-Garage-Car-Parking-4.jpg\" alt=\"-\" width=\"700\" height=\"443\" title=\"-\"><figcaption id=\"caption-attachment-188863\" class=\"wp-caption-text\">QIZHILE 90009 Garage Parking<\/figcaption><\/figure>\n<figure id=\"attachment_188862\" aria-describedby=\"caption-attachment-188862\" style=\"width: 700px\" class=\"wp-caption alignnone\"><img loading=\"lazy\" decoding=\"async\" class=\"wp-image-188862\" src=\"https:\/\/pay.lpwstore.com\/wp-content\/uploads\/2020\/05\/QIZHILE-90009-Garage-Car-Parking-3.jpg\" alt=\"-\" width=\"700\" height=\"446\" title=\"-\"><figcaption id=\"caption-attachment-188862\" class=\"wp-caption-text\">QIZHILE 90009 Garage Parking<\/figcaption><\/figure>\n<figure id=\"attachment_188860\" aria-describedby=\"caption-attachment-188860\" style=\"width: 1020px\" class=\"wp-caption alignnone\"><img loading=\"lazy\" decoding=\"async\" class=\"size-large wp-image-188860\" src=\"https:\/\/pay.lpwstore.com\/wp-content\/uploads\/2020\/05\/QIZHILE-90009-Garage-Car-Parking-1-1024x692.jpg\" alt=\"-\" width=\"1020\" height=\"689\" title=\"-\"><figcaption id=\"caption-attachment-188860\" class=\"wp-caption-text\">QIZHILE 90009 Garage Parking<\/figcaption><\/figure>","protected":false},"excerpt":{"rendered":"<h3><strong>QIZHILE 90009 Garage Parking<\/strong><\/h3>\n<h3><span data-text-color=\"alert\"><strong>Available in July 2020<\/strong><\/span><\/h3>\n<ul>\n<li>Quantit\u00e9 de brique\u00a0: <strong>2436+ <\/strong>pcs + Top Led light Block<\/li>\n<li>Service\u00a0: pi\u00e8ces de rechange gratuites<\/li>\n<li>Avis: <span style=\"text-decoration: underline;\" data-text-color=\"alert\"><strong>Pas de bo\u00eete d&#039;origine<\/strong><\/span>, Utilisez un sac \u00e0 bulles ou une bo\u00eete en carton vierge.<\/li>\n<\/ul>\n<div id=\"gtx-trans\" style=\"position: absolute; left: 567px; top: 231.625px;\">\n<div class=\"gtx-trans-icon\"><\/div>\n<\/div>","protected":false},"featured_media":13968,"comment_status":"open","ping_status":"closed","template":"","meta":{"_acf_changed":false},"product_cat":[15],"product_tag":[],"class_list":["product","first","instock","shipping-taxable","purchasable","product-type-simple"],"acf":[],"_links":{"self":[{"href":"https:\/\/mouldking.store\/fr\/wp-json\/wp\/v2\/product\/13967","targetHints":{"allow":["GET"]}}],"collection":[{"href":"https:\/\/mouldking.store\/fr\/wp-json\/wp\/v2\/product"}],"about":[{"href":"https:\/\/mouldking.store\/fr\/wp-json\/wp\/v2\/types\/product"}],"replies":[{"embeddable":true,"href":"https:\/\/mouldking.store\/fr\/wp-json\/wp\/v2\/comments?post=13967"}],"wp:featuredmedia":[{"embeddable":true,"href":"https:\/\/mouldking.store\/fr\/wp-json\/wp\/v2\/media\/13968"}],"wp:attachment":[{"href":"https:\/\/mouldking.store\/fr\/wp-json\/wp\/v2\/media?parent=13967"}],"wp:term":[{"taxonomy":"product_cat","embeddable":true,"href":"https:\/\/mouldking.store\/fr\/wp-json\/wp\/v2\/product_cat?post=13967"},{"taxonomy":"product_tag","embeddable":true,"href":"https:\/\/mouldking.store\/fr\/wp-json\/wp\/v2\/product_tag?post=13967"}],"curies":[{"name":"wp","href":"https:\/\/api.w.org\/{rel}","templated":true}]}}