{"id":14064,"date":"2021-09-28T03:02:52","date_gmt":"2021-09-28T03:02:52","guid":{"rendered":"https:\/\/mouldking.store\/product\/urge-10011-post-office-building-2654885"},"modified":"2021-12-23T09:54:32","modified_gmt":"2021-12-23T09:54:32","slug":"urge-10011-post-office-building","status":"publish","type":"product","link":"https:\/\/mouldking.store\/fr\/shop\/urge-10011-post-office-building\/","title":{"rendered":"URGE 10011 B\u00e2timent du bureau de poste"},"content":{"rendered":"<p><strong>D\u00c9TAIL DU PRODUIT<\/strong><\/p>\n<p>URGE 10011 Post Office Building is based\u00a0 on Post Office Building .\u00a0 It&#8217;s an awesome Brick set URGE 10011 Post Office Building<\/p>\n<figure id=\"attachment_189367\" aria-describedby=\"caption-attachment-189367\" style=\"width: 914px\" class=\"wp-caption alignnone\"><img fetchpriority=\"high\" decoding=\"async\" class=\"size-full wp-image-189367\" src=\"https:\/\/pay.lpwstore.com\/wp-content\/uploads\/2020\/05\/URGE-10011-Post-Office.jpg\" alt=\"-\" width=\"914\" height=\"914\" title=\"-\"><figcaption id=\"caption-attachment-189367\" class=\"wp-caption-text\">URGE 10011 B\u00e2timent du bureau de poste<\/figcaption><\/figure>\n<ul>\n<li>+ 3500\u00a0 pieces made from high-quality 100% ABS plastic bricks, safe for children, long time to play, 100% compatible with other brick brands<\/li>\n<li><span style=\"font-size: 14.4px;\">Easy-to-build with manual instruction of URGE 10011 Post Office Building <\/span><span style=\"font-size: 14.4px; color: #555555;\">avec un guide brique par brique et des images de haute qualit\u00e9<\/span><\/li>\n<li><span style=\"font-size: 14.4px;\">Full dimensions of URGE 10011 Post Office Building:<\/span><\/li>\n<\/ul>\n<h4><strong>LIVRAISON &amp; RETOUR<\/strong><\/h4>\n<p>We guarantee for URGE 10011 Post Office Building<\/p>\n<ul>\n<li>Remboursement int\u00e9gral si vous ne recevez pas votre commande<\/li>\n<li>Fournir gratuitement les pi\u00e8ces manquantes ou le livre manuel<\/li>\n<li>Le client ne paiera plus les taxes et frais de douane. (Si vous devez payer, nous vous rembourserons)<\/li>\n<li>L&#039;exp\u00e9dition internationale est assez compliqu\u00e9e, nous nous effor\u00e7ons de traiter l&#039;ensemble de votre probl\u00e8me. Mais, si votre commande rencontre des probl\u00e8mes, veuillez nous contacter par e-mail<\/li>\n<li><span data-text-color=\"alert\"><strong>Annuler la commande:<\/strong><\/span> Si vous devez annuler une commande, vous devez nous contacter par e-mail contact@pay.lpwstore.com d\u00e8s que possible. Nous ne pouvons pas arr\u00eater la commande avant 48 heures<\/li>\n<\/ul>\n<h4><strong>PARTIES MANQUANTES<\/strong><\/h4>\n<p>All parts of URGE 10011 Post Office Building \u00a0are quality checked before shipping, so if you find some missing or damaged parts, don&#8217;t worry. Please contact us and we will send them to you without any fees, or we will offer a small refund for you to buy in other places.<\/p>\n<h4><strong>EMBALLER<\/strong><\/h4>\n<p>URGE 10011 Post Office Building new in sealed Bag with Bubble Safty Packing (No original box, original box is too big and easy to be broken during shipping, and this will save cost for you. We promise to pack the blocks well.<\/p>","protected":false},"excerpt":{"rendered":"<h3><strong>URGE 10011 B\u00e2timent du bureau de poste<\/strong><\/h3>\n<h3><span data-text-color=\"alert\"><strong>PRE-ORDER \/ Available in July 2020<\/strong><\/span><\/h3>\n<ul>\n<li>Quantit\u00e9 de brique\u00a0: <strong>3500+ <\/strong>pi\u00e8ces<\/li>\n<li>Service\u00a0: pi\u00e8ces de rechange gratuites<\/li>\n<li>Avis: <span style=\"text-decoration: underline;\" data-text-color=\"alert\"><strong>Pas de bo\u00eete d&#039;origine<\/strong><\/span>, Utilisez un sac \u00e0 bulles ou une bo\u00eete en carton vierge.<\/li>\n<\/ul>\n<div id=\"gtx-trans\" style=\"position: absolute; left: 567px; top: 231.625px;\">\n<div class=\"gtx-trans-icon\"><\/div>\n<\/div>","protected":false},"featured_media":14065,"comment_status":"open","ping_status":"closed","template":"","meta":{"_acf_changed":false},"product_cat":[],"product_tag":[],"class_list":["product","first","outofstock","shipping-taxable","purchasable","product-type-simple"],"acf":[],"_links":{"self":[{"href":"https:\/\/mouldking.store\/fr\/wp-json\/wp\/v2\/product\/14064","targetHints":{"allow":["GET"]}}],"collection":[{"href":"https:\/\/mouldking.store\/fr\/wp-json\/wp\/v2\/product"}],"about":[{"href":"https:\/\/mouldking.store\/fr\/wp-json\/wp\/v2\/types\/product"}],"replies":[{"embeddable":true,"href":"https:\/\/mouldking.store\/fr\/wp-json\/wp\/v2\/comments?post=14064"}],"wp:featuredmedia":[{"embeddable":true,"href":"https:\/\/mouldking.store\/fr\/wp-json\/wp\/v2\/media\/14065"}],"wp:attachment":[{"href":"https:\/\/mouldking.store\/fr\/wp-json\/wp\/v2\/media?parent=14064"}],"wp:term":[{"taxonomy":"product_cat","embeddable":true,"href":"https:\/\/mouldking.store\/fr\/wp-json\/wp\/v2\/product_cat?post=14064"},{"taxonomy":"product_tag","embeddable":true,"href":"https:\/\/mouldking.store\/fr\/wp-json\/wp\/v2\/product_tag?post=14064"}],"curies":[{"name":"wp","href":"https:\/\/api.w.org\/{rel}","templated":true}]}}