{"id":14244,"date":"2021-09-28T03:05:48","date_gmt":"2021-09-28T03:05:48","guid":{"rendered":"https:\/\/mouldking.store\/product\/sembo-101213-101216-empires-of-steel-8337177"},"modified":"2021-12-23T09:54:32","modified_gmt":"2021-12-23T09:54:32","slug":"sembo-101213-101216-empires-of-steel","status":"publish","type":"product","link":"https:\/\/mouldking.store\/fr\/shop\/sembo-101213-101216-empires-of-steel\/","title":{"rendered":"SEMBO 101213 \u2013 101216 Empires d&#039;acier"},"content":{"rendered":"<p><span>Iron Empire : 4 chasseurs de chars \u00e9l\u00e9phants, des chars lourds tigres, des chasseurs de chars lourds chasseurs de tigres et le char lourd Tigers (Empires of Steel) appartiennent \u00e0 la s\u00e9rie militaire d&#039;ensembles de blocs de construction. L&#039;ensemble complet contient 957 particules de blocs de construction.\u00a0<\/span><span>Il a \u00e9t\u00e9 lanc\u00e9 pour la premi\u00e8re fois en 2018.<\/span><\/p>\n<p><img fetchpriority=\"high\" decoding=\"async\" class=\"size-full wp-image-190882 aligncenter\" src=\"https:\/\/pay.lpwstore.com\/wp-content\/uploads\/2020\/06\/SEMBO-101213-101216-Empires-of-Steel.jpg\" alt=\"SEMBO-101213---101216-Empires-of-Steel\" width=\"800\" height=\"800\" title=\"-\"> <img decoding=\"async\" class=\"size-full wp-image-190885 aligncenter\" src=\"https:\/\/pay.lpwstore.com\/wp-content\/uploads\/2020\/06\/SEMBO-101213-101216-Empires-of-Steel-4.jpg\" alt=\"-\" width=\"800\" height=\"800\" title=\"-\"> <img decoding=\"async\" class=\"size-full wp-image-190884 aligncenter\" src=\"https:\/\/pay.lpwstore.com\/wp-content\/uploads\/2020\/06\/SEMBO-101213-101216-Empires-of-Steel-3.jpg\" alt=\"-\" width=\"800\" height=\"800\" title=\"-\"> <img loading=\"lazy\" decoding=\"async\" class=\"size-full wp-image-190886 aligncenter\" src=\"https:\/\/pay.lpwstore.com\/wp-content\/uploads\/2020\/06\/SEMBO-101213-101216-Empires-of-Steel-5.jpg\" alt=\"-\" width=\"790\" height=\"1092\" title=\"-\"> <img loading=\"lazy\" decoding=\"async\" class=\"size-full wp-image-190887 aligncenter\" src=\"https:\/\/pay.lpwstore.com\/wp-content\/uploads\/2020\/06\/SEMBO-101213-101216-Empires-of-Steel-6.jpg\" alt=\"-\" width=\"790\" height=\"1092\" title=\"-\"> <img loading=\"lazy\" decoding=\"async\" class=\"size-full wp-image-190888 aligncenter\" src=\"https:\/\/pay.lpwstore.com\/wp-content\/uploads\/2020\/06\/SEMBO-101213-101216-Empires-of-Steel-7.jpg\" alt=\"-\" width=\"790\" height=\"1092\" title=\"-\"> <img loading=\"lazy\" decoding=\"async\" class=\"size-full wp-image-190889 aligncenter\" src=\"https:\/\/pay.lpwstore.com\/wp-content\/uploads\/2020\/06\/SEMBO-101213-101216-Empires-of-Steel-8.jpg\" alt=\"-\" width=\"790\" height=\"1092\" title=\"-\"><\/p>","protected":false},"excerpt":{"rendered":"<ul>\n<li>Inclure <strong>957+<\/strong> pi\u00e8ces<\/li>\n<li>Livre d&#039;instructions manuel<\/li>\n<li>Bloc ABS de haute qualit\u00e9<\/li>\n<\/ul>","protected":false},"featured_media":14245,"comment_status":"open","ping_status":"closed","template":"","meta":{"_acf_changed":false},"product_cat":[],"product_tag":[],"class_list":["product","first","instock","shipping-taxable","purchasable","product-type-simple"],"acf":[],"_links":{"self":[{"href":"https:\/\/mouldking.store\/fr\/wp-json\/wp\/v2\/product\/14244","targetHints":{"allow":["GET"]}}],"collection":[{"href":"https:\/\/mouldking.store\/fr\/wp-json\/wp\/v2\/product"}],"about":[{"href":"https:\/\/mouldking.store\/fr\/wp-json\/wp\/v2\/types\/product"}],"replies":[{"embeddable":true,"href":"https:\/\/mouldking.store\/fr\/wp-json\/wp\/v2\/comments?post=14244"}],"wp:featuredmedia":[{"embeddable":true,"href":"https:\/\/mouldking.store\/fr\/wp-json\/wp\/v2\/media\/14245"}],"wp:attachment":[{"href":"https:\/\/mouldking.store\/fr\/wp-json\/wp\/v2\/media?parent=14244"}],"wp:term":[{"taxonomy":"product_cat","embeddable":true,"href":"https:\/\/mouldking.store\/fr\/wp-json\/wp\/v2\/product_cat?post=14244"},{"taxonomy":"product_tag","embeddable":true,"href":"https:\/\/mouldking.store\/fr\/wp-json\/wp\/v2\/product_tag?post=14244"}],"curies":[{"name":"wp","href":"https:\/\/api.w.org\/{rel}","templated":true}]}}