{"id":14445,"date":"2021-09-28T03:06:42","date_gmt":"2021-09-28T03:06:42","guid":{"rendered":"https:\/\/mouldking.store\/product\/xingbao-xb-01004-martial-art-schools-china-town-7081740"},"modified":"2021-12-23T09:54:28","modified_gmt":"2021-12-23T09:54:28","slug":"xingbao-xb-01004-martial-art-schools-china-town","status":"publish","type":"product","link":"https:\/\/mouldking.store\/fr\/shop\/xingbao-xb-01004-martial-art-schools-china-town\/","title":{"rendered":"XINGBAO XB-01004 \u00c9coles d&#039;arts martiaux China Town"},"content":{"rendered":"<p>China Town: Martial Art School (China Town: Martial Art Schools) appartient \u00e0 la s\u00e9rie de mod\u00e8les avanc\u00e9s d&#039;ensembles de blocs de construction, l&#039;ensemble complet contient 2882 particules de blocs de construction. Il a \u00e9t\u00e9 lanc\u00e9 pour la premi\u00e8re fois en 2017.<\/p>\n<p><img fetchpriority=\"high\" decoding=\"async\" class=\"size-full wp-image-191217 aligncenter\" src=\"https:\/\/pay.lpwstore.com\/wp-content\/uploads\/2020\/06\/XINGBAO-XB-01004-Martial-Art-Schools-China-Town-5.jpg\" alt=\"XINGBAO-XB-01004-Martial-Art-Schools-China-Town-5\" width=\"800\" height=\"800\" title=\"-\"> <img decoding=\"async\" class=\"size-full wp-image-191216 aligncenter\" src=\"https:\/\/pay.lpwstore.com\/wp-content\/uploads\/2020\/06\/XINGBAO-XB-01004-Martial-Art-Schools-China-Town-4.jpg\" alt=\"-\" width=\"800\" height=\"800\" title=\"-\"> <img decoding=\"async\" class=\"size-full wp-image-191215 aligncenter\" src=\"https:\/\/pay.lpwstore.com\/wp-content\/uploads\/2020\/06\/XINGBAO-XB-01004-Martial-Art-Schools-China-Town-3.jpg\" alt=\"-\" width=\"800\" height=\"800\" title=\"-\"> <img loading=\"lazy\" decoding=\"async\" class=\"size-full wp-image-191214 aligncenter\" src=\"https:\/\/pay.lpwstore.com\/wp-content\/uploads\/2020\/06\/XINGBAO-XB-01004-Martial-Art-Schools-China-Town-2.jpg\" alt=\"-\" width=\"800\" height=\"800\" title=\"-\"> <img loading=\"lazy\" decoding=\"async\" class=\"size-full wp-image-191213 aligncenter\" src=\"https:\/\/pay.lpwstore.com\/wp-content\/uploads\/2020\/06\/XINGBAO-XB-01004-Martial-Art-Schools-China-Town.jpg\" alt=\"-\" width=\"800\" height=\"800\" title=\"-\"> <img loading=\"lazy\" decoding=\"async\" class=\"size-full wp-image-191218 aligncenter\" src=\"https:\/\/pay.lpwstore.com\/wp-content\/uploads\/2020\/06\/XINGBAO-XB-01004-Martial-Art-Schools-China-Town-6.jpg\" alt=\"-\" width=\"800\" height=\"800\" title=\"-\"><\/p>","protected":false},"excerpt":{"rendered":"<ul>\n<li>Inclure <strong>2882+<\/strong> pi\u00e8ces<\/li>\n<li>Livre d&#039;instructions manuel<\/li>\n<li>Bloc ABS de haute qualit\u00e9<\/li>\n<\/ul>","protected":false},"featured_media":14446,"comment_status":"open","ping_status":"closed","template":"","meta":{"_acf_changed":false},"product_cat":[],"product_tag":[],"class_list":["product","first","instock","shipping-taxable","purchasable","product-type-simple"],"acf":[],"_links":{"self":[{"href":"https:\/\/mouldking.store\/fr\/wp-json\/wp\/v2\/product\/14445","targetHints":{"allow":["GET"]}}],"collection":[{"href":"https:\/\/mouldking.store\/fr\/wp-json\/wp\/v2\/product"}],"about":[{"href":"https:\/\/mouldking.store\/fr\/wp-json\/wp\/v2\/types\/product"}],"replies":[{"embeddable":true,"href":"https:\/\/mouldking.store\/fr\/wp-json\/wp\/v2\/comments?post=14445"}],"wp:featuredmedia":[{"embeddable":true,"href":"https:\/\/mouldking.store\/fr\/wp-json\/wp\/v2\/media\/14446"}],"wp:attachment":[{"href":"https:\/\/mouldking.store\/fr\/wp-json\/wp\/v2\/media?parent=14445"}],"wp:term":[{"taxonomy":"product_cat","embeddable":true,"href":"https:\/\/mouldking.store\/fr\/wp-json\/wp\/v2\/product_cat?post=14445"},{"taxonomy":"product_tag","embeddable":true,"href":"https:\/\/mouldking.store\/fr\/wp-json\/wp\/v2\/product_tag?post=14445"}],"curies":[{"name":"wp","href":"https:\/\/api.w.org\/{rel}","templated":true}]}}