{"id":14573,"date":"2021-09-28T03:08:44","date_gmt":"2021-09-28T03:08:44","guid":{"rendered":"https:\/\/mouldking.store\/product\/sembo-607400-607403-classic-retro-vintage-famous-car-2701287"},"modified":"2021-10-11T03:01:11","modified_gmt":"2021-10-11T03:01:11","slug":"sembo-607400-607403-classic-retro-vintage-famous-car","status":"publish","type":"product","link":"https:\/\/mouldking.store\/fr\/shop\/sembo-607400-607403-classic-retro-vintage-famous-car\/","title":{"rendered":"SEMBO 607400-607403 Voiture c\u00e9l\u00e8bre r\u00e9tro classique"},"content":{"rendered":"<p>L&#039;ensemble voiture classique (Famous Car) appartient \u00e0 la s\u00e9rie de course d&#039;ensembles de blocs de construction. Les ensembles entiers contiennent 1235 particules de blocs de construction. Il sera lanc\u00e9 en 2020.<\/p>\n<p><img fetchpriority=\"high\" decoding=\"async\" class=\"size-full wp-image-191764 aligncenter\" src=\"https:\/\/pay.lpwstore.com\/wp-content\/uploads\/2020\/06\/SEMBO-607400-607403-Classic-Retro-Vintage-Famous-Car.jpg\" alt=\"SEMBO-607400-607403-Classic-Retro-Vintage-Famous-Car\" width=\"800\" height=\"800\" title=\"-\"> <img decoding=\"async\" class=\"size-full wp-image-191758 aligncenter\" src=\"https:\/\/pay.lpwstore.com\/wp-content\/uploads\/2020\/06\/SEMBO-607400-607403-Classic-Retro-Vintage-Famous-Car-400-2.jpg\" alt=\"SEMBO-607400-607403-Classic-Retro-Vintage-Famous-Car-400-2\" width=\"800\" height=\"800\" title=\"-\"> <img decoding=\"async\" class=\"size-full wp-image-191768 aligncenter\" src=\"https:\/\/pay.lpwstore.com\/wp-content\/uploads\/2020\/06\/SEMBO-607400-607403-Classic-Retro-Vintage-Famous-Car-400.jpg\" alt=\"-\" width=\"800\" height=\"800\" title=\"-\"> <img loading=\"lazy\" decoding=\"async\" class=\"size-full wp-image-191759 aligncenter\" src=\"https:\/\/pay.lpwstore.com\/wp-content\/uploads\/2020\/06\/SEMBO-607400-607403-Classic-Retro-Vintage-Famous-Car-401.jpg\" alt=\"SEMBO-607400-607403-Classic-Retro-Vintage-Famous-Car-401\" width=\"800\" height=\"800\" title=\"-\"> <img loading=\"lazy\" decoding=\"async\" class=\"size-full wp-image-191765 aligncenter\" src=\"https:\/\/pay.lpwstore.com\/wp-content\/uploads\/2020\/06\/SEMBO-607400-607403-Classic-Retro-Vintage-Famous-Car-401-2.jpg\" alt=\"-\" width=\"800\" height=\"800\" title=\"-\"> <img loading=\"lazy\" decoding=\"async\" class=\"size-full wp-image-191760 aligncenter\" src=\"https:\/\/pay.lpwstore.com\/wp-content\/uploads\/2020\/06\/SEMBO-607400-607403-Classic-Retro-Vintage-Famous-Car-402-2.jpg\" alt=\"SEMBO-607400-607403-Classic-Retro-Vintage-Famous-Car-402---2\" width=\"800\" height=\"800\" title=\"-\"> <img loading=\"lazy\" decoding=\"async\" class=\"size-full wp-image-191766 aligncenter\" src=\"https:\/\/pay.lpwstore.com\/wp-content\/uploads\/2020\/06\/SEMBO-607400-607403-Classic-Retro-Vintage-Famous-Car-402.jpg\" alt=\"-\" width=\"800\" height=\"800\" title=\"-\"> <img loading=\"lazy\" decoding=\"async\" class=\"size-full wp-image-191761 aligncenter\" src=\"https:\/\/pay.lpwstore.com\/wp-content\/uploads\/2020\/06\/SEMBO-607400-607403-Classic-Retro-Vintage-Famous-Car-403.jpg\" alt=\"SEMBO-607400-607403-Classic-Retro-Vintage-Famous-Car-403\" width=\"800\" height=\"800\" title=\"-\"> <img loading=\"lazy\" decoding=\"async\" class=\"size-full wp-image-191767 aligncenter\" src=\"https:\/\/pay.lpwstore.com\/wp-content\/uploads\/2020\/06\/SEMBO-607400-607403-Classic-Retro-Vintage-Famous-Car-403-2.jpg\" alt=\"-\" width=\"800\" height=\"800\" title=\"-\"><\/p>","protected":false},"excerpt":{"rendered":"<ul>\n<li>Livre d&#039;instructions manuel<\/li>\n<li>Bloc ABS de haute qualit\u00e9<\/li>\n<\/ul>","protected":false},"featured_media":14574,"comment_status":"open","ping_status":"closed","template":"","meta":{"_acf_changed":false},"product_cat":[],"product_tag":[],"class_list":["product","first","outofstock","shipping-taxable","purchasable","product-type-variable","has-default-attributes"],"acf":[],"_links":{"self":[{"href":"https:\/\/mouldking.store\/fr\/wp-json\/wp\/v2\/product\/14573","targetHints":{"allow":["GET"]}}],"collection":[{"href":"https:\/\/mouldking.store\/fr\/wp-json\/wp\/v2\/product"}],"about":[{"href":"https:\/\/mouldking.store\/fr\/wp-json\/wp\/v2\/types\/product"}],"replies":[{"embeddable":true,"href":"https:\/\/mouldking.store\/fr\/wp-json\/wp\/v2\/comments?post=14573"}],"wp:featuredmedia":[{"embeddable":true,"href":"https:\/\/mouldking.store\/fr\/wp-json\/wp\/v2\/media\/14574"}],"wp:attachment":[{"href":"https:\/\/mouldking.store\/fr\/wp-json\/wp\/v2\/media?parent=14573"}],"wp:term":[{"taxonomy":"product_cat","embeddable":true,"href":"https:\/\/mouldking.store\/fr\/wp-json\/wp\/v2\/product_cat?post=14573"},{"taxonomy":"product_tag","embeddable":true,"href":"https:\/\/mouldking.store\/fr\/wp-json\/wp\/v2\/product_tag?post=14573"}],"curies":[{"name":"wp","href":"https:\/\/api.w.org\/{rel}","templated":true}]}}