{"id":14624,"date":"2021-09-28T03:09:28","date_gmt":"2021-09-28T03:09:28","guid":{"rendered":"https:\/\/mouldking.store\/product\/sembo-107006-wandering-earth-cn373-bucket-carrier-large-front-cargotruck-5215976"},"modified":"2021-12-23T09:53:44","modified_gmt":"2021-12-23T09:53:44","slug":"sembo-107006-wandering-earth-cn373-bucket-carrier-large-front-cargotruck","status":"publish","type":"product","link":"https:\/\/mouldking.store\/fr\/shop\/sembo-107006-wandering-earth-cn373-bucket-carrier-large-front-cargotruck\/","title":{"rendered":"SEMBO 107006 Wandering Earth\u00a0: CN373 Bucket Carrier-Large Front CargoTruck"},"content":{"rendered":"<p><span>Wandering Earth : le porte-seau CN373-CargoTruck-Iron Truck appartient \u00e0 l&#039;ensemble de blocs de construction de la s\u00e9rie de jeux cin\u00e9matographiques et t\u00e9l\u00e9vis\u00e9s. L&#039;ensemble contient 1445 particules de blocs de construction.\u00a0<\/span><span>Il a \u00e9t\u00e9 lanc\u00e9 en 2019.<\/span><\/p>\n<p><img fetchpriority=\"high\" decoding=\"async\" class=\"size-full wp-image-191943 aligncenter\" src=\"https:\/\/pay.lpwstore.com\/wp-content\/uploads\/2020\/06\/SEMBO-107006-Wandering-Earth-CN373-Bucket-Carrier-Large-Front-CargoTruck.jpg\" alt=\"-\" width=\"800\" height=\"800\" title=\"-\"> <img decoding=\"async\" class=\"size-full wp-image-191947 aligncenter\" src=\"https:\/\/pay.lpwstore.com\/wp-content\/uploads\/2020\/06\/SEMBO-107006-Wandering-Earth-CN373-Bucket-Carrier-Large-Front-CargoTruck5.jpg\" alt=\"-\" width=\"780\" height=\"916\" title=\"-\"> <img decoding=\"async\" class=\"size-full wp-image-191944 aligncenter\" src=\"https:\/\/pay.lpwstore.com\/wp-content\/uploads\/2020\/06\/SEMBO-107006-Wandering-Earth-CN373-Bucket-Carrier-Large-Front-CargoTruck2.jpg\" alt=\"-\" width=\"800\" height=\"800\" title=\"-\"> <img loading=\"lazy\" decoding=\"async\" class=\"size-full wp-image-191946 aligncenter\" src=\"https:\/\/pay.lpwstore.com\/wp-content\/uploads\/2020\/06\/SEMBO-107006-Wandering-Earth-CN373-Bucket-Carrier-Large-Front-CargoTruck4.jpg\" alt=\"-\" width=\"800\" height=\"800\" title=\"-\"> <img loading=\"lazy\" decoding=\"async\" class=\"size-full wp-image-191945 aligncenter\" src=\"https:\/\/pay.lpwstore.com\/wp-content\/uploads\/2020\/06\/SEMBO-107006-Wandering-Earth-CN373-Bucket-Carrier-Large-Front-CargoTruck3.jpg\" alt=\"-\" width=\"800\" height=\"800\" title=\"-\"><\/p>","protected":false},"excerpt":{"rendered":"<ul>\n<li>Inclure <strong>1445+<\/strong> pi\u00e8ces<\/li>\n<li>Livre d&#039;instructions manuel<\/li>\n<li>Bloc ABS de haute qualit\u00e9<\/li>\n<\/ul>","protected":false},"featured_media":14625,"comment_status":"open","ping_status":"closed","template":"","meta":{"_acf_changed":false},"product_cat":[],"product_tag":[],"class_list":["product","first","instock","shipping-taxable","purchasable","product-type-simple"],"acf":[],"_links":{"self":[{"href":"https:\/\/mouldking.store\/fr\/wp-json\/wp\/v2\/product\/14624","targetHints":{"allow":["GET"]}}],"collection":[{"href":"https:\/\/mouldking.store\/fr\/wp-json\/wp\/v2\/product"}],"about":[{"href":"https:\/\/mouldking.store\/fr\/wp-json\/wp\/v2\/types\/product"}],"replies":[{"embeddable":true,"href":"https:\/\/mouldking.store\/fr\/wp-json\/wp\/v2\/comments?post=14624"}],"wp:featuredmedia":[{"embeddable":true,"href":"https:\/\/mouldking.store\/fr\/wp-json\/wp\/v2\/media\/14625"}],"wp:attachment":[{"href":"https:\/\/mouldking.store\/fr\/wp-json\/wp\/v2\/media?parent=14624"}],"wp:term":[{"taxonomy":"product_cat","embeddable":true,"href":"https:\/\/mouldking.store\/fr\/wp-json\/wp\/v2\/product_cat?post=14624"},{"taxonomy":"product_tag","embeddable":true,"href":"https:\/\/mouldking.store\/fr\/wp-json\/wp\/v2\/product_tag?post=14624"}],"curies":[{"name":"wp","href":"https:\/\/api.w.org\/{rel}","templated":true}]}}