{"id":14630,"date":"2021-09-28T03:09:34","date_gmt":"2021-09-28T03:09:34","guid":{"rendered":"https:\/\/mouldking.store\/product\/dk-7008-slave-i-starfighter-balance-frame-anti-gravity-2420603"},"modified":"2021-12-23T09:53:44","modified_gmt":"2021-12-23T09:53:44","slug":"dk-7008-slave-i-starfighter-balance-frame-anti-gravity","status":"publish","type":"product","link":"https:\/\/mouldking.store\/fr\/shop\/dk-7008-slave-i-starfighter-balance-frame-anti-gravity\/","title":{"rendered":"DK 7008 Slave I Starfighter Balance Frame Anti-Gravit\u00e9"},"content":{"rendered":"<p>Balance Frame: Slave I Starfighter (Balance Frame: Slave I Starfighter) appartient \u00e0 la s\u00e9rie d&#039;ensembles de blocs de construction Star Wars, l&#039;ensemble complet contient 256 particules de blocs de construction. Il sera lanc\u00e9 en 2020.<\/p>\n<p><img fetchpriority=\"high\" decoding=\"async\" class=\"size-full wp-image-191987 aligncenter\" src=\"https:\/\/pay.lpwstore.com\/wp-content\/uploads\/2020\/06\/DK-7008-Slave-I-Starfighter-Balance-Frame-Anti-Gravity-5-scaled.jpg\" alt=\"DK-7008-Slave-I-Starfighter-Balance-Frame-Anti---Gravity-5\" width=\"751\" height=\"2560\" title=\"-\"><\/p>","protected":false},"excerpt":{"rendered":"<ul>\n<li>Inclure <strong>256+<\/strong> pi\u00e8ces<\/li>\n<li>Livre d&#039;instructions manuel<\/li>\n<li>Bloc ABS de haute qualit\u00e9<\/li>\n<\/ul>","protected":false},"featured_media":14631,"comment_status":"open","ping_status":"closed","template":"","meta":{"_acf_changed":false},"product_cat":[],"product_tag":[],"class_list":["product","first","instock","shipping-taxable","purchasable","product-type-simple"],"acf":[],"_links":{"self":[{"href":"https:\/\/mouldking.store\/fr\/wp-json\/wp\/v2\/product\/14630","targetHints":{"allow":["GET"]}}],"collection":[{"href":"https:\/\/mouldking.store\/fr\/wp-json\/wp\/v2\/product"}],"about":[{"href":"https:\/\/mouldking.store\/fr\/wp-json\/wp\/v2\/types\/product"}],"replies":[{"embeddable":true,"href":"https:\/\/mouldking.store\/fr\/wp-json\/wp\/v2\/comments?post=14630"}],"wp:featuredmedia":[{"embeddable":true,"href":"https:\/\/mouldking.store\/fr\/wp-json\/wp\/v2\/media\/14631"}],"wp:attachment":[{"href":"https:\/\/mouldking.store\/fr\/wp-json\/wp\/v2\/media?parent=14630"}],"wp:term":[{"taxonomy":"product_cat","embeddable":true,"href":"https:\/\/mouldking.store\/fr\/wp-json\/wp\/v2\/product_cat?post=14630"},{"taxonomy":"product_tag","embeddable":true,"href":"https:\/\/mouldking.store\/fr\/wp-json\/wp\/v2\/product_tag?post=14630"}],"curies":[{"name":"wp","href":"https:\/\/api.w.org\/{rel}","templated":true}]}}