{"id":14633,"date":"2021-09-28T03:09:35","date_gmt":"2021-09-28T03:09:35","guid":{"rendered":"https:\/\/mouldking.store\/product\/sembo-107009-wandering-earth-cn171-11-carrier-cn114-03-transport-truck-9427778"},"modified":"2021-10-11T03:01:10","modified_gmt":"2021-10-11T03:01:10","slug":"sembo-107009-wandering-earth-cn171-11-carrier-cn114-03-transport-truck","status":"publish","type":"product","link":"https:\/\/mouldking.store\/fr\/shop\/sembo-107009-wandering-earth-cn171-11-carrier-cn114-03-transport-truck\/","title":{"rendered":"SEMBO 107009 Wandering Earth CN171-11 Transporteur CN114-03 Camion de transport"},"content":{"rendered":"<p>Wandering Earth: CN171-11 Box Carrier CN114-03 Large (Cargotruck-Transport Truck) appartient \u00e0 l&#039;ensemble de blocs de s\u00e9ries de jeux cin\u00e9matographiques et t\u00e9l\u00e9vis\u00e9s, l&#039;ensemble contient 3712 particules de blocs de construction. Il a \u00e9t\u00e9 lanc\u00e9 en 2019.<\/p>\n<p><img fetchpriority=\"high\" decoding=\"async\" class=\"wp-image-191925 aligncenter\" src=\"https:\/\/pay.lpwstore.com\/wp-content\/uploads\/2020\/06\/SEMBO-107009-Wandering-Earth-CN171-11-Carrier-CN114-03-Transport-Truck2.jpg\" alt=\"-\" width=\"796\" height=\"936\" title=\"-\"> <img decoding=\"async\" class=\"size-full wp-image-191927 aligncenter\" src=\"https:\/\/pay.lpwstore.com\/wp-content\/uploads\/2020\/06\/SEMBO-107009-Wandering-Earth-CN171-11-Carrier-CN114-03-Transport-Truck4.jpg\" alt=\"-\" width=\"800\" height=\"800\" title=\"-\"> <img decoding=\"async\" class=\"size-full wp-image-191929 aligncenter\" src=\"https:\/\/pay.lpwstore.com\/wp-content\/uploads\/2020\/06\/SEMBO-107009-Wandering-Earth-CN171-11-Carrier-CN114-03-Transport-Truck6.jpg\" alt=\"-\" width=\"800\" height=\"800\" title=\"-\"> <img loading=\"lazy\" decoding=\"async\" class=\"size-full wp-image-191928 aligncenter\" src=\"https:\/\/pay.lpwstore.com\/wp-content\/uploads\/2020\/06\/SEMBO-107009-Wandering-Earth-CN171-11-Carrier-CN114-03-Transport-Truck5.jpg\" alt=\"-\" width=\"800\" height=\"800\" title=\"-\"> <img loading=\"lazy\" decoding=\"async\" class=\"size-full wp-image-191926 aligncenter\" src=\"https:\/\/pay.lpwstore.com\/wp-content\/uploads\/2020\/06\/SEMBO-107009-Wandering-Earth-CN171-11-Carrier-CN114-03-Transport-Truck3.jpg\" alt=\"-\" width=\"800\" height=\"800\" title=\"-\"><\/p>","protected":false},"excerpt":{"rendered":"<ul>\n<li>Inclure <strong>3712+<\/strong> pi\u00e8ces<\/li>\n<li>Livre d&#039;instructions manuel<\/li>\n<li>Bloc ABS de haute qualit\u00e9<\/li>\n<\/ul>","protected":false},"featured_media":14634,"comment_status":"open","ping_status":"closed","template":"","meta":{"_acf_changed":false},"product_cat":[],"product_tag":[],"class_list":["product","first","outofstock","shipping-taxable","purchasable","product-type-simple"],"acf":[],"_links":{"self":[{"href":"https:\/\/mouldking.store\/fr\/wp-json\/wp\/v2\/product\/14633","targetHints":{"allow":["GET"]}}],"collection":[{"href":"https:\/\/mouldking.store\/fr\/wp-json\/wp\/v2\/product"}],"about":[{"href":"https:\/\/mouldking.store\/fr\/wp-json\/wp\/v2\/types\/product"}],"replies":[{"embeddable":true,"href":"https:\/\/mouldking.store\/fr\/wp-json\/wp\/v2\/comments?post=14633"}],"wp:featuredmedia":[{"embeddable":true,"href":"https:\/\/mouldking.store\/fr\/wp-json\/wp\/v2\/media\/14634"}],"wp:attachment":[{"href":"https:\/\/mouldking.store\/fr\/wp-json\/wp\/v2\/media?parent=14633"}],"wp:term":[{"taxonomy":"product_cat","embeddable":true,"href":"https:\/\/mouldking.store\/fr\/wp-json\/wp\/v2\/product_cat?post=14633"},{"taxonomy":"product_tag","embeddable":true,"href":"https:\/\/mouldking.store\/fr\/wp-json\/wp\/v2\/product_tag?post=14633"}],"curies":[{"name":"wp","href":"https:\/\/api.w.org\/{rel}","templated":true}]}}