{"id":14717,"date":"2021-09-28T03:10:25","date_gmt":"2021-09-28T03:10:25","guid":{"rendered":"https:\/\/mouldking.store\/product\/panlos-61002-huipai-house-ancient-architecture-china-town-7448253"},"modified":"2024-08-06T15:22:38","modified_gmt":"2024-08-06T08:22:38","slug":"panlos-61002-huipai-house-ancient-architecture-china-town","status":"publish","type":"product","link":"https:\/\/mouldking.store\/fr\/shop\/panlos-61002-huipai-house-ancient-architecture-china-town\/","title":{"rendered":"PANLOS 61002 Maison Huipai Architecture ancienne - China Town"},"content":{"rendered":"<p><span>Anhui style front door courtyard, classical cottage, private garden, small bridge and flowing water belong to the theme series series of building block sets. The entire set contains 1872 building block particles.\u00a0<\/span><span>Il a \u00e9t\u00e9 lanc\u00e9 en 2019.<\/span><\/p>\n<p><img fetchpriority=\"high\" decoding=\"async\" class=\"size-full wp-image-192415 aligncenter\" src=\"https:\/\/pay.lpwstore.com\/wp-content\/uploads\/2020\/06\/PANLOS-61002-Huipai-House-Ancient-Architecture-China-Town4.jpg\" alt=\"PANLOS-61002-Huipai-House-Ancient-Architecture---China-Town4\" width=\"800\" height=\"800\" title=\"-\"> <img decoding=\"async\" class=\"size-full wp-image-192413 aligncenter\" src=\"https:\/\/pay.lpwstore.com\/wp-content\/uploads\/2020\/06\/PANLOS-61002-Huipai-House-Ancient-Architecture-China-Town2.jpg\" alt=\"-\" width=\"800\" height=\"800\" title=\"-\"> <img decoding=\"async\" class=\"size-full wp-image-192414 aligncenter\" src=\"https:\/\/pay.lpwstore.com\/wp-content\/uploads\/2020\/06\/PANLOS-61002-Huipai-House-Ancient-Architecture-China-Town3.jpg\" alt=\"-\" width=\"800\" height=\"800\" title=\"-\"> <img loading=\"lazy\" decoding=\"async\" class=\"size-full wp-image-192412 aligncenter\" src=\"https:\/\/pay.lpwstore.com\/wp-content\/uploads\/2020\/06\/PANLOS-61002-Huipai-House-Ancient-Architecture-China-Town.jpg\" alt=\"-\" width=\"800\" height=\"800\" title=\"-\"><\/p>","protected":false},"excerpt":{"rendered":"<ul>\n<li>Inclure <strong>1872+<\/strong> pi\u00e8ces<\/li>\n<li>Livre d&#039;instructions manuel<\/li>\n<li>Bloc ABS de haute qualit\u00e9<\/li>\n<\/ul>","protected":false},"featured_media":14718,"comment_status":"open","ping_status":"closed","template":"","meta":{"_acf_changed":false},"product_cat":[390],"product_tag":[],"class_list":["product","first","instock","shipping-taxable","purchasable","product-type-simple"],"acf":[],"_links":{"self":[{"href":"https:\/\/mouldking.store\/fr\/wp-json\/wp\/v2\/product\/14717","targetHints":{"allow":["GET"]}}],"collection":[{"href":"https:\/\/mouldking.store\/fr\/wp-json\/wp\/v2\/product"}],"about":[{"href":"https:\/\/mouldking.store\/fr\/wp-json\/wp\/v2\/types\/product"}],"replies":[{"embeddable":true,"href":"https:\/\/mouldking.store\/fr\/wp-json\/wp\/v2\/comments?post=14717"}],"wp:featuredmedia":[{"embeddable":true,"href":"https:\/\/mouldking.store\/fr\/wp-json\/wp\/v2\/media\/14718"}],"wp:attachment":[{"href":"https:\/\/mouldking.store\/fr\/wp-json\/wp\/v2\/media?parent=14717"}],"wp:term":[{"taxonomy":"product_cat","embeddable":true,"href":"https:\/\/mouldking.store\/fr\/wp-json\/wp\/v2\/product_cat?post=14717"},{"taxonomy":"product_tag","embeddable":true,"href":"https:\/\/mouldking.store\/fr\/wp-json\/wp\/v2\/product_tag?post=14717"}],"curies":[{"name":"wp","href":"https:\/\/api.w.org\/{rel}","templated":true}]}}