{"id":14800,"date":"2021-09-28T03:11:34","date_gmt":"2021-09-28T03:11:34","guid":{"rendered":"https:\/\/mouldking.store\/product\/xingbao-xb-06004-sa-3-goa-missile-and-t55-tank-9706153"},"modified":"2021-12-23T09:53:42","modified_gmt":"2021-12-23T09:53:42","slug":"xingbao-xb-06004-sa-3-goa-missile-and-t55-tank","status":"publish","type":"product","link":"https:\/\/mouldking.store\/fr\/shop\/xingbao-xb-06004-sa-3-goa-missile-and-t55-tank\/","title":{"rendered":"XINGBAO XB-06004 SA-3 GOA missile and T55 tank"},"content":{"rendered":"<p><span>SA-3 GOA missiles and T55 tanks belong to the advanced model series of building block sets. The entire set contains 1753 building block particles.\u00a0<\/span><span>Il a \u00e9t\u00e9 lanc\u00e9 pour la premi\u00e8re fois en 2017.<\/span><\/p>\n<p><img fetchpriority=\"high\" decoding=\"async\" class=\"size-full wp-image-192604 aligncenter\" src=\"https:\/\/pay.lpwstore.com\/wp-content\/uploads\/2020\/06\/XINGBAO-XB-06004-SA-3-GOA-missile-and-T55-tank-6.jpg\" alt=\"XINGBAO-XB-06004-SA-3-GOA-missile-and-T55-tank-6\" width=\"800\" height=\"800\" title=\"-\"> <img decoding=\"async\" class=\"size-full wp-image-192600 aligncenter\" src=\"https:\/\/pay.lpwstore.com\/wp-content\/uploads\/2020\/06\/XINGBAO-XB-06004-SA-3-GOA-missile-and-T55-tank-2.jpg\" alt=\"-\" width=\"800\" height=\"800\" title=\"-\"> <img decoding=\"async\" class=\"size-full wp-image-192601 aligncenter\" src=\"https:\/\/pay.lpwstore.com\/wp-content\/uploads\/2020\/06\/XINGBAO-XB-06004-SA-3-GOA-missile-and-T55-tank-3.jpg\" alt=\"-\" width=\"800\" height=\"800\" title=\"-\"> <img loading=\"lazy\" decoding=\"async\" class=\"size-full wp-image-192602 aligncenter\" src=\"https:\/\/pay.lpwstore.com\/wp-content\/uploads\/2020\/06\/XINGBAO-XB-06004-SA-3-GOA-missile-and-T55-tank-4.jpg\" alt=\"-\" width=\"800\" height=\"800\" title=\"-\"> <img loading=\"lazy\" decoding=\"async\" class=\"size-full wp-image-192603 aligncenter\" src=\"https:\/\/pay.lpwstore.com\/wp-content\/uploads\/2020\/06\/XINGBAO-XB-06004-SA-3-GOA-missile-and-T55-tank-5.jpg\" alt=\"-\" width=\"800\" height=\"800\" title=\"-\"><\/p>","protected":false},"excerpt":{"rendered":"<ul>\n<li>Inclure <strong>1753+<\/strong> pi\u00e8ces<\/li>\n<li>Livre d&#039;instructions manuel<\/li>\n<li>Bloc ABS de haute qualit\u00e9<\/li>\n<\/ul>","protected":false},"featured_media":14801,"comment_status":"open","ping_status":"closed","template":"","meta":{"_acf_changed":false},"product_cat":[],"product_tag":[],"class_list":["product","first","instock","shipping-taxable","purchasable","product-type-simple"],"acf":[],"_links":{"self":[{"href":"https:\/\/mouldking.store\/fr\/wp-json\/wp\/v2\/product\/14800","targetHints":{"allow":["GET"]}}],"collection":[{"href":"https:\/\/mouldking.store\/fr\/wp-json\/wp\/v2\/product"}],"about":[{"href":"https:\/\/mouldking.store\/fr\/wp-json\/wp\/v2\/types\/product"}],"replies":[{"embeddable":true,"href":"https:\/\/mouldking.store\/fr\/wp-json\/wp\/v2\/comments?post=14800"}],"wp:featuredmedia":[{"embeddable":true,"href":"https:\/\/mouldking.store\/fr\/wp-json\/wp\/v2\/media\/14801"}],"wp:attachment":[{"href":"https:\/\/mouldking.store\/fr\/wp-json\/wp\/v2\/media?parent=14800"}],"wp:term":[{"taxonomy":"product_cat","embeddable":true,"href":"https:\/\/mouldking.store\/fr\/wp-json\/wp\/v2\/product_cat?post=14800"},{"taxonomy":"product_tag","embeddable":true,"href":"https:\/\/mouldking.store\/fr\/wp-json\/wp\/v2\/product_tag?post=14800"}],"curies":[{"name":"wp","href":"https:\/\/api.w.org\/{rel}","templated":true}]}}