{"id":14822,"date":"2021-09-28T03:11:52","date_gmt":"2021-09-28T03:11:52","guid":{"rendered":"https:\/\/mouldking.store\/product\/xingbao-xb-06003-sa-2-guideline-v75-missile-vehicle-9891994"},"modified":"2021-12-23T09:53:41","modified_gmt":"2021-12-23T09:53:41","slug":"xingbao-xb-06003-sa-2-guideline-v75-missile-vehicle","status":"publish","type":"product","link":"https:\/\/mouldking.store\/fr\/shop\/xingbao-xb-06003-sa-2-guideline-v75-missile-vehicle\/","title":{"rendered":"XINGBAO XB-06003 SA-2 GUIDELINE V75 v\u00e9hicule lance-missiles"},"content":{"rendered":"<p><span>La voiture de missile V75 (SA-2 GUIDELINE) appartient \u00e0 la s\u00e9rie de mod\u00e8les avanc\u00e9s d&#039;ensembles de blocs de construction. L&#039;ensemble complet contient 1623 particules de blocs de construction.\u00a0<\/span><span>Il a \u00e9t\u00e9 lanc\u00e9 pour la premi\u00e8re fois en 2017.<\/span><\/p>\n<p><img fetchpriority=\"high\" decoding=\"async\" class=\"size-full wp-image-192627 aligncenter\" src=\"https:\/\/pay.lpwstore.com\/wp-content\/uploads\/2020\/06\/XINGBAO-XB-06003-SA-2-GUIDELINE-V75-missile-vehicle-5.jpg\" alt=\"XINGBAO-XB-06003-SA-2-GUIDELINE-V75-missile-vehicle-5\" width=\"800\" height=\"800\" title=\"-\"> <img decoding=\"async\" class=\"size-full wp-image-192626 aligncenter\" src=\"https:\/\/pay.lpwstore.com\/wp-content\/uploads\/2020\/06\/XINGBAO-XB-06003-SA-2-GUIDELINE-V75-missile-vehicle-4.jpg\" alt=\"-\" width=\"800\" height=\"800\" title=\"-\"> <img decoding=\"async\" class=\"size-full wp-image-192625 aligncenter\" src=\"https:\/\/pay.lpwstore.com\/wp-content\/uploads\/2020\/06\/XINGBAO-XB-06003-SA-2-GUIDELINE-V75-missile-vehicle-3.jpg\" alt=\"-\" width=\"800\" height=\"800\" title=\"-\"> <img loading=\"lazy\" decoding=\"async\" class=\"size-full wp-image-192624 aligncenter\" src=\"https:\/\/pay.lpwstore.com\/wp-content\/uploads\/2020\/06\/XINGBAO-XB-06003-SA-2-GUIDELINE-V75-missile-vehicle-2.jpg\" alt=\"-\" width=\"800\" height=\"800\" title=\"-\"><\/p>","protected":false},"excerpt":{"rendered":"<ul>\n<li>Inclure <strong>1623+<\/strong> pi\u00e8ces<\/li>\n<li>Livre d&#039;instructions manuel<\/li>\n<li>Bloc ABS de haute qualit\u00e9<\/li>\n<\/ul>","protected":false},"featured_media":14823,"comment_status":"open","ping_status":"closed","template":"","meta":{"_acf_changed":false},"product_cat":[],"product_tag":[],"class_list":["product","first","instock","shipping-taxable","purchasable","product-type-simple"],"acf":[],"_links":{"self":[{"href":"https:\/\/mouldking.store\/fr\/wp-json\/wp\/v2\/product\/14822","targetHints":{"allow":["GET"]}}],"collection":[{"href":"https:\/\/mouldking.store\/fr\/wp-json\/wp\/v2\/product"}],"about":[{"href":"https:\/\/mouldking.store\/fr\/wp-json\/wp\/v2\/types\/product"}],"replies":[{"embeddable":true,"href":"https:\/\/mouldking.store\/fr\/wp-json\/wp\/v2\/comments?post=14822"}],"wp:featuredmedia":[{"embeddable":true,"href":"https:\/\/mouldking.store\/fr\/wp-json\/wp\/v2\/media\/14823"}],"wp:attachment":[{"href":"https:\/\/mouldking.store\/fr\/wp-json\/wp\/v2\/media?parent=14822"}],"wp:term":[{"taxonomy":"product_cat","embeddable":true,"href":"https:\/\/mouldking.store\/fr\/wp-json\/wp\/v2\/product_cat?post=14822"},{"taxonomy":"product_tag","embeddable":true,"href":"https:\/\/mouldking.store\/fr\/wp-json\/wp\/v2\/product_tag?post=14822"}],"curies":[{"name":"wp","href":"https:\/\/api.w.org\/{rel}","templated":true}]}}