{"id":14875,"date":"2021-09-28T03:12:30","date_gmt":"2021-09-28T03:12:30","guid":{"rendered":"https:\/\/mouldking.store\/product\/panlos-635017-counter-terrorist-tank-gun-strike-3281370"},"modified":"2021-12-23T09:53:41","modified_gmt":"2021-12-23T09:53:41","slug":"panlos-635017-counter-terrorist-tank-gun-strike","status":"publish","type":"product","link":"https:\/\/mouldking.store\/fr\/shop\/panlos-635017-counter-terrorist-tank-gun-strike\/","title":{"rendered":"PANLOS 635017 Frappe de canon anti-terroriste"},"content":{"rendered":"<p><span>Anti-terrorist raid: The villain deformation tank (GunStrike) belongs to the military series of building block sets. The entire set contains 1435 building block particles.\u00a0<\/span><span>Il a \u00e9t\u00e9 lanc\u00e9 pour la premi\u00e8re fois en 2018.<\/span><\/p>\n<p><img fetchpriority=\"high\" decoding=\"async\" class=\"size-full wp-image-192713 aligncenter\" src=\"https:\/\/pay.lpwstore.com\/wp-content\/uploads\/2020\/06\/PANLOS-635017-Counter-terrorist-Tank-Gun-Strike4.jpg\" alt=\"PANLOS-635017-Counter-terrorist-Tank-Gun-Strike4\" width=\"800\" height=\"800\" title=\"-\"> <img decoding=\"async\" class=\"size-full wp-image-192710 aligncenter\" src=\"https:\/\/pay.lpwstore.com\/wp-content\/uploads\/2020\/06\/PANLOS-635017-Counter-terrorist-Tank-Gun-Strike.jpg\" alt=\"-\" width=\"800\" height=\"800\" title=\"-\"> <img decoding=\"async\" class=\"size-full wp-image-192711 aligncenter\" src=\"https:\/\/pay.lpwstore.com\/wp-content\/uploads\/2020\/06\/PANLOS-635017-Counter-terrorist-Tank-Gun-Strike2.jpg\" alt=\"-\" width=\"800\" height=\"800\" title=\"-\"> <img loading=\"lazy\" decoding=\"async\" class=\"size-full wp-image-192712 aligncenter\" src=\"https:\/\/pay.lpwstore.com\/wp-content\/uploads\/2020\/06\/PANLOS-635017-Counter-terrorist-Tank-Gun-Strike3.jpg\" alt=\"-\" width=\"800\" height=\"800\" title=\"-\"><\/p>","protected":false},"excerpt":{"rendered":"<ul>\n<li>Inclure <strong>1435+<\/strong> pi\u00e8ces<\/li>\n<li>Livre d&#039;instructions manuel<\/li>\n<li>Bloc ABS de haute qualit\u00e9<\/li>\n<\/ul>","protected":false},"featured_media":14876,"comment_status":"open","ping_status":"closed","template":"","meta":{"_acf_changed":false},"product_cat":[],"product_tag":[],"class_list":["product","first","instock","shipping-taxable","purchasable","product-type-simple"],"acf":[],"_links":{"self":[{"href":"https:\/\/mouldking.store\/fr\/wp-json\/wp\/v2\/product\/14875","targetHints":{"allow":["GET"]}}],"collection":[{"href":"https:\/\/mouldking.store\/fr\/wp-json\/wp\/v2\/product"}],"about":[{"href":"https:\/\/mouldking.store\/fr\/wp-json\/wp\/v2\/types\/product"}],"replies":[{"embeddable":true,"href":"https:\/\/mouldking.store\/fr\/wp-json\/wp\/v2\/comments?post=14875"}],"wp:featuredmedia":[{"embeddable":true,"href":"https:\/\/mouldking.store\/fr\/wp-json\/wp\/v2\/media\/14876"}],"wp:attachment":[{"href":"https:\/\/mouldking.store\/fr\/wp-json\/wp\/v2\/media?parent=14875"}],"wp:term":[{"taxonomy":"product_cat","embeddable":true,"href":"https:\/\/mouldking.store\/fr\/wp-json\/wp\/v2\/product_cat?post=14875"},{"taxonomy":"product_tag","embeddable":true,"href":"https:\/\/mouldking.store\/fr\/wp-json\/wp\/v2\/product_tag?post=14875"}],"curies":[{"name":"wp","href":"https:\/\/api.w.org\/{rel}","templated":true}]}}