{"id":15057,"date":"2021-09-28T03:15:05","date_gmt":"2021-09-28T03:15:05","guid":{"rendered":"https:\/\/mouldking.store\/product\/builo-yc-qc004-mclaren-p1-hypercar-5092218"},"modified":"2021-12-23T09:53:36","modified_gmt":"2021-12-23T09:53:36","slug":"builo-yc-qc004-mclaren-p1-hypercar","status":"publish","type":"product","link":"https:\/\/mouldking.store\/fr\/shop\/builo-yc-qc004-mclaren-p1-hypercar\/","title":{"rendered":"BUILO YC-QC004 McLaren P1 hypercar"},"content":{"rendered":"<p><span>L&#039;hypercar McLaren P1 (hypercar McLaren P1) appartient \u00e0 la s\u00e9rie de groupes m\u00e9caniques d&#039;ensembles de blocs de construction, l&#039;ensemble complet contient 1364 particules de blocs de construction.\u00a0<\/span><span>Il sera lanc\u00e9 en 2020.<\/span><\/p>\n<p><img fetchpriority=\"high\" decoding=\"async\" class=\"size-full wp-image-193222 aligncenter\" src=\"https:\/\/pay.lpwstore.com\/wp-content\/uploads\/2020\/07\/BUILO-YC-QC004-McLaren-P1-hypercar-3.jpg\" alt=\"BUILO-YC-QC004-McLaren-P1-hypercar-3\" width=\"800\" height=\"800\" title=\"-\"> <img decoding=\"async\" class=\"size-full wp-image-193223 aligncenter\" src=\"https:\/\/pay.lpwstore.com\/wp-content\/uploads\/2020\/07\/BUILO-YC-QC004-McLaren-P1-hypercar-4.jpg\" alt=\"-\" width=\"800\" height=\"800\" title=\"-\"> <img decoding=\"async\" class=\"size-full wp-image-193224 aligncenter\" src=\"https:\/\/pay.lpwstore.com\/wp-content\/uploads\/2020\/07\/BUILO-YC-QC004-McLaren-P1-hypercar-5.jpg\" alt=\"-\" width=\"800\" height=\"800\" title=\"-\"> <img loading=\"lazy\" decoding=\"async\" class=\"size-full wp-image-193225 aligncenter\" src=\"https:\/\/pay.lpwstore.com\/wp-content\/uploads\/2020\/07\/BUILO-YC-QC004-McLaren-P1-hypercar-6.jpg\" alt=\"-\" width=\"800\" height=\"800\" title=\"-\"><\/p>","protected":false},"excerpt":{"rendered":"<ul>\n<li>Inclure <strong>1364+<\/strong> pi\u00e8ces<\/li>\n<li>Livre d&#039;instructions manuel<\/li>\n<li>Bloc ABS de haute qualit\u00e9<\/li>\n<\/ul>","protected":false},"featured_media":15058,"comment_status":"open","ping_status":"closed","template":"","meta":{"_acf_changed":false},"product_cat":[],"product_tag":[],"class_list":["product","first","instock","shipping-taxable","purchasable","product-type-simple"],"acf":[],"_links":{"self":[{"href":"https:\/\/mouldking.store\/fr\/wp-json\/wp\/v2\/product\/15057","targetHints":{"allow":["GET"]}}],"collection":[{"href":"https:\/\/mouldking.store\/fr\/wp-json\/wp\/v2\/product"}],"about":[{"href":"https:\/\/mouldking.store\/fr\/wp-json\/wp\/v2\/types\/product"}],"replies":[{"embeddable":true,"href":"https:\/\/mouldking.store\/fr\/wp-json\/wp\/v2\/comments?post=15057"}],"wp:featuredmedia":[{"embeddable":true,"href":"https:\/\/mouldking.store\/fr\/wp-json\/wp\/v2\/media\/15058"}],"wp:attachment":[{"href":"https:\/\/mouldking.store\/fr\/wp-json\/wp\/v2\/media?parent=15057"}],"wp:term":[{"taxonomy":"product_cat","embeddable":true,"href":"https:\/\/mouldking.store\/fr\/wp-json\/wp\/v2\/product_cat?post=15057"},{"taxonomy":"product_tag","embeddable":true,"href":"https:\/\/mouldking.store\/fr\/wp-json\/wp\/v2\/product_tag?post=15057"}],"curies":[{"name":"wp","href":"https:\/\/api.w.org\/{rel}","templated":true}]}}