{"id":15165,"date":"2021-09-28T03:16:37","date_gmt":"2021-09-28T03:16:37","guid":{"rendered":"https:\/\/mouldking.store\/product\/dk-7022-saturn-v-carrier-rocket-6332805"},"modified":"2021-12-23T09:53:36","modified_gmt":"2021-12-23T09:53:36","slug":"dk-7022-saturn-v-carrier-rocket","status":"publish","type":"product","link":"https:\/\/mouldking.store\/fr\/shop\/dk-7022-saturn-v-carrier-rocket\/","title":{"rendered":"Fus\u00e9e porteuse Saturn V DK 7022"},"content":{"rendered":"<hr \/>\n<p>Saturn V Carrier Rocket (Saturn V Carrier Rocket) appartient \u00e0 la mini s\u00e9rie de mod\u00e8les d&#039;ensembles de blocs de construction, l&#039;ensemble complet contient 425 particules de blocs de construction. Il sera lanc\u00e9 en 2020.<\/p>\n<p><img fetchpriority=\"high\" decoding=\"async\" class=\"wp-image-193665 aligncenter\" src=\"https:\/\/pay.lpwstore.com\/wp-content\/uploads\/2020\/07\/DK-7022-Saturn-V-Carrier-Rocket-2-scaled.jpg\" alt=\"DK-7022-Saturn-V-Carrier-Rocket-2\" width=\"561\" height=\"2889\" title=\"-\"><\/p>","protected":false},"excerpt":{"rendered":"<ul>\n<li>Inclure <strong>425+<\/strong> pi\u00e8ces<\/li>\n<li>Livre d&#039;instructions manuel<\/li>\n<li>Bloc ABS de haute qualit\u00e9<\/li>\n<\/ul>","protected":false},"featured_media":15166,"comment_status":"open","ping_status":"closed","template":"","meta":{"_acf_changed":false},"product_cat":[],"product_tag":[],"class_list":["product","first","instock","shipping-taxable","purchasable","product-type-simple"],"acf":[],"_links":{"self":[{"href":"https:\/\/mouldking.store\/fr\/wp-json\/wp\/v2\/product\/15165","targetHints":{"allow":["GET"]}}],"collection":[{"href":"https:\/\/mouldking.store\/fr\/wp-json\/wp\/v2\/product"}],"about":[{"href":"https:\/\/mouldking.store\/fr\/wp-json\/wp\/v2\/types\/product"}],"replies":[{"embeddable":true,"href":"https:\/\/mouldking.store\/fr\/wp-json\/wp\/v2\/comments?post=15165"}],"wp:featuredmedia":[{"embeddable":true,"href":"https:\/\/mouldking.store\/fr\/wp-json\/wp\/v2\/media\/15166"}],"wp:attachment":[{"href":"https:\/\/mouldking.store\/fr\/wp-json\/wp\/v2\/media?parent=15165"}],"wp:term":[{"taxonomy":"product_cat","embeddable":true,"href":"https:\/\/mouldking.store\/fr\/wp-json\/wp\/v2\/product_cat?post=15165"},{"taxonomy":"product_tag","embeddable":true,"href":"https:\/\/mouldking.store\/fr\/wp-json\/wp\/v2\/product_tag?post=15165"}],"curies":[{"name":"wp","href":"https:\/\/api.w.org\/{rel}","templated":true}]}}