{"id":15875,"date":"2021-09-28T03:26:43","date_gmt":"2021-09-27T20:26:43","guid":{"rendered":"https:\/\/mouldking.store\/product\/sy-8403-mercedes-benz-g63-amg-66-pull-back-car-8853131"},"modified":"2022-05-19T17:39:34","modified_gmt":"2022-05-19T10:39:34","slug":"sy-8403-mercedes-benz-g63-amg-6x6-pull-back-car","status":"publish","type":"product","link":"https:\/\/mouldking.store\/fr\/shop\/sy-8403-mercedes-benz-g63-amg-6x6-pull-back-car\/","title":{"rendered":"SY 8403 Mercedes-Benz G63 AMG 6 \u00d7 6 Voiture r\u00e9tractable"},"content":{"rendered":"<p style=\"text-align: left;\"><span>La Mercedes-Benz G63 AMG 6 \u00d7 6 Pull Back Car (BENZ G63) appartient \u00e0 l&#039;ensemble de blocs de construction de la s\u00e9rie de groupes m\u00e9caniques, l&#039;ensemble contient 858 particules de blocs de construction.\u00a0<\/span><span>Premi\u00e8re sortie en 2020.<\/span><\/p>\n<p><img fetchpriority=\"high\" decoding=\"async\" class=\"alignnone size-full wp-image-196138 aligncenter\" src=\"https:\/\/pay.lpwstore.com\/wp-content\/uploads\/2020\/09\/SY-8403-Mercedes-Benz-G63-AMG-6\u00d76-Pull-Back-Car.jpg\" alt=\"SY-8403-Mercedes-Benz-G63-AMG-6\u00d76-Pull-Back-Car\" width=\"800\" height=\"800\" title=\"-\"> <img decoding=\"async\" class=\"alignnone size-full wp-image-196139 aligncenter\" src=\"https:\/\/pay.lpwstore.com\/wp-content\/uploads\/2020\/09\/SY-8403-Mercedes-Benz-G63-AMG-6\u00d76-Pull-Back-Car-2.jpg\" alt=\"SY-8403-Mercedes-Benz-G63-AMG-6\u00d76-Pull-Back-Car-2\" width=\"800\" height=\"800\" title=\"-\"> <img decoding=\"async\" class=\"alignnone size-full wp-image-196140 aligncenter\" src=\"https:\/\/pay.lpwstore.com\/wp-content\/uploads\/2020\/09\/SY-8403-Mercedes-Benz-G63-AMG-6\u00d76-Pull-Back-Car-3.jpg\" alt=\"SY-8403-Mercedes-Benz-G63-AMG-6\u00d76-Pull-Back-Car-3\" width=\"800\" height=\"800\" title=\"-\"> <img loading=\"lazy\" decoding=\"async\" class=\"alignnone size-full wp-image-196141 aligncenter\" src=\"https:\/\/pay.lpwstore.com\/wp-content\/uploads\/2020\/09\/SY-8403-Mercedes-Benz-G63-AMG-6\u00d76-Pull-Back-Car-4.jpg\" alt=\"SY-8403-Mercedes-Benz-G63-AMG-6\u00d76-Pull-Back-Car-4\" width=\"800\" height=\"800\" title=\"-\"><\/p>","protected":false},"excerpt":{"rendered":"<ul>\n<li>Inclure <strong>858+<\/strong> pi\u00e8ces<\/li>\n<li>Livre d&#039;instructions manuel<\/li>\n<li>Bloc ABS de haute qualit\u00e9<\/li>\n<\/ul>","protected":false},"featured_media":15876,"comment_status":"open","ping_status":"closed","template":"","meta":{"_acf_changed":false},"product_cat":[15],"product_tag":[],"class_list":["product","first","instock","shipping-taxable","purchasable","product-type-simple"],"acf":[],"_links":{"self":[{"href":"https:\/\/mouldking.store\/fr\/wp-json\/wp\/v2\/product\/15875","targetHints":{"allow":["GET"]}}],"collection":[{"href":"https:\/\/mouldking.store\/fr\/wp-json\/wp\/v2\/product"}],"about":[{"href":"https:\/\/mouldking.store\/fr\/wp-json\/wp\/v2\/types\/product"}],"replies":[{"embeddable":true,"href":"https:\/\/mouldking.store\/fr\/wp-json\/wp\/v2\/comments?post=15875"}],"wp:featuredmedia":[{"embeddable":true,"href":"https:\/\/mouldking.store\/fr\/wp-json\/wp\/v2\/media\/15876"}],"wp:attachment":[{"href":"https:\/\/mouldking.store\/fr\/wp-json\/wp\/v2\/media?parent=15875"}],"wp:term":[{"taxonomy":"product_cat","embeddable":true,"href":"https:\/\/mouldking.store\/fr\/wp-json\/wp\/v2\/product_cat?post=15875"},{"taxonomy":"product_tag","embeddable":true,"href":"https:\/\/mouldking.store\/fr\/wp-json\/wp\/v2\/product_tag?post=15875"}],"curies":[{"name":"wp","href":"https:\/\/api.w.org\/{rel}","templated":true}]}}