{"id":16279,"date":"2021-09-28T03:30:28","date_gmt":"2021-09-28T03:30:28","guid":{"rendered":"https:\/\/mouldking.store\/product\/sy-1511-dinosaur-world-megalodon-4152600"},"modified":"2021-12-23T09:53:14","modified_gmt":"2021-12-23T09:53:14","slug":"sy-1511-dinosaur-world-megalodon","status":"publish","type":"product","link":"https:\/\/mouldking.store\/fr\/shop\/sy-1511-dinosaur-world-megalodon\/","title":{"rendered":"SY 1511 Dinosaur World : M\u00e9galodon"},"content":{"rendered":"<p>SY 1511 Dinosaur World : Megalodon appartient \u00e0 l&#039;ensemble de blocs de construction de la s\u00e9rie de mod\u00e8les avanc\u00e9s, l&#039;ensemble contient 625 particules de blocs de construction. Premi\u00e8re sortie en 2020.<\/p>\n<p><img fetchpriority=\"high\" decoding=\"async\" class=\"size-full wp-image-197755 aligncenter\" src=\"https:\/\/pay.lpwstore.com\/wp-content\/uploads\/2020\/11\/SY-1511.jpg\" alt=\"-\" width=\"800\" height=\"800\" title=\"-\"><\/p>","protected":false},"excerpt":{"rendered":"<ul>\n<li>Inclure <b><span style=\"color: #000000\">625<\/span><\/b><strong>+<\/strong> pi\u00e8ces<\/li>\n<li>Livre d&#039;instructions manuel<\/li>\n<li>Bloc ABS de haute qualit\u00e9<\/li>\n<li>Pas de boite d&#039;origine<\/li>\n<\/ul>","protected":false},"featured_media":16280,"comment_status":"open","ping_status":"closed","template":"","meta":{"_acf_changed":false},"product_cat":[],"product_tag":[],"class_list":["product","first","instock","shipping-taxable","purchasable","product-type-simple"],"acf":[],"_links":{"self":[{"href":"https:\/\/mouldking.store\/fr\/wp-json\/wp\/v2\/product\/16279","targetHints":{"allow":["GET"]}}],"collection":[{"href":"https:\/\/mouldking.store\/fr\/wp-json\/wp\/v2\/product"}],"about":[{"href":"https:\/\/mouldking.store\/fr\/wp-json\/wp\/v2\/types\/product"}],"replies":[{"embeddable":true,"href":"https:\/\/mouldking.store\/fr\/wp-json\/wp\/v2\/comments?post=16279"}],"wp:featuredmedia":[{"embeddable":true,"href":"https:\/\/mouldking.store\/fr\/wp-json\/wp\/v2\/media\/16280"}],"wp:attachment":[{"href":"https:\/\/mouldking.store\/fr\/wp-json\/wp\/v2\/media?parent=16279"}],"wp:term":[{"taxonomy":"product_cat","embeddable":true,"href":"https:\/\/mouldking.store\/fr\/wp-json\/wp\/v2\/product_cat?post=16279"},{"taxonomy":"product_tag","embeddable":true,"href":"https:\/\/mouldking.store\/fr\/wp-json\/wp\/v2\/product_tag?post=16279"}],"curies":[{"name":"wp","href":"https:\/\/api.w.org\/{rel}","templated":true}]}}