{"id":16294,"date":"2021-09-28T03:30:44","date_gmt":"2021-09-28T03:30:44","guid":{"rendered":"https:\/\/mouldking.store\/product\/sembo-202119-z-10-attack-helicopter-7903697"},"modified":"2021-12-23T09:53:13","modified_gmt":"2021-12-23T09:53:13","slug":"sembo-202119-z-10-attack-helicopter","status":"publish","type":"product","link":"https:\/\/mouldking.store\/fr\/shop\/sembo-202119-z-10-attack-helicopter\/","title":{"rendered":"SEMBO 202119 H\u00e9licopt\u00e8re d&#039;attaque Z-10"},"content":{"rendered":"<p>Creator SEMBO 202119 L&#039;h\u00e9licopt\u00e8re d&#039;attaque Z-10 appartient \u00e0 l&#039;ensemble de blocs de construction de la s\u00e9rie de mod\u00e8les avanc\u00e9s, l&#039;ensemble contient 704 particules de blocs de construction. Premi\u00e8re sortie en 2020.<\/p>\n<p><img fetchpriority=\"high\" decoding=\"async\" class=\"aligncenter wp-image-197824\" src=\"https:\/\/pay.lpwstore.com\/wp-content\/uploads\/2020\/11\/Creator-SEMBO-202119-Z-10-Attack-Helicopter.jpg\" alt=\"-\" width=\"800\" height=\"800\" title=\"-\"><\/p>\n<p><img decoding=\"async\" class=\"aligncenter wp-image-197825\" src=\"https:\/\/pay.lpwstore.com\/wp-content\/uploads\/2020\/11\/Creator-SEMBO-202119-Z-10-Attack-Helicopter-2.jpg\" alt=\"-\" width=\"800\" height=\"800\" title=\"-\"><\/p>\n<p><img decoding=\"async\" class=\"aligncenter wp-image-197826\" src=\"https:\/\/pay.lpwstore.com\/wp-content\/uploads\/2020\/11\/Creator-SEMBO-202119-Z-10-Attack-Helicopter-3.jpg\" alt=\"-\" width=\"800\" height=\"800\" title=\"-\"><\/p>\n<p><img loading=\"lazy\" decoding=\"async\" class=\"aligncenter wp-image-197823\" src=\"https:\/\/pay.lpwstore.com\/wp-content\/uploads\/2020\/11\/Creator-SEMBO-202119-Z-10-Attack-Helicopter-4.jpg\" alt=\"-\" width=\"800\" height=\"800\" title=\"-\"><\/p>\n<p>&nbsp;<\/p>","protected":false},"excerpt":{"rendered":"<ul>\n<li>Inclure <b><span style=\"color: #000000\">704<\/span><\/b><strong>+<\/strong> pi\u00e8ces<\/li>\n<li>Livre d&#039;instructions manuel<\/li>\n<li>Bloc ABS de haute qualit\u00e9<\/li>\n<li>Pas de boite d&#039;origine<\/li>\n<\/ul>","protected":false},"featured_media":16295,"comment_status":"open","ping_status":"closed","template":"","meta":{"_acf_changed":false},"product_cat":[],"product_tag":[],"class_list":["product","first","instock","shipping-taxable","purchasable","product-type-simple"],"acf":[],"_links":{"self":[{"href":"https:\/\/mouldking.store\/fr\/wp-json\/wp\/v2\/product\/16294","targetHints":{"allow":["GET"]}}],"collection":[{"href":"https:\/\/mouldking.store\/fr\/wp-json\/wp\/v2\/product"}],"about":[{"href":"https:\/\/mouldking.store\/fr\/wp-json\/wp\/v2\/types\/product"}],"replies":[{"embeddable":true,"href":"https:\/\/mouldking.store\/fr\/wp-json\/wp\/v2\/comments?post=16294"}],"wp:featuredmedia":[{"embeddable":true,"href":"https:\/\/mouldking.store\/fr\/wp-json\/wp\/v2\/media\/16295"}],"wp:attachment":[{"href":"https:\/\/mouldking.store\/fr\/wp-json\/wp\/v2\/media?parent=16294"}],"wp:term":[{"taxonomy":"product_cat","embeddable":true,"href":"https:\/\/mouldking.store\/fr\/wp-json\/wp\/v2\/product_cat?post=16294"},{"taxonomy":"product_tag","embeddable":true,"href":"https:\/\/mouldking.store\/fr\/wp-json\/wp\/v2\/product_tag?post=16294"}],"curies":[{"name":"wp","href":"https:\/\/api.w.org\/{rel}","templated":true}]}}