{"id":16348,"date":"2021-09-28T03:31:28","date_gmt":"2021-09-27T20:31:28","guid":{"rendered":"https:\/\/mouldking.store\/product\/sy-8408-subaru-22b-sti-version-technic-3454740"},"modified":"2023-01-04T09:32:34","modified_gmt":"2023-01-04T02:32:34","slug":"sy-8408-subaru-22b-sti-version-technic","status":"publish","type":"product","link":"https:\/\/mouldking.store\/fr\/shop\/sy-8408-subaru-22b-sti-version-technic\/","title":{"rendered":"SY 8408 Subaru 22B STi Version technique"},"content":{"rendered":"<p><b>SY 8408 Subaru 22B STi Version technique<\/b> est un ensemble de la collection Technic. Ce<strong> Subaru 22B STi Version technique <\/strong><strong>\u00a0<\/strong>est livr\u00e9 avec des instructions manuelles faciles \u00e0 construire et \u00e0 trouver les pi\u00e8ces manquantes. L&#039;ensemble contient 896 pi\u00e8ces, sorties pour la premi\u00e8re fois en 2020.<\/p>\n<p><a href=\"https:\/\/pay.lpwstore.com\/wp-content\/uploads\/2020\/11\/SY-8408.jpg\" target=\"_blank\" rel=\"noopener\"><img fetchpriority=\"high\" decoding=\"async\" class=\"aligncenter size-full wp-image-198201\" src=\"https:\/\/pay.lpwstore.com\/wp-content\/uploads\/2020\/11\/SY-8408.jpg\" alt=\"-\" width=\"800\" height=\"800\" title=\"-\"><\/a> <a href=\"https:\/\/pay.lpwstore.com\/wp-content\/uploads\/2020\/11\/SY-8408-3.jpg\" target=\"_blank\" rel=\"noopener\"><img decoding=\"async\" class=\"aligncenter size-full wp-image-198199\" src=\"https:\/\/pay.lpwstore.com\/wp-content\/uploads\/2020\/11\/SY-8408-3.jpg\" alt=\"-\" width=\"800\" height=\"800\" title=\"-\"><\/a> <a href=\"https:\/\/pay.lpwstore.com\/wp-content\/uploads\/2020\/11\/SY-8408-4.jpg\" target=\"_blank\" rel=\"noopener\"><img decoding=\"async\" class=\"aligncenter size-full wp-image-198198\" src=\"https:\/\/pay.lpwstore.com\/wp-content\/uploads\/2020\/11\/SY-8408-4.jpg\" alt=\"-\" width=\"800\" height=\"800\" title=\"-\"><\/a> <a href=\"https:\/\/pay.lpwstore.com\/wp-content\/uploads\/2020\/11\/SY-8408-2.jpg\" target=\"_blank\" rel=\"noopener\"><img loading=\"lazy\" decoding=\"async\" class=\"aligncenter size-full wp-image-198200\" src=\"https:\/\/pay.lpwstore.com\/wp-content\/uploads\/2020\/11\/SY-8408-2.jpg\" alt=\"-\" width=\"800\" height=\"800\" title=\"-\"><\/a><\/p>","protected":false},"excerpt":{"rendered":"<ul>\n<li>Inclure\u00a0<strong>896+<\/strong>\u00a0pi\u00e8ces<\/li>\n<li>Instruction manuelle<\/li>\n<li>Bloc ABS de haute qualit\u00e9<\/li>\n<li>Pas de boite d&#039;origine<\/li>\n<\/ul>","protected":false},"featured_media":16349,"comment_status":"open","ping_status":"closed","template":"","meta":{"_acf_changed":false},"product_cat":[364],"product_tag":[],"class_list":["product","first","outofstock","shipping-taxable","purchasable","product-type-simple"],"acf":[],"_links":{"self":[{"href":"https:\/\/mouldking.store\/fr\/wp-json\/wp\/v2\/product\/16348","targetHints":{"allow":["GET"]}}],"collection":[{"href":"https:\/\/mouldking.store\/fr\/wp-json\/wp\/v2\/product"}],"about":[{"href":"https:\/\/mouldking.store\/fr\/wp-json\/wp\/v2\/types\/product"}],"replies":[{"embeddable":true,"href":"https:\/\/mouldking.store\/fr\/wp-json\/wp\/v2\/comments?post=16348"}],"wp:featuredmedia":[{"embeddable":true,"href":"https:\/\/mouldking.store\/fr\/wp-json\/wp\/v2\/media\/16349"}],"wp:attachment":[{"href":"https:\/\/mouldking.store\/fr\/wp-json\/wp\/v2\/media?parent=16348"}],"wp:term":[{"taxonomy":"product_cat","embeddable":true,"href":"https:\/\/mouldking.store\/fr\/wp-json\/wp\/v2\/product_cat?post=16348"},{"taxonomy":"product_tag","embeddable":true,"href":"https:\/\/mouldking.store\/fr\/wp-json\/wp\/v2\/product_tag?post=16348"}],"curies":[{"name":"wp","href":"https:\/\/api.w.org\/{rel}","templated":true}]}}