{"id":16581,"date":"2021-09-28T03:34:38","date_gmt":"2021-09-28T03:34:38","guid":{"rendered":"https:\/\/mouldking.store\/product\/mork-031011-blue-sail-pirate-ship-3297533"},"modified":"2021-12-23T09:53:09","modified_gmt":"2021-12-23T09:53:09","slug":"mork-031011-blue-sail-pirate-ship","status":"publish","type":"product","link":"https:\/\/mouldking.store\/fr\/shop\/mork-031011-blue-sail-pirate-ship\/","title":{"rendered":"MORK 031011 Bateau pirate \u00e0 voile bleue"},"content":{"rendered":"<p><span>MORK 031011 Blue Sail Pirate Shipappartient \u00e0 l&#039;ensemble de blocs de construction de la s\u00e9rie pirate, l&#039;ensemble contient 3265 particules de blocs de construction. <\/span><span>Premi\u00e8re sortie en 2020.<\/span><\/p>\n<p><img fetchpriority=\"high\" decoding=\"async\" class=\"wp-image-199671 aligncenter\" src=\"https:\/\/pay.lpwstore.com\/wp-content\/uploads\/2020\/12\/MORK-031011-Blue-Sail-Pirate-Ship-2-scaled.jpg\" alt=\"-\" width=\"656\" height=\"3317\" title=\"-\"><\/p>","protected":false},"excerpt":{"rendered":"<p><span style=\"font-size: 150%; color: #ff0000;\"><strong>PR\u00c9VENDRE. DISPONIBLE EN JANVIER 2021<\/strong><\/span><\/p>\n<ul>\n<li>Inclure <strong>3265+<\/strong> pi\u00e8ces<\/li>\n<li>Livre d&#039;instructions manuel<\/li>\n<li>Bloc ABS de haute qualit\u00e9<\/li>\n<\/ul>","protected":false},"featured_media":16582,"comment_status":"open","ping_status":"closed","template":"","meta":{"_acf_changed":false},"product_cat":[],"product_tag":[],"class_list":["product","first","instock","shipping-taxable","purchasable","product-type-simple"],"acf":[],"_links":{"self":[{"href":"https:\/\/mouldking.store\/fr\/wp-json\/wp\/v2\/product\/16581","targetHints":{"allow":["GET"]}}],"collection":[{"href":"https:\/\/mouldking.store\/fr\/wp-json\/wp\/v2\/product"}],"about":[{"href":"https:\/\/mouldking.store\/fr\/wp-json\/wp\/v2\/types\/product"}],"replies":[{"embeddable":true,"href":"https:\/\/mouldking.store\/fr\/wp-json\/wp\/v2\/comments?post=16581"}],"wp:featuredmedia":[{"embeddable":true,"href":"https:\/\/mouldking.store\/fr\/wp-json\/wp\/v2\/media\/16582"}],"wp:attachment":[{"href":"https:\/\/mouldking.store\/fr\/wp-json\/wp\/v2\/media?parent=16581"}],"wp:term":[{"taxonomy":"product_cat","embeddable":true,"href":"https:\/\/mouldking.store\/fr\/wp-json\/wp\/v2\/product_cat?post=16581"},{"taxonomy":"product_tag","embeddable":true,"href":"https:\/\/mouldking.store\/fr\/wp-json\/wp\/v2\/product_tag?post=16581"}],"curies":[{"name":"wp","href":"https:\/\/api.w.org\/{rel}","templated":true}]}}