{"id":16870,"date":"2021-09-28T03:38:35","date_gmt":"2021-09-28T03:38:35","guid":{"rendered":"https:\/\/mouldking.store\/product\/sembo-107027-wandering-earth-es-series-cn171-personnel-carrier-military-truck-7376521"},"modified":"2021-12-23T09:53:06","modified_gmt":"2021-12-23T09:53:06","slug":"sembo-107027-wandering-earth-es-series-cn171-personnel-carrier-military-truck","status":"publish","type":"product","link":"https:\/\/mouldking.store\/fr\/shop\/sembo-107027-wandering-earth-es-series-cn171-personnel-carrier-military-truck\/","title":{"rendered":"SEMBO 107027 Wandering Earth\u00a0: Camion militaire de transport de personnel s\u00e9rie ES-CN171"},"content":{"rendered":"<p style=\"text-align: left;\"><span>SEMBO 107027 Wandering Earth: ES Series-CN171 Personnel Carrier Military Truck appartient \u00e0 l&#039;ensemble de blocs de construction de la s\u00e9rie de jeux cin\u00e9matographiques et t\u00e9l\u00e9vis\u00e9s. L&#039;ensemble contient 532 particules de blocs de construction. <\/span><span>Premi\u00e8re sortie en 2020.<\/span><\/p>\n<figure id=\"attachment_201600\" aria-describedby=\"caption-attachment-201600\" style=\"width: 800px\" class=\"wp-caption aligncenter\"><a href=\"https:\/\/pay.lpwstore.com\/wp-content\/uploads\/2021\/01\/SEMBO-107027-Wandering-Earth-ES-Series-CN171-Personnel-Carrier-Military-Truck.jpg\" target=\"_blank\" rel=\"noopener\"><img fetchpriority=\"high\" decoding=\"async\" class=\"wp-image-201600 size-full\" title=\"SEMBO 107027 Wandering Earth\u00a0: Camion militaire de transport de personnel s\u00e9rie ES-CN171\" src=\"https:\/\/pay.lpwstore.com\/wp-content\/uploads\/2021\/01\/SEMBO-107027-Wandering-Earth-ES-Series-CN171-Personnel-Carrier-Military-Truck.jpg\" alt=\"SEMBO 107027 Wandering Earth: ES Series-CN171 Personnel Carrier Military Truck\" width=\"800\" height=\"800\" \/><\/a><figcaption id=\"caption-attachment-201600\" class=\"wp-caption-text\">SEMBO 107027 Wandering Earth\u00a0: Camion militaire de transport de personnel s\u00e9rie ES-CN171<\/figcaption><\/figure>\n<p><img decoding=\"async\" class=\"alignnone size-full wp-image-201602 aligncenter\" src=\"https:\/\/pay.lpwstore.com\/wp-content\/uploads\/2021\/01\/SEMBO-107027-Wandering-Earth-ES-Series-CN171-Personnel-Carrier-Military-Truck-3.jpg\" alt=\"-\" width=\"800\" height=\"800\" title=\"-\"> <img decoding=\"async\" class=\"alignnone size-full wp-image-201601 aligncenter\" src=\"https:\/\/pay.lpwstore.com\/wp-content\/uploads\/2021\/01\/SEMBO-107027-Wandering-Earth-ES-Series-CN171-Personnel-Carrier-Military-Truck-2.jpg\" alt=\"-\" width=\"800\" height=\"800\" title=\"-\"> <img loading=\"lazy\" decoding=\"async\" class=\"alignnone size-full wp-image-201603 aligncenter\" src=\"https:\/\/pay.lpwstore.com\/wp-content\/uploads\/2021\/01\/SEMBO-107027-Wandering-Earth-ES-Series-CN171-Personnel-Carrier-Military-Truck-4.jpg\" alt=\"-\" width=\"800\" height=\"800\" title=\"-\"><\/p>","protected":false},"excerpt":{"rendered":"<ul>\n<li>Inclure\u00a0<strong>532+<\/strong>\u00a0pi\u00e8ces<\/li>\n<li>Livre d&#039;instructions manuel<\/li>\n<li>Bloc ABS de haute qualit\u00e9<\/li>\n<li>Pas de boite d&#039;origine<\/li>\n<\/ul>","protected":false},"featured_media":16871,"comment_status":"open","ping_status":"closed","template":"","meta":{"_acf_changed":false},"product_cat":[372],"product_tag":[],"class_list":["product","first","instock","shipping-taxable","purchasable","product-type-simple"],"acf":[],"_links":{"self":[{"href":"https:\/\/mouldking.store\/fr\/wp-json\/wp\/v2\/product\/16870","targetHints":{"allow":["GET"]}}],"collection":[{"href":"https:\/\/mouldking.store\/fr\/wp-json\/wp\/v2\/product"}],"about":[{"href":"https:\/\/mouldking.store\/fr\/wp-json\/wp\/v2\/types\/product"}],"replies":[{"embeddable":true,"href":"https:\/\/mouldking.store\/fr\/wp-json\/wp\/v2\/comments?post=16870"}],"wp:featuredmedia":[{"embeddable":true,"href":"https:\/\/mouldking.store\/fr\/wp-json\/wp\/v2\/media\/16871"}],"wp:attachment":[{"href":"https:\/\/mouldking.store\/fr\/wp-json\/wp\/v2\/media?parent=16870"}],"wp:term":[{"taxonomy":"product_cat","embeddable":true,"href":"https:\/\/mouldking.store\/fr\/wp-json\/wp\/v2\/product_cat?post=16870"},{"taxonomy":"product_tag","embeddable":true,"href":"https:\/\/mouldking.store\/fr\/wp-json\/wp\/v2\/product_tag?post=16870"}],"curies":[{"name":"wp","href":"https:\/\/api.w.org\/{rel}","templated":true}]}}