{"id":17058,"date":"2021-09-28T03:41:11","date_gmt":"2021-09-28T03:41:11","guid":{"rendered":"https:\/\/mouldking.store\/product\/wange-6310-garden-coffee-house-modular-building-1936886"},"modified":"2021-12-23T09:51:08","modified_gmt":"2021-12-23T09:51:08","slug":"wange-6310-garden-coffee-house-modular-building","status":"publish","type":"product","link":"https:\/\/mouldking.store\/fr\/shop\/wange-6310-garden-coffee-house-modular-building\/","title":{"rendered":"WANGE 6310 B\u00e2timent modulaire de caf\u00e9 de jardin"},"content":{"rendered":"<div class=\"richtext_wrap\">\n<div class=\"richtext\" style=\"text-align: left;\"><span>Le b\u00e2timent modulaire WANGE 6310 Garden Coffee House appartient \u00e0 l&#039;ensemble de blocs de construction de la s\u00e9rie de mod\u00e8les avanc\u00e9s, l&#039;ensemble contient 2313 particules de blocs de construction. Premi\u00e8re sortie en 2021.<\/span><\/div>\n<div>\n<figure id=\"attachment_202033\" aria-describedby=\"caption-attachment-202033\" style=\"width: 800px\" class=\"wp-caption aligncenter\"><a href=\"https:\/\/pay.lpwstore.com\/wp-content\/uploads\/2021\/02\/WANGE-6310-Garden-Coffee-House-Modular-Building-3.jpg\" target=\"_blank\" rel=\"noopener\"><img fetchpriority=\"high\" decoding=\"async\" class=\"wp-image-202033 size-full\" title=\"WANGE 6310 B\u00e2timent modulaire de caf\u00e9 de jardin\" src=\"https:\/\/pay.lpwstore.com\/wp-content\/uploads\/2021\/02\/WANGE-6310-Garden-Coffee-House-Modular-Building-3.jpg\" alt=\"WANGE 6310 Garden Coffee House Modular Building\" width=\"800\" height=\"800\" \/><\/a><figcaption id=\"caption-attachment-202033\" class=\"wp-caption-text\">WANGE 6310 B\u00e2timent modulaire de caf\u00e9 de jardin<\/figcaption><\/figure>\n<p><img decoding=\"async\" class=\"alignnone size-full wp-image-202032 aligncenter\" src=\"https:\/\/pay.lpwstore.com\/wp-content\/uploads\/2021\/02\/WANGE-6310-Garden-Coffee-House-Modular-Building-2.jpg\" alt=\"-\" width=\"800\" height=\"800\" title=\"-\"> <img decoding=\"async\" class=\"alignnone size-full wp-image-202034 aligncenter\" src=\"https:\/\/pay.lpwstore.com\/wp-content\/uploads\/2021\/02\/WANGE-6310-Garden-Coffee-House-Modular-Building-4.jpg\" alt=\"-\" width=\"800\" height=\"800\" title=\"-\"> <img loading=\"lazy\" decoding=\"async\" class=\"alignnone size-full wp-image-202035 aligncenter\" src=\"https:\/\/pay.lpwstore.com\/wp-content\/uploads\/2021\/02\/WANGE-6310-Garden-Coffee-House-Modular-Building-5.jpg\" alt=\"-\" width=\"800\" height=\"800\" title=\"-\"> <img loading=\"lazy\" decoding=\"async\" class=\"alignnone size-full wp-image-202036 aligncenter\" src=\"https:\/\/pay.lpwstore.com\/wp-content\/uploads\/2021\/02\/WANGE-6310-Garden-Coffee-House-Modular-Building-6.jpg\" alt=\"-\" width=\"800\" height=\"800\" title=\"-\"> <img loading=\"lazy\" decoding=\"async\" class=\"alignnone size-full wp-image-202037 aligncenter\" src=\"https:\/\/pay.lpwstore.com\/wp-content\/uploads\/2021\/02\/WANGE-6310-Garden-Coffee-House-Modular-Building-7.jpg\" alt=\"-\" width=\"800\" height=\"800\" title=\"-\"> <img loading=\"lazy\" decoding=\"async\" class=\"alignnone size-full wp-image-202031 aligncenter\" src=\"https:\/\/pay.lpwstore.com\/wp-content\/uploads\/2021\/02\/WANGE-6310-Garden-Coffee-House-Modular-Building.jpg\" alt=\"-\" width=\"800\" height=\"800\" title=\"-\"><\/div>\n<\/div>","protected":false},"excerpt":{"rendered":"<ul>\n<li>Inclure\u00a0<strong>2313+<\/strong>\u00a0pi\u00e8ces<\/li>\n<li>Livre d&#039;instructions manuel<\/li>\n<li>Bloc ABS de haute qualit\u00e9<\/li>\n<li>Pas de boite d&#039;origine<\/li>\n<\/ul>","protected":false},"featured_media":17059,"comment_status":"open","ping_status":"closed","template":"","meta":{"_acf_changed":false},"product_cat":[390],"product_tag":[],"class_list":["product","first","instock","shipping-taxable","purchasable","product-type-simple"],"acf":[],"_links":{"self":[{"href":"https:\/\/mouldking.store\/fr\/wp-json\/wp\/v2\/product\/17058","targetHints":{"allow":["GET"]}}],"collection":[{"href":"https:\/\/mouldking.store\/fr\/wp-json\/wp\/v2\/product"}],"about":[{"href":"https:\/\/mouldking.store\/fr\/wp-json\/wp\/v2\/types\/product"}],"replies":[{"embeddable":true,"href":"https:\/\/mouldking.store\/fr\/wp-json\/wp\/v2\/comments?post=17058"}],"wp:featuredmedia":[{"embeddable":true,"href":"https:\/\/mouldking.store\/fr\/wp-json\/wp\/v2\/media\/17059"}],"wp:attachment":[{"href":"https:\/\/mouldking.store\/fr\/wp-json\/wp\/v2\/media?parent=17058"}],"wp:term":[{"taxonomy":"product_cat","embeddable":true,"href":"https:\/\/mouldking.store\/fr\/wp-json\/wp\/v2\/product_cat?post=17058"},{"taxonomy":"product_tag","embeddable":true,"href":"https:\/\/mouldking.store\/fr\/wp-json\/wp\/v2\/product_tag?post=17058"}],"curies":[{"name":"wp","href":"https:\/\/api.w.org\/{rel}","templated":true}]}}