{"id":17871,"date":"2021-09-28T03:52:35","date_gmt":"2021-09-28T03:52:35","guid":{"rendered":"https:\/\/mouldking.store\/product\/wange-5221-the-taipei-101-of-taiwan-1991694"},"modified":"2021-12-23T09:50:55","modified_gmt":"2021-12-23T09:50:55","slug":"wange-5221-the-taipei-101-of-taiwan","status":"publish","type":"product","link":"https:\/\/mouldking.store\/fr\/shop\/wange-5221-the-taipei-101-of-taiwan\/","title":{"rendered":"WANGE 5221 Le Taipei 101 de Ta\u00efwan"},"content":{"rendered":"<p style=\"text-align: center;\">WANGE 5221 Le Taipei 101 de Taiwan appartient \u00e0 l&#039;ensemble de blocs de construction de la s\u00e9rie mini mod\u00e8le, l&#039;ensemble contient 1511 particules de briques. Premi\u00e8re sortie en 2020.<\/p>\n<figure id=\"attachment_205785\" aria-describedby=\"caption-attachment-205785\" style=\"width: 800px\" class=\"wp-caption aligncenter\"><a href=\"https:\/\/pay.lpwstore.com\/wp-content\/uploads\/2021\/04\/WANGE-5221-The-Taipei-101-of-Taiwan.jpg\" target=\"_blank\" rel=\"noopener\"><img fetchpriority=\"high\" decoding=\"async\" class=\"wp-image-205785 size-full\" title=\"WANGE 5221 Le Taipei 101 de Ta\u00efwan\" src=\"https:\/\/pay.lpwstore.com\/wp-content\/uploads\/2021\/04\/WANGE-5221-The-Taipei-101-of-Taiwan.jpg\" alt=\"WANGE 5221 The Taipei 101 of Taiwan\" width=\"800\" height=\"800\" \/><\/a><figcaption id=\"caption-attachment-205785\" class=\"wp-caption-text\">WANGE 5221 Le Taipei 101 de Ta\u00efwan<\/figcaption><\/figure>\n<p><img decoding=\"async\" class=\"alignnone size-full wp-image-205786 aligncenter\" src=\"https:\/\/pay.lpwstore.com\/wp-content\/uploads\/2021\/04\/WANGE-5221-The-Taipei-101-of-Taiwan-2.jpg\" alt=\"-\" width=\"800\" height=\"800\" title=\"-\"> <img decoding=\"async\" class=\"alignnone size-full wp-image-205787 aligncenter\" src=\"https:\/\/pay.lpwstore.com\/wp-content\/uploads\/2021\/04\/WANGE-5221-The-Taipei-101-of-Taiwan-3.jpg\" alt=\"-\" width=\"800\" height=\"800\" title=\"-\"><\/p>","protected":false},"excerpt":{"rendered":"<ul>\n<li>Inclure\u00a0<strong>1511+<\/strong>\u00a0pi\u00e8ces<\/li>\n<li>Livre d&#039;instructions manuel<\/li>\n<li>Bloc ABS de haute qualit\u00e9<\/li>\n<\/ul>","protected":false},"featured_media":17872,"comment_status":"open","ping_status":"closed","template":"","meta":{"_acf_changed":false},"product_cat":[],"product_tag":[],"class_list":["product","first","instock","shipping-taxable","purchasable","product-type-simple"],"acf":[],"_links":{"self":[{"href":"https:\/\/mouldking.store\/fr\/wp-json\/wp\/v2\/product\/17871","targetHints":{"allow":["GET"]}}],"collection":[{"href":"https:\/\/mouldking.store\/fr\/wp-json\/wp\/v2\/product"}],"about":[{"href":"https:\/\/mouldking.store\/fr\/wp-json\/wp\/v2\/types\/product"}],"replies":[{"embeddable":true,"href":"https:\/\/mouldking.store\/fr\/wp-json\/wp\/v2\/comments?post=17871"}],"wp:featuredmedia":[{"embeddable":true,"href":"https:\/\/mouldking.store\/fr\/wp-json\/wp\/v2\/media\/17872"}],"wp:attachment":[{"href":"https:\/\/mouldking.store\/fr\/wp-json\/wp\/v2\/media?parent=17871"}],"wp:term":[{"taxonomy":"product_cat","embeddable":true,"href":"https:\/\/mouldking.store\/fr\/wp-json\/wp\/v2\/product_cat?post=17871"},{"taxonomy":"product_tag","embeddable":true,"href":"https:\/\/mouldking.store\/fr\/wp-json\/wp\/v2\/product_tag?post=17871"}],"curies":[{"name":"wp","href":"https:\/\/api.w.org\/{rel}","templated":true}]}}