{"id":18021,"date":"2021-09-28T03:54:37","date_gmt":"2021-09-28T03:54:37","guid":{"rendered":"https:\/\/mouldking.store\/product\/sembo-203016-the-sea-of-stars-yuanwang-3-survey-ship-2937951"},"modified":"2021-12-23T09:50:52","modified_gmt":"2021-12-23T09:50:52","slug":"sembo-203016-the-sea-of-%e2%80%8b%e2%80%8bstars-yuanwang-3-survey-ship","status":"publish","type":"product","link":"https:\/\/mouldking.store\/fr\/shop\/sembo-203016-the-sea-of-%e2%80%8b%e2%80%8bstars-yuanwang-3-survey-ship\/","title":{"rendered":"SEMBO 203016 La mer des \u00e9toiles : Navire d&#039;\u00e9tude Yuanwang 3"},"content":{"rendered":"<p style=\"text-align: center;\"><span>SEMBO 203016 La mer d&#039;\u00e9toiles : le navire d&#039;\u00e9tude Yuanwang 3 appartient \u00e0 l&#039;ensemble de blocs de construction de la s\u00e9rie th\u00e9matique. L&#039;ensemble contient 364 particules de blocs de construction. <\/span><span>Premi\u00e8re sortie en 2021.<\/span><\/p>\n<figure id=\"attachment_206085\" aria-describedby=\"caption-attachment-206085\" style=\"width: 800px\" class=\"wp-caption aligncenter\"><a href=\"https:\/\/pay.lpwstore.com\/wp-content\/uploads\/2021\/04\/SEMBO-203016-The-sea-of-\u200b\u200bstars-Yuanwang-3-survey-ship.jpg\" target=\"_blank\" rel=\"noopener\"><img fetchpriority=\"high\" decoding=\"async\" class=\"wp-image-206085 size-full\" title=\"SEMBO 203016 La mer des \u00e9toiles : Navire d&#039;\u00e9tude Yuanwang 3\" src=\"https:\/\/pay.lpwstore.com\/wp-content\/uploads\/2021\/04\/SEMBO-203016-The-sea-of-\u200b\u200bstars-Yuanwang-3-survey-ship.jpg\" alt=\"SEMBO 203016 The sea of \u200b\u200bstars: Yuanwang 3 survey ship\" width=\"800\" height=\"800\" \/><\/a><figcaption id=\"caption-attachment-206085\" class=\"wp-caption-text\">SEMBO 203016 La mer des \u00e9toiles : Navire d&#039;\u00e9tude Yuanwang 3<\/figcaption><\/figure>\n<p><img decoding=\"async\" class=\"alignnone size-full wp-image-206086 aligncenter\" src=\"https:\/\/pay.lpwstore.com\/wp-content\/uploads\/2021\/04\/SEMBO-203016-The-sea-of-\u200b\u200bstars-Yuanwang-3-survey-ship-2.jpg\" alt=\"-\" width=\"800\" height=\"800\" title=\"-\"> <img decoding=\"async\" class=\"alignnone size-full wp-image-206087 aligncenter\" src=\"https:\/\/pay.lpwstore.com\/wp-content\/uploads\/2021\/04\/SEMBO-203016-The-sea-of-\u200b\u200bstars-Yuanwang-3-survey-ship-3.jpg\" alt=\"-\" width=\"800\" height=\"800\" title=\"-\"><\/p>","protected":false},"excerpt":{"rendered":"<ul>\n<li>Inclure <strong>364+<\/strong> pi\u00e8ces<\/li>\n<li>Livre d&#039;instructions manuel<\/li>\n<li>Bloc ABS de haute qualit\u00e9<\/li>\n<\/ul>","protected":false},"featured_media":18022,"comment_status":"open","ping_status":"closed","template":"","meta":{"_acf_changed":false},"product_cat":[],"product_tag":[],"class_list":["product","first","instock","shipping-taxable","purchasable","product-type-simple"],"acf":[],"_links":{"self":[{"href":"https:\/\/mouldking.store\/fr\/wp-json\/wp\/v2\/product\/18021","targetHints":{"allow":["GET"]}}],"collection":[{"href":"https:\/\/mouldking.store\/fr\/wp-json\/wp\/v2\/product"}],"about":[{"href":"https:\/\/mouldking.store\/fr\/wp-json\/wp\/v2\/types\/product"}],"replies":[{"embeddable":true,"href":"https:\/\/mouldking.store\/fr\/wp-json\/wp\/v2\/comments?post=18021"}],"wp:featuredmedia":[{"embeddable":true,"href":"https:\/\/mouldking.store\/fr\/wp-json\/wp\/v2\/media\/18022"}],"wp:attachment":[{"href":"https:\/\/mouldking.store\/fr\/wp-json\/wp\/v2\/media?parent=18021"}],"wp:term":[{"taxonomy":"product_cat","embeddable":true,"href":"https:\/\/mouldking.store\/fr\/wp-json\/wp\/v2\/product_cat?post=18021"},{"taxonomy":"product_tag","embeddable":true,"href":"https:\/\/mouldking.store\/fr\/wp-json\/wp\/v2\/product_tag?post=18021"}],"curies":[{"name":"wp","href":"https:\/\/api.w.org\/{rel}","templated":true}]}}