{"id":18025,"date":"2021-09-28T03:54:40","date_gmt":"2021-09-28T03:54:40","guid":{"rendered":"https:\/\/mouldking.store\/product\/panlos-637004-admiral-class-ironclad-3082220"},"modified":"2021-12-23T09:50:52","modified_gmt":"2021-12-23T09:50:52","slug":"panlos-637004-admiral-class-ironclad","status":"publish","type":"product","link":"https:\/\/mouldking.store\/fr\/shop\/panlos-637004-admiral-class-ironclad\/","title":{"rendered":"PANLOS 637004 Ironclad de classe amiral"},"content":{"rendered":"<p>PANLOS 637004 Admiral-Class Ironclad appartient \u00e0 l&#039;ensemble de blocs de construction de la s\u00e9rie militaire, l&#039;ensemble contient 1595 particules de blocs de construction. Premi\u00e8re sortie en 2021.<\/p>\n<figure id=\"attachment_206133\" aria-describedby=\"caption-attachment-206133\" style=\"width: 800px\" class=\"wp-caption aligncenter\"><a href=\"https:\/\/pay.lpwstore.com\/wp-content\/uploads\/2021\/04\/PANLOS-637004-Admiral-Class-Ironclad.jpg\" target=\"_blank\" rel=\"noopener\"><img fetchpriority=\"high\" decoding=\"async\" class=\"wp-image-206133 size-full\" title=\"PANLOS 637004 Ironclad de classe amiral\" src=\"https:\/\/pay.lpwstore.com\/wp-content\/uploads\/2021\/04\/PANLOS-637004-Admiral-Class-Ironclad.jpg\" alt=\"PANLOS 637004 Admiral-Class Ironclad\" width=\"800\" height=\"800\" \/><\/a><figcaption id=\"caption-attachment-206133\" class=\"wp-caption-text\">PANLOS 637004 Ironclad de classe amiral<\/figcaption><\/figure>","protected":false},"excerpt":{"rendered":"<p><span style=\"font-size: 150%; color: #ff0000;\"><strong>PR\u00c9VENDRE\u00a0!<\/strong><\/span><\/p>\n<ul>\n<li>Inclure <strong>1595+<\/strong> pi\u00e8ces<\/li>\n<li>Livre d&#039;instructions manuel<\/li>\n<li>Bloc ABS de haute qualit\u00e9<\/li>\n<\/ul>","protected":false},"featured_media":18026,"comment_status":"open","ping_status":"closed","template":"","meta":{"_acf_changed":false},"product_cat":[372],"product_tag":[],"class_list":["product","first","outofstock","shipping-taxable","purchasable","product-type-simple"],"acf":[],"_links":{"self":[{"href":"https:\/\/mouldking.store\/fr\/wp-json\/wp\/v2\/product\/18025","targetHints":{"allow":["GET"]}}],"collection":[{"href":"https:\/\/mouldking.store\/fr\/wp-json\/wp\/v2\/product"}],"about":[{"href":"https:\/\/mouldking.store\/fr\/wp-json\/wp\/v2\/types\/product"}],"replies":[{"embeddable":true,"href":"https:\/\/mouldking.store\/fr\/wp-json\/wp\/v2\/comments?post=18025"}],"wp:featuredmedia":[{"embeddable":true,"href":"https:\/\/mouldking.store\/fr\/wp-json\/wp\/v2\/media\/18026"}],"wp:attachment":[{"href":"https:\/\/mouldking.store\/fr\/wp-json\/wp\/v2\/media?parent=18025"}],"wp:term":[{"taxonomy":"product_cat","embeddable":true,"href":"https:\/\/mouldking.store\/fr\/wp-json\/wp\/v2\/product_cat?post=18025"},{"taxonomy":"product_tag","embeddable":true,"href":"https:\/\/mouldking.store\/fr\/wp-json\/wp\/v2\/product_tag?post=18025"}],"curies":[{"name":"wp","href":"https:\/\/api.w.org\/{rel}","templated":true}]}}