{"id":18225,"date":"2021-09-28T03:57:29","date_gmt":"2021-09-28T03:57:29","guid":{"rendered":"https:\/\/mouldking.store\/product\/juhang-61326-king-19043-winnie-the-pooh-movie-1327441"},"modified":"2021-12-23T09:50:47","modified_gmt":"2021-12-23T09:50:47","slug":"juhang-61326-king-19043-winnie-the-pooh-movie","status":"publish","type":"product","link":"https:\/\/mouldking.store\/fr\/shop\/juhang-61326-king-19043-winnie-the-pooh-movie\/","title":{"rendered":"JUHANG 61326 KING 19043 Winnie l&#039;Ourson Film"},"content":{"rendered":"<p>JUHANG 61326 Winnie the Pooh Movie appartient \u00e0 l&#039;ensemble de blocs de construction de la s\u00e9rie moviel, l&#039;ensemble contient 1256 particules de blocs de construction. Premi\u00e8re sortie en 2021.<\/p>\n<figure id=\"attachment_207027\" aria-describedby=\"caption-attachment-207027\" style=\"width: 800px\" class=\"wp-caption aligncenter\"><a href=\"https:\/\/pay.lpwstore.com\/wp-content\/uploads\/2021\/05\/juhang-61326-winnie-the-pooh-movie-122816.jpg\" target=\"_blank\" rel=\"noopener\"><img fetchpriority=\"high\" decoding=\"async\" class=\"wp-image-207027 size-full\" title=\"JUHANG 61326 Winnie l&#039;Ourson Film\" src=\"https:\/\/pay.lpwstore.com\/wp-content\/uploads\/2021\/05\/juhang-61326-winnie-the-pooh-movie-122816.jpg\" alt=\"JUHANG 61326 Winnie the Pooh Movie\" width=\"800\" height=\"800\" \/><\/a><figcaption id=\"caption-attachment-207027\" class=\"wp-caption-text\">JUHANG 61326 Winnie l&#039;Ourson Film<\/figcaption><\/figure>\n<figure id=\"attachment_207028\" aria-describedby=\"caption-attachment-207028\" style=\"width: 800px\" class=\"wp-caption aligncenter\"><img decoding=\"async\" class=\"size-full wp-image-207028\" title=\"JUHANG 61326 Winnie l&#039;Ourson Film\" src=\"https:\/\/pay.lpwstore.com\/wp-content\/uploads\/2021\/05\/juhang-61326-winnie-the-pooh-movie-122818.jpg\" alt=\"JUHANG 61326 Winnie the Pooh Movie\" width=\"800\" height=\"800\" \/><figcaption id=\"caption-attachment-207028\" class=\"wp-caption-text\">JUHANG 61326 Winnie l&#039;Ourson Film<\/figcaption><\/figure>\n<figure id=\"attachment_207029\" aria-describedby=\"caption-attachment-207029\" style=\"width: 800px\" class=\"wp-caption aligncenter\"><a href=\"https:\/\/pay.lpwstore.com\/wp-content\/uploads\/2021\/05\/juhang-61326-winnie-the-pooh-movie-122820.jpg\" target=\"_blank\" rel=\"noopener\"><img decoding=\"async\" class=\"wp-image-207029 size-full\" title=\"JUHANG 61326 Winnie l&#039;Ourson Film\" src=\"https:\/\/pay.lpwstore.com\/wp-content\/uploads\/2021\/05\/juhang-61326-winnie-the-pooh-movie-122820.jpg\" alt=\"JUHANG 61326 Winnie the Pooh Movie\" width=\"800\" height=\"800\" \/><\/a><figcaption id=\"caption-attachment-207029\" class=\"wp-caption-text\">JUHANG 61326 Winnie l&#039;Ourson Film<\/figcaption><\/figure>\n<figure id=\"attachment_207030\" aria-describedby=\"caption-attachment-207030\" style=\"width: 800px\" class=\"wp-caption aligncenter\"><img loading=\"lazy\" decoding=\"async\" class=\"size-full wp-image-207030\" title=\"JUHANG 61326 Winnie l&#039;Ourson Film\" src=\"https:\/\/pay.lpwstore.com\/wp-content\/uploads\/2021\/05\/juhang-61326-winnie-the-pooh-movie-122822.jpg\" alt=\"JUHANG 61326 Winnie the Pooh Movie\" width=\"800\" height=\"800\" \/><figcaption id=\"caption-attachment-207030\" class=\"wp-caption-text\">JUHANG 61326 Winnie l&#039;Ourson Film<\/figcaption><\/figure>\n<figure id=\"attachment_207031\" aria-describedby=\"caption-attachment-207031\" style=\"width: 800px\" class=\"wp-caption aligncenter\"><img loading=\"lazy\" decoding=\"async\" class=\"size-full wp-image-207031\" title=\"JUHANG 61326 Winnie l&#039;Ourson Film\" src=\"https:\/\/pay.lpwstore.com\/wp-content\/uploads\/2021\/05\/juhang-61326-winnie-the-pooh-movie-122825.jpg\" alt=\"JUHANG 61326 Winnie the Pooh Movie\" width=\"800\" height=\"800\" \/><figcaption id=\"caption-attachment-207031\" class=\"wp-caption-text\">JUHANG 61326 Winnie l&#039;Ourson Film<\/figcaption><\/figure>\n<figure id=\"attachment_207032\" aria-describedby=\"caption-attachment-207032\" style=\"width: 790px\" class=\"wp-caption aligncenter\"><img loading=\"lazy\" decoding=\"async\" class=\"size-full wp-image-207032\" title=\"JUHANG 61326 Winnie l&#039;Ourson Film\" src=\"https:\/\/pay.lpwstore.com\/wp-content\/uploads\/2021\/05\/juhang-61326-winnie-the-pooh-movie-122827.jpg\" alt=\"JUHANG 61326 Winnie the Pooh Movie\" width=\"790\" height=\"1024\" \/><figcaption id=\"caption-attachment-207032\" class=\"wp-caption-text\">JUHANG 61326 Winnie l&#039;Ourson Film<\/figcaption><\/figure>","protected":false},"excerpt":{"rendered":"<ul>\n<li>Inclure <strong>1265+<\/strong> pi\u00e8ces<\/li>\n<li>Livre d&#039;instructions manuel<\/li>\n<li>Bloc ABS de haute qualit\u00e9<\/li>\n<\/ul>","protected":false},"featured_media":18226,"comment_status":"open","ping_status":"closed","template":"","meta":{"_acf_changed":false},"product_cat":[581],"product_tag":[],"class_list":["product","first","instock","shipping-taxable","purchasable","product-type-simple"],"acf":[],"_links":{"self":[{"href":"https:\/\/mouldking.store\/fr\/wp-json\/wp\/v2\/product\/18225","targetHints":{"allow":["GET"]}}],"collection":[{"href":"https:\/\/mouldking.store\/fr\/wp-json\/wp\/v2\/product"}],"about":[{"href":"https:\/\/mouldking.store\/fr\/wp-json\/wp\/v2\/types\/product"}],"replies":[{"embeddable":true,"href":"https:\/\/mouldking.store\/fr\/wp-json\/wp\/v2\/comments?post=18225"}],"wp:featuredmedia":[{"embeddable":true,"href":"https:\/\/mouldking.store\/fr\/wp-json\/wp\/v2\/media\/18226"}],"wp:attachment":[{"href":"https:\/\/mouldking.store\/fr\/wp-json\/wp\/v2\/media?parent=18225"}],"wp:term":[{"taxonomy":"product_cat","embeddable":true,"href":"https:\/\/mouldking.store\/fr\/wp-json\/wp\/v2\/product_cat?post=18225"},{"taxonomy":"product_tag","embeddable":true,"href":"https:\/\/mouldking.store\/fr\/wp-json\/wp\/v2\/product_tag?post=18225"}],"curies":[{"name":"wp","href":"https:\/\/api.w.org\/{rel}","templated":true}]}}